{"id":5092,"date":"2026-03-27T11:17:35","date_gmt":"2026-03-27T15:17:35","guid":{"rendered":"https:\/\/fortprevel.com\/acceuil-fort-prevel\/?page_id=5092"},"modified":"2026-03-27T11:20:56","modified_gmt":"2026-03-27T15:20:56","slug":"pets","status":"publish","type":"page","link":"https:\/\/fortprevel.com\/acceuil-fort-prevel\/en\/pets\/","title":{"rendered":"Pets"},"content":{"rendered":"\t\t<div data-elementor-type=\"wp-post\" data-elementor-id=\"5092\" class=\"elementor elementor-5092\">\n\t\t\t\t\t\t<section class=\"elementor-section elementor-top-section elementor-element elementor-element-5037bd8a elementor-section-height-min-height elementor-section-full_width elementor-section-height-default elementor-section-items-middle elementor-invisible\" data-id=\"5037bd8a\" data-element_type=\"section\" data-e-type=\"section\" data-settings=\"{&quot;background_background&quot;:&quot;classic&quot;,&quot;animation&quot;:&quot;fadeIn&quot;}\">\n\t\t\t\t\t\t\t<div class=\"elementor-background-overlay\"><\/div>\n\t\t\t\t\t\t\t<div class=\"elementor-container elementor-column-gap-default\">\n\t\t\t\t\t<div class=\"elementor-column elementor-col-100 elementor-top-column elementor-element elementor-element-3eed6e9e\" data-id=\"3eed6e9e\" data-element_type=\"column\" data-e-type=\"column\">\n\t\t\t<div class=\"elementor-widget-wrap elementor-element-populated\">\n\t\t\t\t\t\t<section class=\"elementor-section elementor-inner-section elementor-element elementor-element-1ec5e681 elementor-section-boxed elementor-section-height-default elementor-section-height-default\" data-id=\"1ec5e681\" data-element_type=\"section\" data-e-type=\"section\">\n\t\t\t\t\t\t<div class=\"elementor-container elementor-column-gap-default\">\n\t\t\t\t\t<div class=\"elementor-column elementor-col-100 elementor-inner-column elementor-element elementor-element-1378b567\" data-id=\"1378b567\" data-element_type=\"column\" data-e-type=\"column\">\n\t\t\t<div class=\"elementor-widget-wrap elementor-element-populated\">\n\t\t\t\t\t\t<div class=\"elementor-element elementor-element-3bdd0ce4 elementor-view-default elementor-position-top elementor-invisible elementor-widget elementor-widget-themo-header\" data-id=\"3bdd0ce4\" data-element_type=\"widget\" data-e-type=\"widget\" data-settings=\"{&quot;_animation&quot;:&quot;fadeInUp&quot;,&quot;_animation_delay&quot;:600}\" data-widget_type=\"themo-header.default\">\n\t\t\t\t<div class=\"elementor-widget-container\">\n\t\t\t\t\t\t\t<div class=\"th-header-wrap\">\r\n        <div class=\"elementor-icon-box-wrapper th-show-icon\">\r\n                            <div class=\"elementor-icon-box-icon th-icon-size-lg\">\r\n                    <span class=\"elementor-icon \">\r\n                        <i aria-hidden=\"true\" class=\"fas fa-paw\"><\/i>                    <\/span>\r\n                <\/div>\r\n                                <div class=\"elementor-icon-box-content\">\r\n                    <h1 class=\"elementor-icon-box-title\">\r\n                        Pets                    <\/h1>\r\n                                        <p class=\"elementor-icon-box-description\"><\/p>\r\n\r\n                                    <\/div>\r\n            <\/div>\r\n\r\n        <\/div>\r\n\r\n\t\t\t\t\t\t<\/div>\n\t\t\t\t<\/div>\n\t\t\t\t\t<\/div>\n\t\t<\/div>\n\t\t\t\t\t<\/div>\n\t\t<\/section>\n\t\t\t\t\t<\/div>\n\t\t<\/div>\n\t\t\t\t\t<\/div>\n\t\t<\/section>\n\t\t\t\t<section class=\"elementor-section elementor-top-section elementor-element elementor-element-4cdca706 elementor-section-boxed elementor-section-height-default elementor-section-height-default\" data-id=\"4cdca706\" data-element_type=\"section\" data-e-type=\"section\" id=\"offrehebergement\" data-settings=\"{&quot;background_background&quot;:&quot;classic&quot;}\">\n\t\t\t\t\t\t<div class=\"elementor-container elementor-column-gap-default\">\n\t\t\t\t\t<div class=\"elementor-column elementor-col-100 elementor-top-column elementor-element elementor-element-139717c0\" data-id=\"139717c0\" data-element_type=\"column\" data-e-type=\"column\">\n\t\t\t<div class=\"elementor-widget-wrap elementor-element-populated\">\n\t\t\t\t\t\t<div class=\"elementor-element elementor-element-3dc20f6 elementor-widget elementor-widget-text-editor\" data-id=\"3dc20f6\" data-element_type=\"widget\" data-e-type=\"widget\" data-widget_type=\"text-editor.default\">\n\t\t\t\t<div class=\"elementor-widget-container\">\n\t\t\t\t\t\t\t\t\t<h2 style=\"text-align: center;\"><span style=\"color: #000000;\">Travel with your four-legged companions<\/span><\/h2><p>Great news for animal lovers! Fort Pr\u00e9vel, your destination of choice for a hotel or campsite in Gasp\u00e9sie, ideally located between Perc\u00e9 and Gasp\u00e9, warmly welcomes your furry friends. Whether you&#8217;re staying in one of our sea-view cottages, our motels, or one of our campsites, make the most of the region alongside your four-legged companions. Proudly pet-friendly!<\/p>\t\t\t\t\t\t\t\t<\/div>\n\t\t\t\t<\/div>\n\t\t\t\t\t<\/div>\n\t\t<\/div>\n\t\t\t\t\t<\/div>\n\t\t<\/section>\n\t\t\t\t<section class=\"elementor-section elementor-top-section elementor-element elementor-element-5c3c7e5 elementor-section-full_width elementor-section-height-default elementor-section-height-default\" data-id=\"5c3c7e5\" data-element_type=\"section\" data-e-type=\"section\" data-settings=\"{&quot;background_background&quot;:&quot;classic&quot;}\">\n\t\t\t\t\t\t<div class=\"elementor-container elementor-column-gap-default\">\n\t\t\t\t\t<div class=\"elementor-column elementor-col-100 elementor-top-column elementor-element elementor-element-c6b8d28\" data-id=\"c6b8d28\" data-element_type=\"column\" data-e-type=\"column\">\n\t\t\t<div class=\"elementor-widget-wrap elementor-element-populated\">\n\t\t\t\t\t\t<section class=\"elementor-section elementor-inner-section elementor-element elementor-element-27503a3 elementor-section-boxed elementor-section-height-default elementor-section-height-default\" data-id=\"27503a3\" data-element_type=\"section\" data-e-type=\"section\" data-settings=\"{&quot;background_background&quot;:&quot;classic&quot;}\">\n\t\t\t\t\t\t<div class=\"elementor-container elementor-column-gap-wider\">\n\t\t\t\t\t<div class=\"elementor-column elementor-col-50 elementor-inner-column elementor-element elementor-element-906ca8b\" data-id=\"906ca8b\" data-element_type=\"column\" data-e-type=\"column\">\n\t\t\t<div class=\"elementor-widget-wrap elementor-element-populated\">\n\t\t\t\t\t\t<div class=\"elementor-element elementor-element-703bdbc elementor-view-default elementor-position-top elementor-widget elementor-widget-themo-header\" data-id=\"703bdbc\" data-element_type=\"widget\" data-e-type=\"widget\" data-widget_type=\"themo-header.default\">\n\t\t\t\t<div class=\"elementor-widget-container\">\n\t\t\t\t\t\t\t<div class=\"th-header-wrap\">\r\n        <div class=\"elementor-icon-box-wrapper \">\r\n                            <div class=\"elementor-icon-box-content\">\r\n                    <h2 class=\"elementor-icon-box-title\">\r\n                        Policies                    <\/h2>\r\n                                            <span class=\"th-header-divider\"><\/span>\r\n                                        <p class=\"elementor-icon-box-description\"><\/p>\r\n\r\n                                    <\/div>\r\n            <\/div>\r\n\r\n        <\/div>\r\n\r\n\t\t\t\t\t\t<\/div>\n\t\t\t\t<\/div>\n\t\t\t\t<div class=\"elementor-element elementor-element-81c5f04 elementor-widget elementor-widget-text-editor\" data-id=\"81c5f04\" data-element_type=\"widget\" data-e-type=\"widget\" data-widget_type=\"text-editor.default\">\n\t\t\t\t<div class=\"elementor-widget-container\">\n\t\t\t\t\t\t\t\t\t<p>While we are happy to welcome your pets in most of our accommodations, we invite you to review our policies to ensure a pleasant and safe stay for everyone.<\/p><ul><li>Pets are accepted in cottages and motels for an additional fee of $50, plus applicable taxes, per stay.<\/li><li>A maximum of 2 pets per accommodation is accepted.<\/li><li>Pets are not permitted in glamping units (pr\u00eats-\u00e0-camper), Pavillon rooms, or Auberge rooms.<\/li><li>Pets are accepted at the campsite at no additional charge.<\/li><li>You are responsible for your pet&#8217;s behaviour throughout your stay. Please ensure that your pet does not disturb other guests and that any waste is promptly cleaned up.<\/li><li>Your pet must be kept on a leash at all times when outdoors and in public areas.<\/li><\/ul>\t\t\t\t\t\t\t\t<\/div>\n\t\t\t\t<\/div>\n\t\t\t\t\t<\/div>\n\t\t<\/div>\n\t\t\t\t<div class=\"elementor-column elementor-col-50 elementor-inner-column elementor-element elementor-element-3216778\" data-id=\"3216778\" data-element_type=\"column\" data-e-type=\"column\">\n\t\t\t<div class=\"elementor-widget-wrap elementor-element-populated\">\n\t\t\t\t\t\t<div class=\"elementor-element elementor-element-d16aa42 elementor-pagination-position-inside elementor-arrows-position-inside elementor-invisible elementor-widget elementor-widget-image-carousel\" data-id=\"d16aa42\" data-element_type=\"widget\" data-e-type=\"widget\" data-settings=\"{&quot;slides_to_show&quot;:&quot;1&quot;,&quot;slides_to_show_tablet&quot;:&quot;1&quot;,&quot;_animation&quot;:&quot;slideInRight&quot;,&quot;navigation&quot;:&quot;both&quot;,&quot;autoplay&quot;:&quot;yes&quot;,&quot;pause_on_hover&quot;:&quot;yes&quot;,&quot;pause_on_interaction&quot;:&quot;yes&quot;,&quot;autoplay_speed&quot;:5000,&quot;infinite&quot;:&quot;yes&quot;,&quot;effect&quot;:&quot;slide&quot;,&quot;speed&quot;:500}\" data-widget_type=\"image-carousel.default\">\n\t\t\t\t<div class=\"elementor-widget-container\">\n\t\t\t\t\t\t\t<div class=\"elementor-image-carousel-wrapper swiper\" role=\"region\" aria-roledescription=\"carousel\" aria-label=\"Carrousel d\u2019images\" dir=\"ltr\">\n\t\t\t<div class=\"elementor-image-carousel swiper-wrapper swiper-image-stretch\" aria-live=\"off\">\n\t\t\t\t\t\t\t\t<div class=\"swiper-slide\" role=\"group\" aria-roledescription=\"slide\" aria-label=\"1 of 1\"><figure class=\"swiper-slide-inner\"><img decoding=\"async\" class=\"swiper-slide-image lazyload\" data-src=\"https:\/\/fortprevel.com\/wp-content\/uploads\/2026\/03\/fort-prevel-animaux-de-compagnie.jpg\" alt=\"fort-prevel-animaux-de-compagnie\" src=\"data:image\/svg+xml;base64,PHN2ZyB3aWR0aD0iMSIgaGVpZ2h0PSIxIiB4bWxucz0iaHR0cDovL3d3dy53My5vcmcvMjAwMC9zdmciPjwvc3ZnPg==\" style=\"--smush-placeholder-width: 605px; --smush-placeholder-aspect-ratio: 605\/605;\" \/><\/figure><\/div>\t\t\t<\/div>\n\t\t\t\t\t<\/div>\n\t\t\t\t\t\t<\/div>\n\t\t\t\t<\/div>\n\t\t\t\t\t<\/div>\n\t\t<\/div>\n\t\t\t\t\t<\/div>\n\t\t<\/section>\n\t\t\t\t\t<\/div>\n\t\t<\/div>\n\t\t\t\t\t<\/div>\n\t\t<\/section>\n\t\t\t\t<\/div>\n\t\t","protected":false},"excerpt":{"rendered":"<p>Pets Travel with your four-legged companions Great news for animal lovers! Fort Pr\u00e9vel, your destination of choice for a hotel or campsite in Gasp\u00e9sie, ideally located between Perc\u00e9 and Gasp\u00e9, warmly welcomes your furry friends. Whether you&#8217;re staying in one &hellip; <a href=\"https:\/\/fortprevel.com\/acceuil-fort-prevel\/en\/pets\/\">Read More<\/a><\/p>\n","protected":false},"author":3,"featured_media":5083,"parent":0,"menu_order":27,"comment_status":"closed","ping_status":"closed","template":"","meta":{"footnotes":""},"class_list":["post-5092","page","type-page","status-publish","has-post-thumbnail","hentry"],"yoast_head":"<!-- This site is optimized with the Yoast SEO plugin v26.8 - https:\/\/yoast.com\/product\/yoast-seo-wordpress\/ -->\n<title>Pets - Fort-Pr\u00e9vel - Camping, H\u00e9bergement &amp; Golf<\/title>\n<meta name=\"description\" content=\"We welcome pets at Fort Pr\u00e9vel, Gasp\u00e9sie. Find out more about our policies for a stay with your 4-legged friend.\" \/>\n<meta name=\"robots\" content=\"index, follow, max-snippet:-1, max-image-preview:large, max-video-preview:-1\" \/>\n<link rel=\"canonical\" href=\"https:\/\/fortprevel.com\/acceuil-fort-prevel\/animaux-de-compagnie\/\" \/>\n<meta property=\"og:locale\" content=\"fr_FR\" \/>\n<meta property=\"og:type\" content=\"article\" \/>\n<meta property=\"og:title\" content=\"Pets - Fort-Pr\u00e9vel - Camping, H\u00e9bergement &amp; Golf\" \/>\n<meta property=\"og:description\" content=\"We welcome pets at Fort Pr\u00e9vel, Gasp\u00e9sie. Find out more about our policies for a stay with your 4-legged friend.\" \/>\n<meta property=\"og:url\" content=\"https:\/\/fortprevel.com\/acceuil-fort-prevel\/animaux-de-compagnie\/\" \/>\n<meta property=\"og:site_name\" content=\"Fort-Pr\u00e9vel - Camping, H\u00e9bergement &amp; Golf\" \/>\n<meta property=\"article:modified_time\" content=\"2026-03-27T15:20:56+00:00\" \/>\n<meta property=\"og:image\" content=\"https:\/\/fortprevel.com\/wp-content\/uploads\/2026\/03\/fort-prevel-animaux-compagnie.jpg\" \/>\n\t<meta property=\"og:image:width\" content=\"2000\" \/>\n\t<meta property=\"og:image:height\" content=\"1200\" \/>\n\t<meta property=\"og:image:type\" content=\"image\/jpeg\" \/>\n<meta name=\"twitter:card\" content=\"summary_large_image\" \/>\n<meta name=\"twitter:label1\" content=\"Dur\u00e9e de lecture estim\u00e9e\" \/>\n\t<meta name=\"twitter:data1\" content=\"2 minutes\" \/>\n<script type=\"application\/ld+json\" class=\"yoast-schema-graph\">{\"@context\":\"https:\/\/schema.org\",\"@graph\":[{\"@type\":\"WebPage\",\"@id\":\"https:\/\/fortprevel.com\/acceuil-fort-prevel\/animaux-de-compagnie\/\",\"url\":\"https:\/\/fortprevel.com\/acceuil-fort-prevel\/animaux-de-compagnie\/\",\"name\":\"Pets - Fort-Pr\u00e9vel - Camping, H\u00e9bergement &amp; Golf\",\"isPartOf\":{\"@id\":\"https:\/\/fortprevel.com\/acceuil-fort-prevel\/#website\"},\"primaryImageOfPage\":{\"@id\":\"https:\/\/fortprevel.com\/acceuil-fort-prevel\/animaux-de-compagnie\/#primaryimage\"},\"image\":{\"@id\":\"https:\/\/fortprevel.com\/acceuil-fort-prevel\/animaux-de-compagnie\/#primaryimage\"},\"thumbnailUrl\":\"https:\/\/fortprevel.com\/wp-content\/uploads\/2026\/03\/fort-prevel-animaux-compagnie.jpg\",\"datePublished\":\"2026-03-27T15:17:35+00:00\",\"dateModified\":\"2026-03-27T15:20:56+00:00\",\"description\":\"We welcome pets at Fort Pr\u00e9vel, Gasp\u00e9sie. Find out more about our policies for a stay with your 4-legged friend.\",\"breadcrumb\":{\"@id\":\"https:\/\/fortprevel.com\/acceuil-fort-prevel\/animaux-de-compagnie\/#breadcrumb\"},\"inLanguage\":\"fr-FR\",\"potentialAction\":[{\"@type\":\"ReadAction\",\"target\":[\"https:\/\/fortprevel.com\/acceuil-fort-prevel\/animaux-de-compagnie\/\"]}]},{\"@type\":\"ImageObject\",\"inLanguage\":\"fr-FR\",\"@id\":\"https:\/\/fortprevel.com\/acceuil-fort-prevel\/animaux-de-compagnie\/#primaryimage\",\"url\":\"https:\/\/fortprevel.com\/wp-content\/uploads\/2026\/03\/fort-prevel-animaux-compagnie.jpg\",\"contentUrl\":\"https:\/\/fortprevel.com\/wp-content\/uploads\/2026\/03\/fort-prevel-animaux-compagnie.jpg\",\"width\":2000,\"height\":1200},{\"@type\":\"BreadcrumbList\",\"@id\":\"https:\/\/fortprevel.com\/acceuil-fort-prevel\/animaux-de-compagnie\/#breadcrumb\",\"itemListElement\":[{\"@type\":\"ListItem\",\"position\":1,\"name\":\"Accueil\",\"item\":\"https:\/\/fortprevel.com\/acceuil-fort-prevel\/\"},{\"@type\":\"ListItem\",\"position\":2,\"name\":\"Pets\"}]},{\"@type\":\"WebSite\",\"@id\":\"https:\/\/fortprevel.com\/acceuil-fort-prevel\/#website\",\"url\":\"https:\/\/fortprevel.com\/acceuil-fort-prevel\/\",\"name\":\"Fort-Pr\u00e9vel - Camping, H\u00e9bergement &amp; Golf\",\"description\":\"Camping, h\u00e9bergement &amp; Golf\",\"publisher\":{\"@id\":\"https:\/\/fortprevel.com\/acceuil-fort-prevel\/#organization\"},\"potentialAction\":[{\"@type\":\"SearchAction\",\"target\":{\"@type\":\"EntryPoint\",\"urlTemplate\":\"https:\/\/fortprevel.com\/acceuil-fort-prevel\/?s={search_term_string}\"},\"query-input\":{\"@type\":\"PropertyValueSpecification\",\"valueRequired\":true,\"valueName\":\"search_term_string\"}}],\"inLanguage\":\"fr-FR\"},{\"@type\":\"Organization\",\"@id\":\"https:\/\/fortprevel.com\/acceuil-fort-prevel\/#organization\",\"name\":\"Fort-Pr\u00e9vel - Camping, H\u00e9bergement &amp; Golf\",\"url\":\"https:\/\/fortprevel.com\/acceuil-fort-prevel\/\",\"logo\":{\"@type\":\"ImageObject\",\"inLanguage\":\"fr-FR\",\"@id\":\"https:\/\/fortprevel.com\/acceuil-fort-prevel\/#\/schema\/logo\/image\/\",\"url\":\"https:\/\/fortprevel.com\/wp-content\/uploads\/2023\/09\/cropped-logo-Fort-prevel-2.png\",\"contentUrl\":\"https:\/\/fortprevel.com\/wp-content\/uploads\/2023\/09\/cropped-logo-Fort-prevel-2.png\",\"width\":500,\"height\":417,\"caption\":\"Fort-Pr\u00e9vel - Camping, H\u00e9bergement &amp; Golf\"},\"image\":{\"@id\":\"https:\/\/fortprevel.com\/acceuil-fort-prevel\/#\/schema\/logo\/image\/\"}}]}<\/script>\n<!-- \/ Yoast SEO plugin. -->","yoast_head_json":{"title":"Pets - Fort-Pr\u00e9vel - Camping, H\u00e9bergement &amp; Golf","description":"We welcome pets at Fort Pr\u00e9vel, Gasp\u00e9sie. Find out more about our policies for a stay with your 4-legged friend.","robots":{"index":"index","follow":"follow","max-snippet":"max-snippet:-1","max-image-preview":"max-image-preview:large","max-video-preview":"max-video-preview:-1"},"canonical":"https:\/\/fortprevel.com\/acceuil-fort-prevel\/animaux-de-compagnie\/","og_locale":"fr_FR","og_type":"article","og_title":"Pets - Fort-Pr\u00e9vel - Camping, H\u00e9bergement &amp; Golf","og_description":"We welcome pets at Fort Pr\u00e9vel, Gasp\u00e9sie. Find out more about our policies for a stay with your 4-legged friend.","og_url":"https:\/\/fortprevel.com\/acceuil-fort-prevel\/animaux-de-compagnie\/","og_site_name":"Fort-Pr\u00e9vel - Camping, H\u00e9bergement &amp; Golf","article_modified_time":"2026-03-27T15:20:56+00:00","og_image":[{"width":2000,"height":1200,"url":"https:\/\/fortprevel.com\/wp-content\/uploads\/2026\/03\/fort-prevel-animaux-compagnie.jpg","type":"image\/jpeg"}],"twitter_card":"summary_large_image","twitter_misc":{"Dur\u00e9e de lecture estim\u00e9e":"2 minutes"},"schema":{"@context":"https:\/\/schema.org","@graph":[{"@type":"WebPage","@id":"https:\/\/fortprevel.com\/acceuil-fort-prevel\/animaux-de-compagnie\/","url":"https:\/\/fortprevel.com\/acceuil-fort-prevel\/animaux-de-compagnie\/","name":"Pets - Fort-Pr\u00e9vel - Camping, H\u00e9bergement &amp; Golf","isPartOf":{"@id":"https:\/\/fortprevel.com\/acceuil-fort-prevel\/#website"},"primaryImageOfPage":{"@id":"https:\/\/fortprevel.com\/acceuil-fort-prevel\/animaux-de-compagnie\/#primaryimage"},"image":{"@id":"https:\/\/fortprevel.com\/acceuil-fort-prevel\/animaux-de-compagnie\/#primaryimage"},"thumbnailUrl":"https:\/\/fortprevel.com\/wp-content\/uploads\/2026\/03\/fort-prevel-animaux-compagnie.jpg","datePublished":"2026-03-27T15:17:35+00:00","dateModified":"2026-03-27T15:20:56+00:00","description":"We welcome pets at Fort Pr\u00e9vel, Gasp\u00e9sie. Find out more about our policies for a stay with your 4-legged friend.","breadcrumb":{"@id":"https:\/\/fortprevel.com\/acceuil-fort-prevel\/animaux-de-compagnie\/#breadcrumb"},"inLanguage":"fr-FR","potentialAction":[{"@type":"ReadAction","target":["https:\/\/fortprevel.com\/acceuil-fort-prevel\/animaux-de-compagnie\/"]}]},{"@type":"ImageObject","inLanguage":"fr-FR","@id":"https:\/\/fortprevel.com\/acceuil-fort-prevel\/animaux-de-compagnie\/#primaryimage","url":"https:\/\/fortprevel.com\/wp-content\/uploads\/2026\/03\/fort-prevel-animaux-compagnie.jpg","contentUrl":"https:\/\/fortprevel.com\/wp-content\/uploads\/2026\/03\/fort-prevel-animaux-compagnie.jpg","width":2000,"height":1200},{"@type":"BreadcrumbList","@id":"https:\/\/fortprevel.com\/acceuil-fort-prevel\/animaux-de-compagnie\/#breadcrumb","itemListElement":[{"@type":"ListItem","position":1,"name":"Accueil","item":"https:\/\/fortprevel.com\/acceuil-fort-prevel\/"},{"@type":"ListItem","position":2,"name":"Pets"}]},{"@type":"WebSite","@id":"https:\/\/fortprevel.com\/acceuil-fort-prevel\/#website","url":"https:\/\/fortprevel.com\/acceuil-fort-prevel\/","name":"Fort-Pr\u00e9vel - Camping, H\u00e9bergement &amp; Golf","description":"Camping, h\u00e9bergement &amp; Golf","publisher":{"@id":"https:\/\/fortprevel.com\/acceuil-fort-prevel\/#organization"},"potentialAction":[{"@type":"SearchAction","target":{"@type":"EntryPoint","urlTemplate":"https:\/\/fortprevel.com\/acceuil-fort-prevel\/?s={search_term_string}"},"query-input":{"@type":"PropertyValueSpecification","valueRequired":true,"valueName":"search_term_string"}}],"inLanguage":"fr-FR"},{"@type":"Organization","@id":"https:\/\/fortprevel.com\/acceuil-fort-prevel\/#organization","name":"Fort-Pr\u00e9vel - Camping, H\u00e9bergement &amp; Golf","url":"https:\/\/fortprevel.com\/acceuil-fort-prevel\/","logo":{"@type":"ImageObject","inLanguage":"fr-FR","@id":"https:\/\/fortprevel.com\/acceuil-fort-prevel\/#\/schema\/logo\/image\/","url":"https:\/\/fortprevel.com\/wp-content\/uploads\/2023\/09\/cropped-logo-Fort-prevel-2.png","contentUrl":"https:\/\/fortprevel.com\/wp-content\/uploads\/2023\/09\/cropped-logo-Fort-prevel-2.png","width":500,"height":417,"caption":"Fort-Pr\u00e9vel - Camping, H\u00e9bergement &amp; Golf"},"image":{"@id":"https:\/\/fortprevel.com\/acceuil-fort-prevel\/#\/schema\/logo\/image\/"}}]}},"_links":{"self":[{"href":"https:\/\/fortprevel.com\/acceuil-fort-prevel\/wp-json\/wp\/v2\/pages\/5092","targetHints":{"allow":["GET"]}}],"collection":[{"href":"https:\/\/fortprevel.com\/acceuil-fort-prevel\/wp-json\/wp\/v2\/pages"}],"about":[{"href":"https:\/\/fortprevel.com\/acceuil-fort-prevel\/wp-json\/wp\/v2\/types\/page"}],"author":[{"embeddable":true,"href":"https:\/\/fortprevel.com\/acceuil-fort-prevel\/wp-json\/wp\/v2\/users\/3"}],"replies":[{"embeddable":true,"href":"https:\/\/fortprevel.com\/acceuil-fort-prevel\/wp-json\/wp\/v2\/comments?post=5092"}],"version-history":[{"count":4,"href":"https:\/\/fortprevel.com\/acceuil-fort-prevel\/wp-json\/wp\/v2\/pages\/5092\/revisions"}],"predecessor-version":[{"id":5096,"href":"https:\/\/fortprevel.com\/acceuil-fort-prevel\/wp-json\/wp\/v2\/pages\/5092\/revisions\/5096"}],"wp:featuredmedia":[{"embeddable":true,"href":"https:\/\/fortprevel.com\/acceuil-fort-prevel\/wp-json\/wp\/v2\/media\/5083"}],"wp:attachment":[{"href":"https:\/\/fortprevel.com\/acceuil-fort-prevel\/wp-json\/wp\/v2\/media?parent=5092"}],"curies":[{"name":"wp","href":"https:\/\/api.w.org\/{rel}","templated":true}]}}