{"id":5053,"date":"2026-03-27T10:50:30","date_gmt":"2026-03-27T14:50:30","guid":{"rendered":"https:\/\/fortprevel.com\/acceuil-fort-prevel\/?page_id=5053"},"modified":"2026-03-27T11:14:43","modified_gmt":"2026-03-27T15:14:43","slug":"animaux-de-compagnie","status":"publish","type":"page","link":"https:\/\/fortprevel.com\/acceuil-fort-prevel\/animaux-de-compagnie\/","title":{"rendered":"Animaux de compagnie"},"content":{"rendered":"\t\t<div data-elementor-type=\"wp-post\" data-elementor-id=\"5053\" class=\"elementor elementor-5053\">\n\t\t\t\t\t\t<section class=\"elementor-section elementor-top-section elementor-element elementor-element-5037bd8a elementor-section-height-min-height elementor-section-full_width elementor-section-height-default elementor-section-items-middle elementor-invisible\" data-id=\"5037bd8a\" data-element_type=\"section\" data-e-type=\"section\" data-settings=\"{&quot;background_background&quot;:&quot;classic&quot;,&quot;animation&quot;:&quot;fadeIn&quot;}\">\n\t\t\t\t\t\t\t<div class=\"elementor-background-overlay\"><\/div>\n\t\t\t\t\t\t\t<div class=\"elementor-container elementor-column-gap-default\">\n\t\t\t\t\t<div class=\"elementor-column elementor-col-100 elementor-top-column elementor-element elementor-element-3eed6e9e\" data-id=\"3eed6e9e\" data-element_type=\"column\" data-e-type=\"column\">\n\t\t\t<div class=\"elementor-widget-wrap elementor-element-populated\">\n\t\t\t\t\t\t<section class=\"elementor-section elementor-inner-section elementor-element elementor-element-1ec5e681 elementor-section-boxed elementor-section-height-default elementor-section-height-default\" data-id=\"1ec5e681\" data-element_type=\"section\" data-e-type=\"section\">\n\t\t\t\t\t\t<div class=\"elementor-container elementor-column-gap-default\">\n\t\t\t\t\t<div class=\"elementor-column elementor-col-100 elementor-inner-column elementor-element elementor-element-1378b567\" data-id=\"1378b567\" data-element_type=\"column\" data-e-type=\"column\">\n\t\t\t<div class=\"elementor-widget-wrap elementor-element-populated\">\n\t\t\t\t\t\t<div class=\"elementor-element elementor-element-3bdd0ce4 elementor-view-default elementor-position-top elementor-invisible elementor-widget elementor-widget-themo-header\" data-id=\"3bdd0ce4\" data-element_type=\"widget\" data-e-type=\"widget\" data-settings=\"{&quot;_animation&quot;:&quot;fadeInUp&quot;,&quot;_animation_delay&quot;:600}\" data-widget_type=\"themo-header.default\">\n\t\t\t\t<div class=\"elementor-widget-container\">\n\t\t\t\t\t\t\t<div class=\"th-header-wrap\">\r\n        <div class=\"elementor-icon-box-wrapper th-show-icon\">\r\n                            <div class=\"elementor-icon-box-icon th-icon-size-lg\">\r\n                    <span class=\"elementor-icon \">\r\n                        <i aria-hidden=\"true\" class=\"fas fa-paw\"><\/i>                    <\/span>\r\n                <\/div>\r\n                                <div class=\"elementor-icon-box-content\">\r\n                    <h1 class=\"elementor-icon-box-title\">\r\n                        Animaux de compagnie                    <\/h1>\r\n                                        <p class=\"elementor-icon-box-description\"><\/p>\r\n\r\n                                    <\/div>\r\n            <\/div>\r\n\r\n        <\/div>\r\n\r\n\t\t\t\t\t\t<\/div>\n\t\t\t\t<\/div>\n\t\t\t\t\t<\/div>\n\t\t<\/div>\n\t\t\t\t\t<\/div>\n\t\t<\/section>\n\t\t\t\t\t<\/div>\n\t\t<\/div>\n\t\t\t\t\t<\/div>\n\t\t<\/section>\n\t\t\t\t<section class=\"elementor-section elementor-top-section elementor-element elementor-element-4cdca706 elementor-section-boxed elementor-section-height-default elementor-section-height-default\" data-id=\"4cdca706\" data-element_type=\"section\" data-e-type=\"section\" id=\"offrehebergement\" data-settings=\"{&quot;background_background&quot;:&quot;classic&quot;}\">\n\t\t\t\t\t\t<div class=\"elementor-container elementor-column-gap-default\">\n\t\t\t\t\t<div class=\"elementor-column elementor-col-100 elementor-top-column elementor-element elementor-element-139717c0\" data-id=\"139717c0\" data-element_type=\"column\" data-e-type=\"column\">\n\t\t\t<div class=\"elementor-widget-wrap elementor-element-populated\">\n\t\t\t\t\t\t<div class=\"elementor-element elementor-element-3dc20f6 elementor-widget elementor-widget-text-editor\" data-id=\"3dc20f6\" data-element_type=\"widget\" data-e-type=\"widget\" data-widget_type=\"text-editor.default\">\n\t\t\t\t<div class=\"elementor-widget-container\">\n\t\t\t\t\t\t\t\t\t<h2 style=\"text-align: center;\"><span style=\"color: #000000;\">Voyagez avec vos compagnons \u00e0 quatre pattes<\/span><\/h2><p>Bonne nouvelle pour les amoureux des animaux ! Fort Pr\u00e9vel, votre destination de choix pour un h\u00f4tel en Gasp\u00e9sie ou un camping en Gasp\u00e9sie, situ\u00e9 id\u00e9alement entre Perc\u00e9 et Gasp\u00e9, accueille vos fid\u00e8les compagnons \u00e0 quatre pattes. Que vous s\u00e9journiez dans l&#8217;un de nos chalets avec vue sur mer, dans nos motels ou sur l&#8217;un de nos terrains de camping, profitez pleinement de la r\u00e9gion en compagnie de vos chiens accept\u00e9s au sein de notre \u00e9tablissement. Fi\u00e8rement pet-friendly !<\/p>\t\t\t\t\t\t\t\t<\/div>\n\t\t\t\t<\/div>\n\t\t\t\t\t<\/div>\n\t\t<\/div>\n\t\t\t\t\t<\/div>\n\t\t<\/section>\n\t\t\t\t<section class=\"elementor-section elementor-top-section elementor-element elementor-element-5c3c7e5 elementor-section-full_width elementor-section-height-default elementor-section-height-default\" data-id=\"5c3c7e5\" data-element_type=\"section\" data-e-type=\"section\" data-settings=\"{&quot;background_background&quot;:&quot;classic&quot;}\">\n\t\t\t\t\t\t<div class=\"elementor-container elementor-column-gap-default\">\n\t\t\t\t\t<div class=\"elementor-column elementor-col-100 elementor-top-column elementor-element elementor-element-c6b8d28\" data-id=\"c6b8d28\" data-element_type=\"column\" data-e-type=\"column\">\n\t\t\t<div class=\"elementor-widget-wrap elementor-element-populated\">\n\t\t\t\t\t\t<section class=\"elementor-section elementor-inner-section elementor-element elementor-element-27503a3 elementor-section-boxed elementor-section-height-default elementor-section-height-default\" data-id=\"27503a3\" data-element_type=\"section\" data-e-type=\"section\" data-settings=\"{&quot;background_background&quot;:&quot;classic&quot;}\">\n\t\t\t\t\t\t<div class=\"elementor-container elementor-column-gap-wider\">\n\t\t\t\t\t<div class=\"elementor-column elementor-col-50 elementor-inner-column elementor-element elementor-element-906ca8b\" data-id=\"906ca8b\" data-element_type=\"column\" data-e-type=\"column\">\n\t\t\t<div class=\"elementor-widget-wrap elementor-element-populated\">\n\t\t\t\t\t\t<div class=\"elementor-element elementor-element-703bdbc elementor-view-default elementor-position-top elementor-widget elementor-widget-themo-header\" data-id=\"703bdbc\" data-element_type=\"widget\" data-e-type=\"widget\" data-widget_type=\"themo-header.default\">\n\t\t\t\t<div class=\"elementor-widget-container\">\n\t\t\t\t\t\t\t<div class=\"th-header-wrap\">\r\n        <div class=\"elementor-icon-box-wrapper \">\r\n                            <div class=\"elementor-icon-box-content\">\r\n                    <h2 class=\"elementor-icon-box-title\">\r\n                        Politiques                    <\/h2>\r\n                                            <span class=\"th-header-divider\"><\/span>\r\n                                        <p class=\"elementor-icon-box-description\"><\/p>\r\n\r\n                                    <\/div>\r\n            <\/div>\r\n\r\n        <\/div>\r\n\r\n\t\t\t\t\t\t<\/div>\n\t\t\t\t<\/div>\n\t\t\t\t<div class=\"elementor-element elementor-element-81c5f04 elementor-widget elementor-widget-text-editor\" data-id=\"81c5f04\" data-element_type=\"widget\" data-e-type=\"widget\" data-widget_type=\"text-editor.default\">\n\t\t\t\t<div class=\"elementor-widget-container\">\n\t\t\t\t\t\t\t\t\t<p>Bien que nous acceptions avec plaisir vos animaux dans la plupart de nos h\u00e9bergements, nous vous invitons \u00e0 prendre connaissance de nos politiques, pour un s\u00e9jour agr\u00e9able et s\u00e9curitaire pour tous.<\/p><ul><li>Les animaux de compagnie sont accept\u00e9s dans les chalets et les motels, moyennant des frais suppl\u00e9mentaires de 50 $, plus les taxes applicables, par s\u00e9jour.<\/li><li>Un maximum de 2 animaux par h\u00e9bergement est accept\u00e9.<\/li><li>Les animaux de compagnie ne sont pas accept\u00e9s dans les pr\u00eats-\u00e0-camper, les chambres du Pavillon et les chambres de l&#8217;Auberge.<\/li><li>Les animaux de compagnie sont accept\u00e9s sans frais suppl\u00e9mentaires au camping.<\/li><li>Vous \u00eates responsable du comportement de votre animal durant votre s\u00e9jour. Veuillez vous assurer qu&#8217;il ne d\u00e9range pas les autres clients et que ses excr\u00e9ments soient ramass\u00e9s.<\/li><li>Votre animal doit toujours \u00eatre en laisse \u00e0 l&#8217;ext\u00e9rieur et dans les endroits publics.<\/li><\/ul>\t\t\t\t\t\t\t\t<\/div>\n\t\t\t\t<\/div>\n\t\t\t\t\t<\/div>\n\t\t<\/div>\n\t\t\t\t<div class=\"elementor-column elementor-col-50 elementor-inner-column elementor-element elementor-element-3216778\" data-id=\"3216778\" data-element_type=\"column\" data-e-type=\"column\">\n\t\t\t<div class=\"elementor-widget-wrap elementor-element-populated\">\n\t\t\t\t\t\t<div class=\"elementor-element elementor-element-d16aa42 elementor-pagination-position-inside elementor-arrows-position-inside elementor-invisible elementor-widget elementor-widget-image-carousel\" data-id=\"d16aa42\" data-element_type=\"widget\" data-e-type=\"widget\" data-settings=\"{&quot;slides_to_show&quot;:&quot;1&quot;,&quot;slides_to_show_tablet&quot;:&quot;1&quot;,&quot;_animation&quot;:&quot;slideInRight&quot;,&quot;navigation&quot;:&quot;both&quot;,&quot;autoplay&quot;:&quot;yes&quot;,&quot;pause_on_hover&quot;:&quot;yes&quot;,&quot;pause_on_interaction&quot;:&quot;yes&quot;,&quot;autoplay_speed&quot;:5000,&quot;infinite&quot;:&quot;yes&quot;,&quot;effect&quot;:&quot;slide&quot;,&quot;speed&quot;:500}\" data-widget_type=\"image-carousel.default\">\n\t\t\t\t<div class=\"elementor-widget-container\">\n\t\t\t\t\t\t\t<div class=\"elementor-image-carousel-wrapper swiper\" role=\"region\" aria-roledescription=\"carousel\" aria-label=\"Carrousel d\u2019images\" dir=\"ltr\">\n\t\t\t<div class=\"elementor-image-carousel swiper-wrapper swiper-image-stretch\" aria-live=\"off\">\n\t\t\t\t\t\t\t\t<div class=\"swiper-slide\" role=\"group\" aria-roledescription=\"slide\" aria-label=\"1 sur 1\"><figure class=\"swiper-slide-inner\"><img decoding=\"async\" class=\"swiper-slide-image lazyload\" data-src=\"https:\/\/fortprevel.com\/wp-content\/uploads\/2026\/03\/fort-prevel-animaux-de-compagnie.jpg\" alt=\"fort-prevel-animaux-de-compagnie\" src=\"data:image\/svg+xml;base64,PHN2ZyB3aWR0aD0iMSIgaGVpZ2h0PSIxIiB4bWxucz0iaHR0cDovL3d3dy53My5vcmcvMjAwMC9zdmciPjwvc3ZnPg==\" style=\"--smush-placeholder-width: 605px; --smush-placeholder-aspect-ratio: 605\/605;\" \/><\/figure><\/div>\t\t\t<\/div>\n\t\t\t\t\t<\/div>\n\t\t\t\t\t\t<\/div>\n\t\t\t\t<\/div>\n\t\t\t\t\t<\/div>\n\t\t<\/div>\n\t\t\t\t\t<\/div>\n\t\t<\/section>\n\t\t\t\t\t<\/div>\n\t\t<\/div>\n\t\t\t\t\t<\/div>\n\t\t<\/section>\n\t\t\t\t<\/div>\n\t\t","protected":false},"excerpt":{"rendered":"<p>Animaux de compagnie Voyagez avec vos compagnons \u00e0 quatre pattes Bonne nouvelle pour les amoureux des animaux ! Fort Pr\u00e9vel, votre destination de choix pour un h\u00f4tel en Gasp\u00e9sie ou un camping en Gasp\u00e9sie, situ\u00e9 id\u00e9alement entre Perc\u00e9 et Gasp\u00e9, &hellip; <a href=\"https:\/\/fortprevel.com\/acceuil-fort-prevel\/animaux-de-compagnie\/\">Read More<\/a><\/p>\n","protected":false},"author":3,"featured_media":5083,"parent":0,"menu_order":27,"comment_status":"closed","ping_status":"closed","template":"","meta":{"footnotes":""},"class_list":["post-5053","page","type-page","status-publish","has-post-thumbnail","hentry"],"yoast_head":"<!-- This site is optimized with the Yoast SEO plugin v26.8 - https:\/\/yoast.com\/product\/yoast-seo-wordpress\/ -->\n<title>Animaux de compagnie Fort-Pr\u00e9vel - Camping, H\u00e9bergement &amp; Golf Fort-Pr\u00e9vel H\u00e9bergement,auberge<\/title>\n<meta name=\"description\" content=\"Les animaux de compagnie sont accept\u00e9s \u00e0 Fort Pr\u00e9vel. D\u00e9couvrez-en plus sur nos politiques pour un s\u00e9jour avec votre compagnon poilu.\" \/>\n<meta name=\"robots\" content=\"index, follow, max-snippet:-1, max-image-preview:large, max-video-preview:-1\" \/>\n<link rel=\"canonical\" href=\"https:\/\/fortprevel.com\/acceuil-fort-prevel\/animaux-de-compagnie\/\" \/>\n<meta property=\"og:locale\" content=\"fr_FR\" \/>\n<meta property=\"og:type\" content=\"article\" \/>\n<meta property=\"og:title\" content=\"Animaux de compagnie Fort-Pr\u00e9vel - Camping, H\u00e9bergement &amp; Golf Fort-Pr\u00e9vel H\u00e9bergement,auberge\" \/>\n<meta property=\"og:description\" content=\"Les animaux de compagnie sont accept\u00e9s \u00e0 Fort Pr\u00e9vel. D\u00e9couvrez-en plus sur nos politiques pour un s\u00e9jour avec votre compagnon poilu.\" \/>\n<meta property=\"og:url\" content=\"https:\/\/fortprevel.com\/acceuil-fort-prevel\/animaux-de-compagnie\/\" \/>\n<meta property=\"og:site_name\" content=\"Fort-Pr\u00e9vel - Camping, H\u00e9bergement &amp; Golf\" \/>\n<meta property=\"article:modified_time\" content=\"2026-03-27T15:14:43+00:00\" \/>\n<meta property=\"og:image\" content=\"https:\/\/fortprevel.com\/wp-content\/uploads\/2026\/03\/fort-prevel-animaux-compagnie.jpg\" \/>\n\t<meta property=\"og:image:width\" content=\"2000\" \/>\n\t<meta property=\"og:image:height\" content=\"1200\" \/>\n\t<meta property=\"og:image:type\" content=\"image\/jpeg\" \/>\n<meta name=\"twitter:card\" content=\"summary_large_image\" \/>\n<meta name=\"twitter:label1\" content=\"Dur\u00e9e de lecture estim\u00e9e\" \/>\n\t<meta name=\"twitter:data1\" content=\"2 minutes\" \/>\n<script type=\"application\/ld+json\" class=\"yoast-schema-graph\">{\"@context\":\"https:\/\/schema.org\",\"@graph\":[{\"@type\":\"WebPage\",\"@id\":\"https:\/\/fortprevel.com\/acceuil-fort-prevel\/animaux-de-compagnie\/\",\"url\":\"https:\/\/fortprevel.com\/acceuil-fort-prevel\/animaux-de-compagnie\/\",\"name\":\"Animaux de compagnie Fort-Pr\u00e9vel - Camping, H\u00e9bergement &amp; Golf Fort-Pr\u00e9vel H\u00e9bergement,auberge\",\"isPartOf\":{\"@id\":\"https:\/\/fortprevel.com\/acceuil-fort-prevel\/#website\"},\"primaryImageOfPage\":{\"@id\":\"https:\/\/fortprevel.com\/acceuil-fort-prevel\/animaux-de-compagnie\/#primaryimage\"},\"image\":{\"@id\":\"https:\/\/fortprevel.com\/acceuil-fort-prevel\/animaux-de-compagnie\/#primaryimage\"},\"thumbnailUrl\":\"https:\/\/fortprevel.com\/wp-content\/uploads\/2026\/03\/fort-prevel-animaux-compagnie.jpg\",\"datePublished\":\"2026-03-27T14:50:30+00:00\",\"dateModified\":\"2026-03-27T15:14:43+00:00\",\"description\":\"Les animaux de compagnie sont accept\u00e9s \u00e0 Fort Pr\u00e9vel. D\u00e9couvrez-en plus sur nos politiques pour un s\u00e9jour avec votre compagnon poilu.\",\"breadcrumb\":{\"@id\":\"https:\/\/fortprevel.com\/acceuil-fort-prevel\/animaux-de-compagnie\/#breadcrumb\"},\"inLanguage\":\"fr-FR\",\"potentialAction\":[{\"@type\":\"ReadAction\",\"target\":[\"https:\/\/fortprevel.com\/acceuil-fort-prevel\/animaux-de-compagnie\/\"]}]},{\"@type\":\"ImageObject\",\"inLanguage\":\"fr-FR\",\"@id\":\"https:\/\/fortprevel.com\/acceuil-fort-prevel\/animaux-de-compagnie\/#primaryimage\",\"url\":\"https:\/\/fortprevel.com\/wp-content\/uploads\/2026\/03\/fort-prevel-animaux-compagnie.jpg\",\"contentUrl\":\"https:\/\/fortprevel.com\/wp-content\/uploads\/2026\/03\/fort-prevel-animaux-compagnie.jpg\",\"width\":2000,\"height\":1200},{\"@type\":\"BreadcrumbList\",\"@id\":\"https:\/\/fortprevel.com\/acceuil-fort-prevel\/animaux-de-compagnie\/#breadcrumb\",\"itemListElement\":[{\"@type\":\"ListItem\",\"position\":1,\"name\":\"Accueil\",\"item\":\"https:\/\/fortprevel.com\/acceuil-fort-prevel\/\"},{\"@type\":\"ListItem\",\"position\":2,\"name\":\"Animaux de compagnie\"}]},{\"@type\":\"WebSite\",\"@id\":\"https:\/\/fortprevel.com\/acceuil-fort-prevel\/#website\",\"url\":\"https:\/\/fortprevel.com\/acceuil-fort-prevel\/\",\"name\":\"Fort-Pr\u00e9vel - Camping, H\u00e9bergement &amp; Golf\",\"description\":\"Camping, h\u00e9bergement &amp; Golf\",\"publisher\":{\"@id\":\"https:\/\/fortprevel.com\/acceuil-fort-prevel\/#organization\"},\"potentialAction\":[{\"@type\":\"SearchAction\",\"target\":{\"@type\":\"EntryPoint\",\"urlTemplate\":\"https:\/\/fortprevel.com\/acceuil-fort-prevel\/?s={search_term_string}\"},\"query-input\":{\"@type\":\"PropertyValueSpecification\",\"valueRequired\":true,\"valueName\":\"search_term_string\"}}],\"inLanguage\":\"fr-FR\"},{\"@type\":\"Organization\",\"@id\":\"https:\/\/fortprevel.com\/acceuil-fort-prevel\/#organization\",\"name\":\"Fort-Pr\u00e9vel - Camping, H\u00e9bergement &amp; Golf\",\"url\":\"https:\/\/fortprevel.com\/acceuil-fort-prevel\/\",\"logo\":{\"@type\":\"ImageObject\",\"inLanguage\":\"fr-FR\",\"@id\":\"https:\/\/fortprevel.com\/acceuil-fort-prevel\/#\/schema\/logo\/image\/\",\"url\":\"https:\/\/fortprevel.com\/wp-content\/uploads\/2023\/09\/cropped-logo-Fort-prevel-2.png\",\"contentUrl\":\"https:\/\/fortprevel.com\/wp-content\/uploads\/2023\/09\/cropped-logo-Fort-prevel-2.png\",\"width\":500,\"height\":417,\"caption\":\"Fort-Pr\u00e9vel - Camping, H\u00e9bergement &amp; Golf\"},\"image\":{\"@id\":\"https:\/\/fortprevel.com\/acceuil-fort-prevel\/#\/schema\/logo\/image\/\"}}]}<\/script>\n<!-- \/ Yoast SEO plugin. -->","yoast_head_json":{"title":"Animaux de compagnie Fort-Pr\u00e9vel - Camping, H\u00e9bergement &amp; Golf Fort-Pr\u00e9vel H\u00e9bergement,auberge","description":"Les animaux de compagnie sont accept\u00e9s \u00e0 Fort Pr\u00e9vel. D\u00e9couvrez-en plus sur nos politiques pour un s\u00e9jour avec votre compagnon poilu.","robots":{"index":"index","follow":"follow","max-snippet":"max-snippet:-1","max-image-preview":"max-image-preview:large","max-video-preview":"max-video-preview:-1"},"canonical":"https:\/\/fortprevel.com\/acceuil-fort-prevel\/animaux-de-compagnie\/","og_locale":"fr_FR","og_type":"article","og_title":"Animaux de compagnie Fort-Pr\u00e9vel - Camping, H\u00e9bergement &amp; Golf Fort-Pr\u00e9vel H\u00e9bergement,auberge","og_description":"Les animaux de compagnie sont accept\u00e9s \u00e0 Fort Pr\u00e9vel. D\u00e9couvrez-en plus sur nos politiques pour un s\u00e9jour avec votre compagnon poilu.","og_url":"https:\/\/fortprevel.com\/acceuil-fort-prevel\/animaux-de-compagnie\/","og_site_name":"Fort-Pr\u00e9vel - Camping, H\u00e9bergement &amp; Golf","article_modified_time":"2026-03-27T15:14:43+00:00","og_image":[{"width":2000,"height":1200,"url":"https:\/\/fortprevel.com\/wp-content\/uploads\/2026\/03\/fort-prevel-animaux-compagnie.jpg","type":"image\/jpeg"}],"twitter_card":"summary_large_image","twitter_misc":{"Dur\u00e9e de lecture estim\u00e9e":"2 minutes"},"schema":{"@context":"https:\/\/schema.org","@graph":[{"@type":"WebPage","@id":"https:\/\/fortprevel.com\/acceuil-fort-prevel\/animaux-de-compagnie\/","url":"https:\/\/fortprevel.com\/acceuil-fort-prevel\/animaux-de-compagnie\/","name":"Animaux de compagnie Fort-Pr\u00e9vel - Camping, H\u00e9bergement &amp; Golf Fort-Pr\u00e9vel H\u00e9bergement,auberge","isPartOf":{"@id":"https:\/\/fortprevel.com\/acceuil-fort-prevel\/#website"},"primaryImageOfPage":{"@id":"https:\/\/fortprevel.com\/acceuil-fort-prevel\/animaux-de-compagnie\/#primaryimage"},"image":{"@id":"https:\/\/fortprevel.com\/acceuil-fort-prevel\/animaux-de-compagnie\/#primaryimage"},"thumbnailUrl":"https:\/\/fortprevel.com\/wp-content\/uploads\/2026\/03\/fort-prevel-animaux-compagnie.jpg","datePublished":"2026-03-27T14:50:30+00:00","dateModified":"2026-03-27T15:14:43+00:00","description":"Les animaux de compagnie sont accept\u00e9s \u00e0 Fort Pr\u00e9vel. D\u00e9couvrez-en plus sur nos politiques pour un s\u00e9jour avec votre compagnon poilu.","breadcrumb":{"@id":"https:\/\/fortprevel.com\/acceuil-fort-prevel\/animaux-de-compagnie\/#breadcrumb"},"inLanguage":"fr-FR","potentialAction":[{"@type":"ReadAction","target":["https:\/\/fortprevel.com\/acceuil-fort-prevel\/animaux-de-compagnie\/"]}]},{"@type":"ImageObject","inLanguage":"fr-FR","@id":"https:\/\/fortprevel.com\/acceuil-fort-prevel\/animaux-de-compagnie\/#primaryimage","url":"https:\/\/fortprevel.com\/wp-content\/uploads\/2026\/03\/fort-prevel-animaux-compagnie.jpg","contentUrl":"https:\/\/fortprevel.com\/wp-content\/uploads\/2026\/03\/fort-prevel-animaux-compagnie.jpg","width":2000,"height":1200},{"@type":"BreadcrumbList","@id":"https:\/\/fortprevel.com\/acceuil-fort-prevel\/animaux-de-compagnie\/#breadcrumb","itemListElement":[{"@type":"ListItem","position":1,"name":"Accueil","item":"https:\/\/fortprevel.com\/acceuil-fort-prevel\/"},{"@type":"ListItem","position":2,"name":"Animaux de compagnie"}]},{"@type":"WebSite","@id":"https:\/\/fortprevel.com\/acceuil-fort-prevel\/#website","url":"https:\/\/fortprevel.com\/acceuil-fort-prevel\/","name":"Fort-Pr\u00e9vel - Camping, H\u00e9bergement &amp; Golf","description":"Camping, h\u00e9bergement &amp; Golf","publisher":{"@id":"https:\/\/fortprevel.com\/acceuil-fort-prevel\/#organization"},"potentialAction":[{"@type":"SearchAction","target":{"@type":"EntryPoint","urlTemplate":"https:\/\/fortprevel.com\/acceuil-fort-prevel\/?s={search_term_string}"},"query-input":{"@type":"PropertyValueSpecification","valueRequired":true,"valueName":"search_term_string"}}],"inLanguage":"fr-FR"},{"@type":"Organization","@id":"https:\/\/fortprevel.com\/acceuil-fort-prevel\/#organization","name":"Fort-Pr\u00e9vel - Camping, H\u00e9bergement &amp; Golf","url":"https:\/\/fortprevel.com\/acceuil-fort-prevel\/","logo":{"@type":"ImageObject","inLanguage":"fr-FR","@id":"https:\/\/fortprevel.com\/acceuil-fort-prevel\/#\/schema\/logo\/image\/","url":"https:\/\/fortprevel.com\/wp-content\/uploads\/2023\/09\/cropped-logo-Fort-prevel-2.png","contentUrl":"https:\/\/fortprevel.com\/wp-content\/uploads\/2023\/09\/cropped-logo-Fort-prevel-2.png","width":500,"height":417,"caption":"Fort-Pr\u00e9vel - Camping, H\u00e9bergement &amp; Golf"},"image":{"@id":"https:\/\/fortprevel.com\/acceuil-fort-prevel\/#\/schema\/logo\/image\/"}}]}},"_links":{"self":[{"href":"https:\/\/fortprevel.com\/acceuil-fort-prevel\/wp-json\/wp\/v2\/pages\/5053","targetHints":{"allow":["GET"]}}],"collection":[{"href":"https:\/\/fortprevel.com\/acceuil-fort-prevel\/wp-json\/wp\/v2\/pages"}],"about":[{"href":"https:\/\/fortprevel.com\/acceuil-fort-prevel\/wp-json\/wp\/v2\/types\/page"}],"author":[{"embeddable":true,"href":"https:\/\/fortprevel.com\/acceuil-fort-prevel\/wp-json\/wp\/v2\/users\/3"}],"replies":[{"embeddable":true,"href":"https:\/\/fortprevel.com\/acceuil-fort-prevel\/wp-json\/wp\/v2\/comments?post=5053"}],"version-history":[{"count":30,"href":"https:\/\/fortprevel.com\/acceuil-fort-prevel\/wp-json\/wp\/v2\/pages\/5053\/revisions"}],"predecessor-version":[{"id":5091,"href":"https:\/\/fortprevel.com\/acceuil-fort-prevel\/wp-json\/wp\/v2\/pages\/5053\/revisions\/5091"}],"wp:featuredmedia":[{"embeddable":true,"href":"https:\/\/fortprevel.com\/acceuil-fort-prevel\/wp-json\/wp\/v2\/media\/5083"}],"wp:attachment":[{"href":"https:\/\/fortprevel.com\/acceuil-fort-prevel\/wp-json\/wp\/v2\/media?parent=5053"}],"curies":[{"name":"wp","href":"https:\/\/api.w.org\/{rel}","templated":true}]}}