{"id":4869,"date":"2026-03-05T12:09:02","date_gmt":"2026-03-05T17:09:02","guid":{"rendered":"https:\/\/fortprevel.com\/acceuil-fort-prevel\/?page_id=4869"},"modified":"2026-03-11T14:13:37","modified_gmt":"2026-03-11T18:13:37","slug":"terms-and-conditions","status":"publish","type":"page","link":"https:\/\/fortprevel.com\/acceuil-fort-prevel\/en\/terms-and-conditions\/","title":{"rendered":"Terms and conditions"},"content":{"rendered":"\t\t<div data-elementor-type=\"wp-page\" data-elementor-id=\"4869\" class=\"elementor elementor-4869\">\n\t\t\t\t\t\t<section class=\"elementor-section elementor-top-section elementor-element elementor-element-277f4446 elementor-section-boxed elementor-section-height-default elementor-section-height-default\" data-id=\"277f4446\" data-element_type=\"section\" data-e-type=\"section\">\n\t\t\t\t\t\t<div class=\"elementor-container elementor-column-gap-default\">\n\t\t\t\t\t<div class=\"elementor-column elementor-col-100 elementor-top-column elementor-element elementor-element-5f3a6301\" data-id=\"5f3a6301\" data-element_type=\"column\" data-e-type=\"column\">\n\t\t\t<div class=\"elementor-widget-wrap elementor-element-populated\">\n\t\t\t\t\t\t<div class=\"elementor-element elementor-element-7b374d8c elementor-widget__width-initial elementor-widget elementor-widget-text-editor\" data-id=\"7b374d8c\" data-element_type=\"widget\" data-e-type=\"widget\" data-widget_type=\"text-editor.default\">\n\t\t\t\t<div class=\"elementor-widget-container\">\n\t\t\t\t\t\t\t\t\t<h5>GENERAL RULES AND INFORMATION<\/h5><p>\u2022<span lang=\"EN-CA\">Free parking is available on-site.<br \/><\/span><span lang=\"EN-CA\">\u2022 WIFI is offered complimentary throughout the property.<br \/><\/span><span lang=\"EN-CA\">\u2022 The establishment is entirely non-smoking.<br \/><\/span><span lang=\"EN-CA\">\u2022 Children under 18 must be accompanied by an adult.<br \/><\/span><span lang=\"EN-CA\">\u2022 Children under 18 stay for free when sharing a room with an adult.<br \/><\/span><span lang=\"EN-CA\">\u2022 Additional fees may apply for extra adults.<br \/><\/span><span lang=\"EN-CA\">\u2022 All reservations must be guaranteed with a valid credit card.<br \/>\u2022 A 2-night minimum stay is required for all cottages and ready-to-camp accommodations.<br \/><\/span><\/p><h5>\u00a0<\/h5><h5>CHECK-IN AND CHECK-OUT TIMES<\/h5><p><em>Check-in and check-out times vary depending on the type of accommodation.<\/em><\/p><p><strong>Camping<\/strong><\/p><p>Check-in time is 1:00 PM.<br \/>Check-out time is 11:00 AM.<\/p><div class=\"scriptor-paragraph\"><strong><span lang=\"EN-CA\">Cottages \/ Motel \/ Pavilion or Inn \/ Ready-to-camp<\/span><\/strong><\/div><p>Check-in time is 4:00 PM.<br \/>Check-out time is 11:00 AM.<\/p><h5>\u00a0<\/h5><h5>PET POLICY<\/h5><p>\u2022 Pets are not accepted in ready-to-camp units, Pavilion rooms, and Inn rooms.<br \/>\u2022 Pets are accepted at no additional charge at the campground.<br \/>\u2022 Pets are accepted in cottages and motels for an additional fee of $50, plus applicable taxes, per stay. A maximum of 2 pets per accommodation is accepted.<br \/>\u2022 You are responsible for your pet&#8217;s behavior during your stay. Please ensure it does not disturb other guests and that its waste is picked up.<br \/>\u2022 Your pet must always be on a leash outdoors and in public areas.<\/p><h5>\u00a0<\/h5><h5>ACCESS TO FACILITIES<\/h5><p>Fort Pr\u00e9vel guests enjoy complimentary access to the heated outdoor pool and guided tours of the World War II fortifications. Please note that these services are available during high season only.<\/p><p>These facilities are also accessible to the public at the following rates:<\/p><p><strong>Heated outdoor pool (2-hour session)<\/strong><br \/>\u2022 6 to 17 years old: $8<br \/>\u2022 18 years and over: $13<\/p><p><strong>Guided tour of the fortifications<\/strong><br \/>\u2022 6 to 17 years old: $5<br \/>\u2022 Student: $15<br \/>\u2022 Adult: $18<br \/>\u2022 Veteran: $10<br \/>\u2022 65 years and over: $12<br \/>\u2022 Family of 4: $40<br \/>\u2022 Golf Member: $5<\/p><h5>\u00a0<\/h5><h5>CANCELLATION POLICIES \u2013 ACCOMMODATIONS AND CAMPING<\/h5><p><strong>Hotel and Motel<\/strong><br \/>To cancel without charge, please notify us at least 48 hours in advance. If cancellation occurs less than 48 hours before your arrival, a fee equivalent to one night&#8217;s stay, plus applicable taxes, will be charged to your credit card.<\/p><p><strong>Cottages and Ready-to-camp<\/strong><br \/>\u2022 To cancel without charge, please notify us at least 7 days before the start of your stay.<br \/>\u2022 If cancellation occurs between 7 days and 48 hours before your arrival, a fee of 50% of the total reservation amount, plus applicable taxes, will be charged to your credit card. For stays of 2 nights or less, a fee equivalent to one night&#8217;s stay, plus applicable taxes, will be charged.<br \/>\u2022 Any cancellation made less than 48 hours before the start of the stay will result in charging the full amount of your reservation, plus applicable taxes.<br \/>\u2022 Security deposit: An amount of $250 will be temporarily charged to your credit card as a security deposit. This amount will be released within 48 hours following your departure, subject to a satisfactory inspection of the premises (no breakage, damage, or violation of regulations).<\/p><p><strong>Camping<\/strong><br \/>Full payment of your camping reservation, including applicable taxes, is required at the time of booking.<br \/>A full refund will be granted if you cancel your stay at least 7 days before the scheduled date. No refund will be issued for cancellations made less than 7 days before your arrival.<\/p><p><b>Packages<\/b><br \/>The applicable cancellation policy corresponds to the type of accommodation selected. In case of cancellation, only accommodation fees will be charged according to the policy in effect. Golf, cart, and breakfast portions will not be charged.<\/p>\t\t\t\t\t\t\t\t<\/div>\n\t\t\t\t<\/div>\n\t\t\t\t\t<\/div>\n\t\t<\/div>\n\t\t\t\t\t<\/div>\n\t\t<\/section>\n\t\t\t\t<\/div>\n\t\t","protected":false},"excerpt":{"rendered":"<p>GENERAL RULES AND INFORMATION \u2022Free parking is available on-site.\u2022 WIFI is offered complimentary throughout the property.\u2022 The establishment is entirely non-smoking.\u2022 Children under 18 must be accompanied by an adult.\u2022 Children under 18 stay for free when sharing a room &hellip; <a href=\"https:\/\/fortprevel.com\/acceuil-fort-prevel\/en\/terms-and-conditions\/\">Read More<\/a><\/p>\n","protected":false},"author":3,"featured_media":0,"parent":0,"menu_order":12,"comment_status":"closed","ping_status":"closed","template":"","meta":{"footnotes":""},"class_list":["post-4869","page","type-page","status-publish","hentry"],"yoast_head":"<!-- This site is optimized with the Yoast SEO plugin v26.8 - https:\/\/yoast.com\/product\/yoast-seo-wordpress\/ -->\n<title>Terms and conditions - Fort-Pr\u00e9vel - Camping, H\u00e9bergement &amp; Golf<\/title>\n<meta name=\"description\" content=\"Consult here the terms and conditions, general rules and policies for lodging, camping and golf of Fort Pr\u00e9vel.\" \/>\n<meta name=\"robots\" content=\"index, follow, max-snippet:-1, max-image-preview:large, max-video-preview:-1\" \/>\n<link rel=\"canonical\" href=\"https:\/\/fortprevel.com\/acceuil-fort-prevel\/termes-conditions\/\" \/>\n<meta property=\"og:locale\" content=\"fr_FR\" \/>\n<meta property=\"og:type\" content=\"article\" \/>\n<meta property=\"og:title\" content=\"Terms and conditions - Fort-Pr\u00e9vel - Camping, H\u00e9bergement &amp; Golf\" \/>\n<meta property=\"og:description\" content=\"Consult here the terms and conditions, general rules and policies for lodging, camping and golf of Fort Pr\u00e9vel.\" \/>\n<meta property=\"og:url\" content=\"https:\/\/fortprevel.com\/acceuil-fort-prevel\/termes-conditions\/\" \/>\n<meta property=\"og:site_name\" content=\"Fort-Pr\u00e9vel - Camping, H\u00e9bergement &amp; Golf\" \/>\n<meta property=\"article:modified_time\" content=\"2026-03-11T18:13:37+00:00\" \/>\n<meta name=\"twitter:card\" content=\"summary_large_image\" \/>\n<meta name=\"twitter:label1\" content=\"Dur\u00e9e de lecture estim\u00e9e\" \/>\n\t<meta name=\"twitter:data1\" content=\"4 minutes\" \/>\n<script type=\"application\/ld+json\" class=\"yoast-schema-graph\">{\"@context\":\"https:\/\/schema.org\",\"@graph\":[{\"@type\":\"WebPage\",\"@id\":\"https:\/\/fortprevel.com\/acceuil-fort-prevel\/termes-conditions\/\",\"url\":\"https:\/\/fortprevel.com\/acceuil-fort-prevel\/termes-conditions\/\",\"name\":\"Terms and conditions - Fort-Pr\u00e9vel - Camping, H\u00e9bergement &amp; Golf\",\"isPartOf\":{\"@id\":\"https:\/\/fortprevel.com\/acceuil-fort-prevel\/#website\"},\"datePublished\":\"2026-03-05T17:09:02+00:00\",\"dateModified\":\"2026-03-11T18:13:37+00:00\",\"description\":\"Consult here the terms and conditions, general rules and policies for lodging, camping and golf of Fort Pr\u00e9vel.\",\"breadcrumb\":{\"@id\":\"https:\/\/fortprevel.com\/acceuil-fort-prevel\/termes-conditions\/#breadcrumb\"},\"inLanguage\":\"fr-FR\",\"potentialAction\":[{\"@type\":\"ReadAction\",\"target\":[\"https:\/\/fortprevel.com\/acceuil-fort-prevel\/termes-conditions\/\"]}]},{\"@type\":\"BreadcrumbList\",\"@id\":\"https:\/\/fortprevel.com\/acceuil-fort-prevel\/termes-conditions\/#breadcrumb\",\"itemListElement\":[{\"@type\":\"ListItem\",\"position\":1,\"name\":\"Accueil\",\"item\":\"https:\/\/fortprevel.com\/acceuil-fort-prevel\/\"},{\"@type\":\"ListItem\",\"position\":2,\"name\":\"Terms and conditions\"}]},{\"@type\":\"WebSite\",\"@id\":\"https:\/\/fortprevel.com\/acceuil-fort-prevel\/#website\",\"url\":\"https:\/\/fortprevel.com\/acceuil-fort-prevel\/\",\"name\":\"Fort-Pr\u00e9vel - Camping, H\u00e9bergement &amp; Golf\",\"description\":\"Camping, h\u00e9bergement &amp; Golf\",\"publisher\":{\"@id\":\"https:\/\/fortprevel.com\/acceuil-fort-prevel\/#organization\"},\"potentialAction\":[{\"@type\":\"SearchAction\",\"target\":{\"@type\":\"EntryPoint\",\"urlTemplate\":\"https:\/\/fortprevel.com\/acceuil-fort-prevel\/?s={search_term_string}\"},\"query-input\":{\"@type\":\"PropertyValueSpecification\",\"valueRequired\":true,\"valueName\":\"search_term_string\"}}],\"inLanguage\":\"fr-FR\"},{\"@type\":\"Organization\",\"@id\":\"https:\/\/fortprevel.com\/acceuil-fort-prevel\/#organization\",\"name\":\"Fort-Pr\u00e9vel - Camping, H\u00e9bergement &amp; Golf\",\"url\":\"https:\/\/fortprevel.com\/acceuil-fort-prevel\/\",\"logo\":{\"@type\":\"ImageObject\",\"inLanguage\":\"fr-FR\",\"@id\":\"https:\/\/fortprevel.com\/acceuil-fort-prevel\/#\/schema\/logo\/image\/\",\"url\":\"https:\/\/fortprevel.com\/wp-content\/uploads\/2023\/09\/cropped-logo-Fort-prevel-2.png\",\"contentUrl\":\"https:\/\/fortprevel.com\/wp-content\/uploads\/2023\/09\/cropped-logo-Fort-prevel-2.png\",\"width\":500,\"height\":417,\"caption\":\"Fort-Pr\u00e9vel - Camping, H\u00e9bergement &amp; Golf\"},\"image\":{\"@id\":\"https:\/\/fortprevel.com\/acceuil-fort-prevel\/#\/schema\/logo\/image\/\"}}]}<\/script>\n<!-- \/ Yoast SEO plugin. -->","yoast_head_json":{"title":"Terms and conditions - Fort-Pr\u00e9vel - Camping, H\u00e9bergement &amp; Golf","description":"Consult here the terms and conditions, general rules and policies for lodging, camping and golf of Fort Pr\u00e9vel.","robots":{"index":"index","follow":"follow","max-snippet":"max-snippet:-1","max-image-preview":"max-image-preview:large","max-video-preview":"max-video-preview:-1"},"canonical":"https:\/\/fortprevel.com\/acceuil-fort-prevel\/termes-conditions\/","og_locale":"fr_FR","og_type":"article","og_title":"Terms and conditions - Fort-Pr\u00e9vel - Camping, H\u00e9bergement &amp; Golf","og_description":"Consult here the terms and conditions, general rules and policies for lodging, camping and golf of Fort Pr\u00e9vel.","og_url":"https:\/\/fortprevel.com\/acceuil-fort-prevel\/termes-conditions\/","og_site_name":"Fort-Pr\u00e9vel - Camping, H\u00e9bergement &amp; Golf","article_modified_time":"2026-03-11T18:13:37+00:00","twitter_card":"summary_large_image","twitter_misc":{"Dur\u00e9e de lecture estim\u00e9e":"4 minutes"},"schema":{"@context":"https:\/\/schema.org","@graph":[{"@type":"WebPage","@id":"https:\/\/fortprevel.com\/acceuil-fort-prevel\/termes-conditions\/","url":"https:\/\/fortprevel.com\/acceuil-fort-prevel\/termes-conditions\/","name":"Terms and conditions - Fort-Pr\u00e9vel - Camping, H\u00e9bergement &amp; Golf","isPartOf":{"@id":"https:\/\/fortprevel.com\/acceuil-fort-prevel\/#website"},"datePublished":"2026-03-05T17:09:02+00:00","dateModified":"2026-03-11T18:13:37+00:00","description":"Consult here the terms and conditions, general rules and policies for lodging, camping and golf of Fort Pr\u00e9vel.","breadcrumb":{"@id":"https:\/\/fortprevel.com\/acceuil-fort-prevel\/termes-conditions\/#breadcrumb"},"inLanguage":"fr-FR","potentialAction":[{"@type":"ReadAction","target":["https:\/\/fortprevel.com\/acceuil-fort-prevel\/termes-conditions\/"]}]},{"@type":"BreadcrumbList","@id":"https:\/\/fortprevel.com\/acceuil-fort-prevel\/termes-conditions\/#breadcrumb","itemListElement":[{"@type":"ListItem","position":1,"name":"Accueil","item":"https:\/\/fortprevel.com\/acceuil-fort-prevel\/"},{"@type":"ListItem","position":2,"name":"Terms and conditions"}]},{"@type":"WebSite","@id":"https:\/\/fortprevel.com\/acceuil-fort-prevel\/#website","url":"https:\/\/fortprevel.com\/acceuil-fort-prevel\/","name":"Fort-Pr\u00e9vel - Camping, H\u00e9bergement &amp; Golf","description":"Camping, h\u00e9bergement &amp; Golf","publisher":{"@id":"https:\/\/fortprevel.com\/acceuil-fort-prevel\/#organization"},"potentialAction":[{"@type":"SearchAction","target":{"@type":"EntryPoint","urlTemplate":"https:\/\/fortprevel.com\/acceuil-fort-prevel\/?s={search_term_string}"},"query-input":{"@type":"PropertyValueSpecification","valueRequired":true,"valueName":"search_term_string"}}],"inLanguage":"fr-FR"},{"@type":"Organization","@id":"https:\/\/fortprevel.com\/acceuil-fort-prevel\/#organization","name":"Fort-Pr\u00e9vel - Camping, H\u00e9bergement &amp; Golf","url":"https:\/\/fortprevel.com\/acceuil-fort-prevel\/","logo":{"@type":"ImageObject","inLanguage":"fr-FR","@id":"https:\/\/fortprevel.com\/acceuil-fort-prevel\/#\/schema\/logo\/image\/","url":"https:\/\/fortprevel.com\/wp-content\/uploads\/2023\/09\/cropped-logo-Fort-prevel-2.png","contentUrl":"https:\/\/fortprevel.com\/wp-content\/uploads\/2023\/09\/cropped-logo-Fort-prevel-2.png","width":500,"height":417,"caption":"Fort-Pr\u00e9vel - Camping, H\u00e9bergement &amp; Golf"},"image":{"@id":"https:\/\/fortprevel.com\/acceuil-fort-prevel\/#\/schema\/logo\/image\/"}}]}},"_links":{"self":[{"href":"https:\/\/fortprevel.com\/acceuil-fort-prevel\/wp-json\/wp\/v2\/pages\/4869","targetHints":{"allow":["GET"]}}],"collection":[{"href":"https:\/\/fortprevel.com\/acceuil-fort-prevel\/wp-json\/wp\/v2\/pages"}],"about":[{"href":"https:\/\/fortprevel.com\/acceuil-fort-prevel\/wp-json\/wp\/v2\/types\/page"}],"author":[{"embeddable":true,"href":"https:\/\/fortprevel.com\/acceuil-fort-prevel\/wp-json\/wp\/v2\/users\/3"}],"replies":[{"embeddable":true,"href":"https:\/\/fortprevel.com\/acceuil-fort-prevel\/wp-json\/wp\/v2\/comments?post=4869"}],"version-history":[{"count":11,"href":"https:\/\/fortprevel.com\/acceuil-fort-prevel\/wp-json\/wp\/v2\/pages\/4869\/revisions"}],"predecessor-version":[{"id":4950,"href":"https:\/\/fortprevel.com\/acceuil-fort-prevel\/wp-json\/wp\/v2\/pages\/4869\/revisions\/4950"}],"wp:attachment":[{"href":"https:\/\/fortprevel.com\/acceuil-fort-prevel\/wp-json\/wp\/v2\/media?parent=4869"}],"curies":[{"name":"wp","href":"https:\/\/api.w.org\/{rel}","templated":true}]}}