{"id":4114,"date":"2025-12-11T09:41:27","date_gmt":"2025-12-11T14:41:27","guid":{"rendered":"https:\/\/fortprevel.com\/acceuil-fort-prevel\/?page_id=4114"},"modified":"2026-03-02T10:31:51","modified_gmt":"2026-03-02T15:31:51","slug":"emplois","status":"publish","type":"page","link":"https:\/\/fortprevel.com\/acceuil-fort-prevel\/emplois\/","title":{"rendered":"Emplois"},"content":{"rendered":"\t\t<div data-elementor-type=\"wp-post\" data-elementor-id=\"4114\" class=\"elementor elementor-4114\">\n\t\t\t\t\t\t<section class=\"elementor-section elementor-top-section elementor-element elementor-element-12f633f7 elementor-section-full_width elementor-section-height-min-height elementor-section-height-default elementor-section-items-middle\" data-id=\"12f633f7\" data-element_type=\"section\" data-e-type=\"section\" data-settings=\"{&quot;background_background&quot;:&quot;classic&quot;}\">\n\t\t\t\t\t\t\t<div class=\"elementor-background-overlay\"><\/div>\n\t\t\t\t\t\t\t<div class=\"elementor-container elementor-column-gap-default\">\n\t\t\t\t\t<div class=\"elementor-column elementor-col-100 elementor-top-column elementor-element elementor-element-16cbfb83\" data-id=\"16cbfb83\" data-element_type=\"column\" data-e-type=\"column\" data-settings=\"{&quot;background_background&quot;:&quot;classic&quot;}\">\n\t\t\t<div class=\"elementor-widget-wrap elementor-element-populated\">\n\t\t\t\t\t\t<div class=\"elementor-element elementor-element-22626e88 elementor-widget elementor-widget-spacer\" data-id=\"22626e88\" data-element_type=\"widget\" data-e-type=\"widget\" data-widget_type=\"spacer.default\">\n\t\t\t\t<div class=\"elementor-widget-container\">\n\t\t\t\t\t\t\t<div class=\"elementor-spacer\">\n\t\t\t<div class=\"elementor-spacer-inner\"><\/div>\n\t\t<\/div>\n\t\t\t\t\t\t<\/div>\n\t\t\t\t<\/div>\n\t\t\t\t<section class=\"elementor-section elementor-inner-section elementor-element elementor-element-12a74735 animated-slow elementor-section-boxed elementor-section-height-default elementor-section-height-default elementor-invisible\" data-id=\"12a74735\" data-element_type=\"section\" data-e-type=\"section\" data-settings=\"{&quot;animation&quot;:&quot;fadeIn&quot;}\">\n\t\t\t\t\t\t<div class=\"elementor-container elementor-column-gap-default\">\n\t\t\t\t\t<div class=\"elementor-column elementor-col-100 elementor-inner-column elementor-element elementor-element-69e79463\" data-id=\"69e79463\" data-element_type=\"column\" data-e-type=\"column\">\n\t\t\t<div class=\"elementor-widget-wrap elementor-element-populated\">\n\t\t\t\t\t\t<div class=\"elementor-element elementor-element-58a1b1cf elementor-view-default elementor-position-top elementor-invisible elementor-widget elementor-widget-themo-header\" data-id=\"58a1b1cf\" data-element_type=\"widget\" data-e-type=\"widget\" data-settings=\"{&quot;_animation&quot;:&quot;fadeIn&quot;}\" data-widget_type=\"themo-header.default\">\n\t\t\t\t<div class=\"elementor-widget-container\">\n\t\t\t\t\t\t\t<div class=\"th-header-wrap\">\r\n        <div class=\"elementor-icon-box-wrapper th-show-icon\">\r\n                            <div class=\"elementor-icon-box-icon th-icon-size-lg\">\r\n                    <span class=\"elementor-icon \">\r\n                        <i aria-hidden=\"true\" class=\"fas fa-briefcase\"><\/i>                    <\/span>\r\n                <\/div>\r\n                                <div class=\"elementor-icon-box-content\">\r\n                    <h1 class=\"elementor-icon-box-title\">\r\n                        Emplois                    <\/h1>\r\n                                        <p class=\"elementor-icon-box-description\"><\/p>\r\n\r\n                                    <\/div>\r\n            <\/div>\r\n\r\n        <\/div>\r\n\r\n\t\t\t\t\t\t<\/div>\n\t\t\t\t<\/div>\n\t\t\t\t\t<\/div>\n\t\t<\/div>\n\t\t\t\t\t<\/div>\n\t\t<\/section>\n\t\t\t\t<div class=\"elementor-element elementor-element-66fe5251 elementor-widget elementor-widget-spacer\" data-id=\"66fe5251\" data-element_type=\"widget\" data-e-type=\"widget\" data-widget_type=\"spacer.default\">\n\t\t\t\t<div class=\"elementor-widget-container\">\n\t\t\t\t\t\t\t<div class=\"elementor-spacer\">\n\t\t\t<div class=\"elementor-spacer-inner\"><\/div>\n\t\t<\/div>\n\t\t\t\t\t\t<\/div>\n\t\t\t\t<\/div>\n\t\t\t\t\t<\/div>\n\t\t<\/div>\n\t\t\t\t\t<\/div>\n\t\t<\/section>\n\t\t\t\t<section class=\"elementor-section elementor-top-section elementor-element elementor-element-6863de8a elementor-section-boxed elementor-section-height-default elementor-section-height-default\" data-id=\"6863de8a\" data-element_type=\"section\" data-e-type=\"section\" data-settings=\"{&quot;background_background&quot;:&quot;classic&quot;}\">\n\t\t\t\t\t\t<div class=\"elementor-container elementor-column-gap-default\">\n\t\t\t\t\t<div class=\"elementor-column elementor-col-100 elementor-top-column elementor-element elementor-element-d2bc398\" data-id=\"d2bc398\" data-element_type=\"column\" data-e-type=\"column\">\n\t\t\t<div class=\"elementor-widget-wrap elementor-element-populated\">\n\t\t\t\t\t\t<div class=\"elementor-element elementor-element-f7c2fb4 elementor-widget elementor-widget-text-editor\" data-id=\"f7c2fb4\" data-element_type=\"widget\" data-e-type=\"widget\" data-widget_type=\"text-editor.default\">\n\t\t\t\t<div class=\"elementor-widget-container\">\n\t\t\t\t\t\t\t\t\t<h3 style=\"text-align: center;\">FORT-PR\u00c9VEL RECRUTE POUR LA SAISON ESTIVALE 2026 !<\/h3><p>Travailler \u00e0 Fort-Pr\u00e9vel, c\u2019est rejoindre une \u00e9quipe dynamique au c\u0153ur d\u2019un site unique r\u00e9unissant camping, golf, restauration, h\u00e9bergement et histoire.<br \/>Nous recrutons activement pour la saison estivale qui approche !<\/p><p><span data-teams=\"true\">Pour toute question ou pour nous envoyer votre CV et votre lettre de pr\u00e9sentation, \u00e9crivez \u00e0 Tania Minville Blanchette <span style=\"text-decoration: underline;\"><a id=\"menur1d63\" class=\"fui-Link ___1q1shib f2hkw1w f3rmtva f1ewtqcl fyind8e f1k6fduh f1w7gpdv fk6fouc fjoy568 figsok6 f1s184ao f1mk8lai fnbmjn9 f1o700av f13mvf36 f1cmlufx f9n3di6 f1ids18y f1tx3yz7 f1deo86v f1eh06m1 f1iescvh fhgqx19 f1olyrje f1p93eir f1nev41a f1h8hb77 f1lqvz6u f10aw75t fsle3fq f17ae5zn\" title=\"mailto:direction@fortprevel.com\" href=\"mailto:direction@fortprevel.com\" target=\"_blank\" rel=\"noreferrer noopener\" aria-label=\"Lien direction@fortprevel.com\"><strong>direction@fortprevel.com<\/strong><\/a><\/span><\/span><\/p><ul><li>Salaire tr\u00e8s comp\u00e9titif<\/li><li>Horaire flexible<\/li><li>Temps plein ou temps partiel<\/li><\/ul>\t\t\t\t\t\t\t\t<\/div>\n\t\t\t\t<\/div>\n\t\t\t\t\t<\/div>\n\t\t<\/div>\n\t\t\t\t\t<\/div>\n\t\t<\/section>\n\t\t\t\t<section class=\"elementor-section elementor-top-section elementor-element elementor-element-73e54dc8 elementor-section-full_width elementor-section-height-default elementor-section-height-default\" data-id=\"73e54dc8\" data-element_type=\"section\" data-e-type=\"section\">\n\t\t\t\t\t\t<div class=\"elementor-container elementor-column-gap-default\">\n\t\t\t\t\t<div class=\"elementor-column elementor-col-50 elementor-top-column elementor-element elementor-element-7b714207\" data-id=\"7b714207\" data-element_type=\"column\" data-e-type=\"column\" data-settings=\"{&quot;background_background&quot;:&quot;classic&quot;}\">\n\t\t\t<div class=\"elementor-widget-wrap elementor-element-populated\">\n\t\t\t\t\t\t<div class=\"elementor-element elementor-element-db2051d elementor-widget elementor-widget-text-editor\" data-id=\"db2051d\" data-element_type=\"widget\" data-e-type=\"widget\" data-widget_type=\"text-editor.default\">\n\t\t\t\t<div class=\"elementor-widget-container\">\n\t\t\t\t\t\t\t\t\t<h3>Postes disponibles<\/h3><h5>Restauration, banquets et \u00e9v\u00e9nements<\/h5><p>Cuisinier(i\u00e8re) au Bastion restaurant<br \/>Cuisinier(i\u00e8re) au casse-cro\u00fbte Le 19i\u00e8me<\/p><h5>R\u00e9ception<\/h5><p>R\u00e9ceptionnistes (AM-PM)<\/p><h5>Entretien m\u00e9nager<\/h5><p>Pr\u00e9pos\u00e9(e)s \u00e0 l\u2019entretien m\u00e9nager des chambres<\/p>\t\t\t\t\t\t\t\t<\/div>\n\t\t\t\t<\/div>\n\t\t\t\t\t<\/div>\n\t\t<\/div>\n\t\t\t\t<div class=\"elementor-column elementor-col-50 elementor-top-column elementor-element elementor-element-1d6e35ce elementor-hidden-mobile\" data-id=\"1d6e35ce\" data-element_type=\"column\" data-e-type=\"column\" data-settings=\"{&quot;background_background&quot;:&quot;classic&quot;}\">\n\t\t\t<div class=\"elementor-widget-wrap\">\n\t\t\t\t\t\t\t<\/div>\n\t\t<\/div>\n\t\t\t\t\t<\/div>\n\t\t<\/section>\n\t\t\t\t<\/div>\n\t\t","protected":false},"excerpt":{"rendered":"<p>Emplois FORT-PR\u00c9VEL RECRUTE POUR LA SAISON ESTIVALE 2026 ! Travailler \u00e0 Fort-Pr\u00e9vel, c\u2019est rejoindre une \u00e9quipe dynamique au c\u0153ur d\u2019un site unique r\u00e9unissant camping, golf, restauration, h\u00e9bergement et histoire.Nous recrutons activement pour la saison estivale qui approche ! Pour toute &hellip; <a href=\"https:\/\/fortprevel.com\/acceuil-fort-prevel\/emplois\/\">Read More<\/a><\/p>\n","protected":false},"author":3,"featured_media":4124,"parent":0,"menu_order":10,"comment_status":"closed","ping_status":"closed","template":"","meta":{"footnotes":""},"class_list":["post-4114","page","type-page","status-publish","has-post-thumbnail","hentry"],"yoast_head":"<!-- This site is optimized with the Yoast SEO plugin v26.8 - https:\/\/yoast.com\/product\/yoast-seo-wordpress\/ -->\n<title>Emplois - Fort-Pr\u00e9vel - Camping, H\u00e9bergement &amp; Golf<\/title>\n<meta name=\"description\" content=\"D\u00e9couvrez les emplois au Fort-Pr\u00e9vel. Postes en restauration, r\u00e9ception, golf et maintenance. Salaire comp\u00e9titif et horaire flexible.\" \/>\n<meta name=\"robots\" content=\"index, follow, max-snippet:-1, max-image-preview:large, max-video-preview:-1\" \/>\n<link rel=\"canonical\" href=\"https:\/\/fortprevel.com\/acceuil-fort-prevel\/emplois\/\" \/>\n<meta property=\"og:locale\" content=\"fr_FR\" \/>\n<meta property=\"og:type\" content=\"article\" \/>\n<meta property=\"og:title\" content=\"Emplois - Fort-Pr\u00e9vel - Camping, H\u00e9bergement &amp; Golf\" \/>\n<meta property=\"og:description\" content=\"D\u00e9couvrez les emplois au Fort-Pr\u00e9vel. Postes en restauration, r\u00e9ception, golf et maintenance. Salaire comp\u00e9titif et horaire flexible.\" \/>\n<meta property=\"og:url\" content=\"https:\/\/fortprevel.com\/acceuil-fort-prevel\/emplois\/\" \/>\n<meta property=\"og:site_name\" content=\"Fort-Pr\u00e9vel - Camping, H\u00e9bergement &amp; Golf\" \/>\n<meta property=\"article:modified_time\" content=\"2026-03-02T15:31:51+00:00\" \/>\n<meta property=\"og:image\" content=\"https:\/\/fortprevel.com\/wp-content\/uploads\/2025\/12\/fort-prevel-emplois-2.jpg\" \/>\n\t<meta property=\"og:image:width\" content=\"1920\" \/>\n\t<meta property=\"og:image:height\" content=\"1440\" \/>\n\t<meta property=\"og:image:type\" content=\"image\/jpeg\" \/>\n<meta name=\"twitter:card\" content=\"summary_large_image\" \/>\n<meta name=\"twitter:label1\" content=\"Dur\u00e9e de lecture estim\u00e9e\" \/>\n\t<meta name=\"twitter:data1\" content=\"1 minute\" \/>\n<script type=\"application\/ld+json\" class=\"yoast-schema-graph\">{\"@context\":\"https:\/\/schema.org\",\"@graph\":[{\"@type\":\"WebPage\",\"@id\":\"https:\/\/fortprevel.com\/acceuil-fort-prevel\/emplois\/\",\"url\":\"https:\/\/fortprevel.com\/acceuil-fort-prevel\/emplois\/\",\"name\":\"Emplois - Fort-Pr\u00e9vel - Camping, H\u00e9bergement &amp; Golf\",\"isPartOf\":{\"@id\":\"https:\/\/fortprevel.com\/acceuil-fort-prevel\/#website\"},\"primaryImageOfPage\":{\"@id\":\"https:\/\/fortprevel.com\/acceuil-fort-prevel\/emplois\/#primaryimage\"},\"image\":{\"@id\":\"https:\/\/fortprevel.com\/acceuil-fort-prevel\/emplois\/#primaryimage\"},\"thumbnailUrl\":\"https:\/\/fortprevel.com\/wp-content\/uploads\/2025\/12\/fort-prevel-emplois-2.jpg\",\"datePublished\":\"2025-12-11T14:41:27+00:00\",\"dateModified\":\"2026-03-02T15:31:51+00:00\",\"description\":\"D\u00e9couvrez les emplois au Fort-Pr\u00e9vel. Postes en restauration, r\u00e9ception, golf et maintenance. Salaire comp\u00e9titif et horaire flexible.\",\"breadcrumb\":{\"@id\":\"https:\/\/fortprevel.com\/acceuil-fort-prevel\/emplois\/#breadcrumb\"},\"inLanguage\":\"fr-FR\",\"potentialAction\":[{\"@type\":\"ReadAction\",\"target\":[\"https:\/\/fortprevel.com\/acceuil-fort-prevel\/emplois\/\"]}]},{\"@type\":\"ImageObject\",\"inLanguage\":\"fr-FR\",\"@id\":\"https:\/\/fortprevel.com\/acceuil-fort-prevel\/emplois\/#primaryimage\",\"url\":\"https:\/\/fortprevel.com\/wp-content\/uploads\/2025\/12\/fort-prevel-emplois-2.jpg\",\"contentUrl\":\"https:\/\/fortprevel.com\/wp-content\/uploads\/2025\/12\/fort-prevel-emplois-2.jpg\",\"width\":1920,\"height\":1440},{\"@type\":\"BreadcrumbList\",\"@id\":\"https:\/\/fortprevel.com\/acceuil-fort-prevel\/emplois\/#breadcrumb\",\"itemListElement\":[{\"@type\":\"ListItem\",\"position\":1,\"name\":\"Accueil\",\"item\":\"https:\/\/fortprevel.com\/acceuil-fort-prevel\/\"},{\"@type\":\"ListItem\",\"position\":2,\"name\":\"Emplois\"}]},{\"@type\":\"WebSite\",\"@id\":\"https:\/\/fortprevel.com\/acceuil-fort-prevel\/#website\",\"url\":\"https:\/\/fortprevel.com\/acceuil-fort-prevel\/\",\"name\":\"Fort-Pr\u00e9vel - Camping, H\u00e9bergement &amp; Golf\",\"description\":\"Camping, h\u00e9bergement &amp; Golf\",\"publisher\":{\"@id\":\"https:\/\/fortprevel.com\/acceuil-fort-prevel\/#organization\"},\"potentialAction\":[{\"@type\":\"SearchAction\",\"target\":{\"@type\":\"EntryPoint\",\"urlTemplate\":\"https:\/\/fortprevel.com\/acceuil-fort-prevel\/?s={search_term_string}\"},\"query-input\":{\"@type\":\"PropertyValueSpecification\",\"valueRequired\":true,\"valueName\":\"search_term_string\"}}],\"inLanguage\":\"fr-FR\"},{\"@type\":\"Organization\",\"@id\":\"https:\/\/fortprevel.com\/acceuil-fort-prevel\/#organization\",\"name\":\"Fort-Pr\u00e9vel - Camping, H\u00e9bergement &amp; Golf\",\"url\":\"https:\/\/fortprevel.com\/acceuil-fort-prevel\/\",\"logo\":{\"@type\":\"ImageObject\",\"inLanguage\":\"fr-FR\",\"@id\":\"https:\/\/fortprevel.com\/acceuil-fort-prevel\/#\/schema\/logo\/image\/\",\"url\":\"https:\/\/fortprevel.com\/wp-content\/uploads\/2023\/09\/cropped-logo-Fort-prevel-2.png\",\"contentUrl\":\"https:\/\/fortprevel.com\/wp-content\/uploads\/2023\/09\/cropped-logo-Fort-prevel-2.png\",\"width\":500,\"height\":417,\"caption\":\"Fort-Pr\u00e9vel - Camping, H\u00e9bergement &amp; Golf\"},\"image\":{\"@id\":\"https:\/\/fortprevel.com\/acceuil-fort-prevel\/#\/schema\/logo\/image\/\"}}]}<\/script>\n<!-- \/ Yoast SEO plugin. -->","yoast_head_json":{"title":"Emplois - Fort-Pr\u00e9vel - Camping, H\u00e9bergement &amp; Golf","description":"D\u00e9couvrez les emplois au Fort-Pr\u00e9vel. Postes en restauration, r\u00e9ception, golf et maintenance. Salaire comp\u00e9titif et horaire flexible.","robots":{"index":"index","follow":"follow","max-snippet":"max-snippet:-1","max-image-preview":"max-image-preview:large","max-video-preview":"max-video-preview:-1"},"canonical":"https:\/\/fortprevel.com\/acceuil-fort-prevel\/emplois\/","og_locale":"fr_FR","og_type":"article","og_title":"Emplois - Fort-Pr\u00e9vel - Camping, H\u00e9bergement &amp; Golf","og_description":"D\u00e9couvrez les emplois au Fort-Pr\u00e9vel. Postes en restauration, r\u00e9ception, golf et maintenance. Salaire comp\u00e9titif et horaire flexible.","og_url":"https:\/\/fortprevel.com\/acceuil-fort-prevel\/emplois\/","og_site_name":"Fort-Pr\u00e9vel - Camping, H\u00e9bergement &amp; Golf","article_modified_time":"2026-03-02T15:31:51+00:00","og_image":[{"width":1920,"height":1440,"url":"https:\/\/fortprevel.com\/wp-content\/uploads\/2025\/12\/fort-prevel-emplois-2.jpg","type":"image\/jpeg"}],"twitter_card":"summary_large_image","twitter_misc":{"Dur\u00e9e de lecture estim\u00e9e":"1 minute"},"schema":{"@context":"https:\/\/schema.org","@graph":[{"@type":"WebPage","@id":"https:\/\/fortprevel.com\/acceuil-fort-prevel\/emplois\/","url":"https:\/\/fortprevel.com\/acceuil-fort-prevel\/emplois\/","name":"Emplois - Fort-Pr\u00e9vel - Camping, H\u00e9bergement &amp; Golf","isPartOf":{"@id":"https:\/\/fortprevel.com\/acceuil-fort-prevel\/#website"},"primaryImageOfPage":{"@id":"https:\/\/fortprevel.com\/acceuil-fort-prevel\/emplois\/#primaryimage"},"image":{"@id":"https:\/\/fortprevel.com\/acceuil-fort-prevel\/emplois\/#primaryimage"},"thumbnailUrl":"https:\/\/fortprevel.com\/wp-content\/uploads\/2025\/12\/fort-prevel-emplois-2.jpg","datePublished":"2025-12-11T14:41:27+00:00","dateModified":"2026-03-02T15:31:51+00:00","description":"D\u00e9couvrez les emplois au Fort-Pr\u00e9vel. Postes en restauration, r\u00e9ception, golf et maintenance. Salaire comp\u00e9titif et horaire flexible.","breadcrumb":{"@id":"https:\/\/fortprevel.com\/acceuil-fort-prevel\/emplois\/#breadcrumb"},"inLanguage":"fr-FR","potentialAction":[{"@type":"ReadAction","target":["https:\/\/fortprevel.com\/acceuil-fort-prevel\/emplois\/"]}]},{"@type":"ImageObject","inLanguage":"fr-FR","@id":"https:\/\/fortprevel.com\/acceuil-fort-prevel\/emplois\/#primaryimage","url":"https:\/\/fortprevel.com\/wp-content\/uploads\/2025\/12\/fort-prevel-emplois-2.jpg","contentUrl":"https:\/\/fortprevel.com\/wp-content\/uploads\/2025\/12\/fort-prevel-emplois-2.jpg","width":1920,"height":1440},{"@type":"BreadcrumbList","@id":"https:\/\/fortprevel.com\/acceuil-fort-prevel\/emplois\/#breadcrumb","itemListElement":[{"@type":"ListItem","position":1,"name":"Accueil","item":"https:\/\/fortprevel.com\/acceuil-fort-prevel\/"},{"@type":"ListItem","position":2,"name":"Emplois"}]},{"@type":"WebSite","@id":"https:\/\/fortprevel.com\/acceuil-fort-prevel\/#website","url":"https:\/\/fortprevel.com\/acceuil-fort-prevel\/","name":"Fort-Pr\u00e9vel - Camping, H\u00e9bergement &amp; Golf","description":"Camping, h\u00e9bergement &amp; Golf","publisher":{"@id":"https:\/\/fortprevel.com\/acceuil-fort-prevel\/#organization"},"potentialAction":[{"@type":"SearchAction","target":{"@type":"EntryPoint","urlTemplate":"https:\/\/fortprevel.com\/acceuil-fort-prevel\/?s={search_term_string}"},"query-input":{"@type":"PropertyValueSpecification","valueRequired":true,"valueName":"search_term_string"}}],"inLanguage":"fr-FR"},{"@type":"Organization","@id":"https:\/\/fortprevel.com\/acceuil-fort-prevel\/#organization","name":"Fort-Pr\u00e9vel - Camping, H\u00e9bergement &amp; Golf","url":"https:\/\/fortprevel.com\/acceuil-fort-prevel\/","logo":{"@type":"ImageObject","inLanguage":"fr-FR","@id":"https:\/\/fortprevel.com\/acceuil-fort-prevel\/#\/schema\/logo\/image\/","url":"https:\/\/fortprevel.com\/wp-content\/uploads\/2023\/09\/cropped-logo-Fort-prevel-2.png","contentUrl":"https:\/\/fortprevel.com\/wp-content\/uploads\/2023\/09\/cropped-logo-Fort-prevel-2.png","width":500,"height":417,"caption":"Fort-Pr\u00e9vel - Camping, H\u00e9bergement &amp; Golf"},"image":{"@id":"https:\/\/fortprevel.com\/acceuil-fort-prevel\/#\/schema\/logo\/image\/"}}]}},"_links":{"self":[{"href":"https:\/\/fortprevel.com\/acceuil-fort-prevel\/wp-json\/wp\/v2\/pages\/4114","targetHints":{"allow":["GET"]}}],"collection":[{"href":"https:\/\/fortprevel.com\/acceuil-fort-prevel\/wp-json\/wp\/v2\/pages"}],"about":[{"href":"https:\/\/fortprevel.com\/acceuil-fort-prevel\/wp-json\/wp\/v2\/types\/page"}],"author":[{"embeddable":true,"href":"https:\/\/fortprevel.com\/acceuil-fort-prevel\/wp-json\/wp\/v2\/users\/3"}],"replies":[{"embeddable":true,"href":"https:\/\/fortprevel.com\/acceuil-fort-prevel\/wp-json\/wp\/v2\/comments?post=4114"}],"version-history":[{"count":75,"href":"https:\/\/fortprevel.com\/acceuil-fort-prevel\/wp-json\/wp\/v2\/pages\/4114\/revisions"}],"predecessor-version":[{"id":4724,"href":"https:\/\/fortprevel.com\/acceuil-fort-prevel\/wp-json\/wp\/v2\/pages\/4114\/revisions\/4724"}],"wp:featuredmedia":[{"embeddable":true,"href":"https:\/\/fortprevel.com\/acceuil-fort-prevel\/wp-json\/wp\/v2\/media\/4124"}],"wp:attachment":[{"href":"https:\/\/fortprevel.com\/acceuil-fort-prevel\/wp-json\/wp\/v2\/media?parent=4114"}],"curies":[{"name":"wp","href":"https:\/\/api.w.org\/{rel}","templated":true}]}}