{"id":3724,"date":"2025-03-24T10:29:58","date_gmt":"2025-03-24T14:29:58","guid":{"rendered":"https:\/\/fortprevel.com\/acceuil-fort-prevel\/?page_id=3724"},"modified":"2025-09-09T13:09:19","modified_gmt":"2025-09-09T17:09:19","slug":"restauration","status":"publish","type":"page","link":"https:\/\/fortprevel.com\/acceuil-fort-prevel\/restauration\/","title":{"rendered":"Restauration"},"content":{"rendered":"\t\t<div data-elementor-type=\"wp-page\" data-elementor-id=\"3724\" class=\"elementor elementor-3724\">\n\t\t\t\t\t\t<section class=\"elementor-section elementor-top-section elementor-element elementor-element-0ee3f1c elementor-section-boxed elementor-section-height-default elementor-section-height-default\" data-id=\"0ee3f1c\" data-element_type=\"section\" data-e-type=\"section\">\n\t\t\t\t\t\t<div class=\"elementor-container elementor-column-gap-default\">\n\t\t\t\t\t<div class=\"elementor-column elementor-col-100 elementor-top-column elementor-element elementor-element-befb418\" data-id=\"befb418\" data-element_type=\"column\" data-e-type=\"column\">\n\t\t\t<div class=\"elementor-widget-wrap elementor-element-populated\">\n\t\t\t\t\t\t<div class=\"elementor-element elementor-element-7309780 elementor-invisible elementor-widget elementor-widget-themo-call-to-action\" data-id=\"7309780\" data-element_type=\"widget\" data-e-type=\"widget\" data-settings=\"{&quot;_animation&quot;:&quot;fadeInLeft&quot;}\" data-widget_type=\"themo-call-to-action.default\">\n\t\t\t\t<div class=\"elementor-widget-container\">\n\t\t\t\t\t\t\t<div class=\"th-cta\">\r\n\t\t\t\r\n                        <div class=\"th-cta-btn\">\r\n\r\n                                    <a class=\"btn-1 btn th-btn btn-standard-primary\" href=\"https:\/\/fortprevel.com\/wp-content\/uploads\/2025\/09\/horaire-restaurant.png\" target=\"_blank\">\r\n                                                    Voir nos horaires                                            <\/a>\r\n                \r\n                            <\/div>\r\n            \t\t<\/div>\r\n\t\t\t\t\t\t<\/div>\n\t\t\t\t<\/div>\n\t\t\t\t\t<\/div>\n\t\t<\/div>\n\t\t\t\t\t<\/div>\n\t\t<\/section>\n\t\t\t\t<section class=\"elementor-section elementor-top-section elementor-element elementor-element-72b0bb2 elementor-section-boxed elementor-section-height-default elementor-section-height-default\" data-id=\"72b0bb2\" data-element_type=\"section\" data-e-type=\"section\">\n\t\t\t\t\t\t<div class=\"elementor-container elementor-column-gap-default\">\n\t\t\t\t\t<div class=\"elementor-column elementor-col-50 elementor-top-column elementor-element elementor-element-4a533c8\" data-id=\"4a533c8\" data-element_type=\"column\" data-e-type=\"column\">\n\t\t\t<div class=\"elementor-widget-wrap elementor-element-populated\">\n\t\t\t\t\t\t<div class=\"elementor-element elementor-element-36e5ce0 elementor-widget elementor-widget-themo-slider\" data-id=\"36e5ce0\" data-element_type=\"widget\" data-e-type=\"widget\" data-widget_type=\"themo-slider.default\">\n\t\t\t\t<div class=\"elementor-widget-container\">\n\t\t\t\t\t\r\n\t\t<div id=\"main-flex-slider\" class=\"flexslider\">\r\n\t\t\t<ul class=\"slides\">\r\n\t\t\t\t\r\n                    \r\n                    \r\n\t\t\t\t\t\t\t\t\t\t                    \r\n                    <li class=\"elementor-repeater-item-d4aed43\">\r\n\t\t\t\t\t\t<div class=\"slider-bg slide-cal-center \">\r\n                            <div class=\"th-slide-wrap th-slider-overlay has-image-bg\">\r\n                                <div class=\"th-slide-inner  th-centered\">\r\n                                    <div class=\"th-slide-content\">\r\n                                                                                    <h1 class=\"slider-title\">Le Bastion<\/h1>\r\n                                        \r\n                                                                                    <div class=\"slider-subtitle\">\r\n                                                <p>Plongez dans une exp\u00e9rience culinaire envo\u00fbtante au Bastion, au c\u0153ur de Fort Pr\u00e9vel. Avec une cuisine inspir\u00e9e par les richesses de la mer, nos chefs talentueux transforment les fruits de l'oc\u00e9an en des plats exquis qui \u00e9veilleront vos sens.<\/p>\r\n                                            <\/div>\r\n                                                                                                                            <div class=\"th-btn-wrap\">\r\n                                                                                                                                                            <a class=\"btn-1 btn th-btn btn-standard-primary\" href=\"https:\/\/fortprevel.com\/acceuil-fort-prevel\/restaurant-le-bastion\/\">\r\n                                                                                                                            Voir plus                                                                                                                    <\/a>\r\n                                                                                                                                                                                                                                                                <a class=\"btn-2 btn th-btn btn-standard-dark\" href=\"https:\/\/booking.libroreserve.com\/3cb4a20275b319\/QC017087106528\/seat\">\r\n                                                                                                                            R\u00c9SERVER                                                                                                                    <\/a>\r\n                                                                                                                                                <\/div>\r\n                                        \r\n                                        \r\n                                                                                                                                                                            \r\n                                            <div><\/div>                                                                            <\/div>\r\n                                <\/div>\r\n\t\t\t\t\t\t\t<\/div>\r\n\t\t\t\t\t\t<\/div>\r\n\t\t\t\t\t<\/li>\r\n\t\t\t\t\t\t\t<\/ul>\r\n\r\n\t\t\t\t\t<\/div>\r\n\r\n\t\t<script>\r\n\t\t\tjQuery( function ( $ ) {\r\n\r\n\t\t\t\tthemo_start_flex_slider(\r\n\t\t\t\t\t'.flexslider',\r\n                    false,\r\n\t\t\t\t\t'fade',\r\n\t\t\t\t\t'swing',\r\n\t\t\t\t\ttrue,\r\n\t\t\t\t\ttrue,\r\n\t\t\t\t\t4000,\r\n\t\t\t\t\t550,\r\n\t\t\t\t\tfalse,\r\n\t\t\t\t\ttrue,\r\n\t\t\t\t\ttrue,\r\n\t\t\t\t\ttrue,\r\n\t\t\t\t\ttrue\t\t\t\t);\r\n\t\t\t} );\r\n\t\t<\/script>\r\n\t\t\t\t\t\t<\/div>\n\t\t\t\t<\/div>\n\t\t\t\t\t<\/div>\n\t\t<\/div>\n\t\t\t\t<div class=\"elementor-column elementor-col-50 elementor-top-column elementor-element elementor-element-5795a98\" data-id=\"5795a98\" data-element_type=\"column\" data-e-type=\"column\">\n\t\t\t<div class=\"elementor-widget-wrap elementor-element-populated\">\n\t\t\t\t\t\t<div class=\"elementor-element elementor-element-2e6cb89 elementor-invisible elementor-widget elementor-widget-themo-slider\" data-id=\"2e6cb89\" data-element_type=\"widget\" data-e-type=\"widget\" data-settings=\"{&quot;_animation&quot;:&quot;fadeIn&quot;}\" data-widget_type=\"themo-slider.default\">\n\t\t\t\t<div class=\"elementor-widget-container\">\n\t\t\t\t\t\r\n\t\t<div id=\"main-flex-slider\" class=\"flexslider\">\r\n\t\t\t<ul class=\"slides\">\r\n\t\t\t\t\r\n                    \r\n                    \r\n\t\t\t\t\t\t\t\t\t\t                    \r\n                    <li class=\"elementor-repeater-item-d4aed43\">\r\n\t\t\t\t\t\t<div class=\"slider-bg slide-cal-center \">\r\n                            <div class=\"th-slide-wrap th-slider-overlay has-image-bg\">\r\n                                <div class=\"th-slide-inner  th-centered\">\r\n                                    <div class=\"th-slide-content\">\r\n                                                                                    <h1 class=\"slider-title\">Le 19i\u00e8me<\/h1>\r\n                                        \r\n                                                                                    <div class=\"slider-subtitle\">\r\n                                                <p>D\u00e9couvrez l'ambiance d\u00e9contract\u00e9e et authentique du 19i\u00e8me, le repaire incontournable des amateurs de casse-cro\u00fbte \u00e0 Fort Pr\u00e9vel. Notre \u00e9tablissement vous invite \u00e0 d\u00e9couvrir une cuisine de bord de mer \u00e0 la fois simple et d\u00e9licieuse.<\/p>\r\n                                            <\/div>\r\n                                                                                                                            <div class=\"th-btn-wrap\">\r\n                                                                                                                                                            <a class=\"btn-1 btn th-btn btn-standard-primary\" href=\"https:\/\/fortprevel.com\/acceuil-fort-prevel\/restaurant-le-19-ieme\/\">\r\n                                                                                                                            Voir plus                                                                                                                    <\/a>\r\n                                                                                                                                                                                                <\/div>\r\n                                        \r\n                                        \r\n                                                                                                                                                                            \r\n                                            <div><\/div>                                                                            <\/div>\r\n                                <\/div>\r\n\t\t\t\t\t\t\t<\/div>\r\n\t\t\t\t\t\t<\/div>\r\n\t\t\t\t\t<\/li>\r\n\t\t\t\t\t\t\t<\/ul>\r\n\r\n\t\t\t\t\t<\/div>\r\n\r\n\t\t<script>\r\n\t\t\tjQuery( function ( $ ) {\r\n\r\n\t\t\t\tthemo_start_flex_slider(\r\n\t\t\t\t\t'.flexslider',\r\n                    false,\r\n\t\t\t\t\t'fade',\r\n\t\t\t\t\t'swing',\r\n\t\t\t\t\ttrue,\r\n\t\t\t\t\ttrue,\r\n\t\t\t\t\t4000,\r\n\t\t\t\t\t550,\r\n\t\t\t\t\tfalse,\r\n\t\t\t\t\ttrue,\r\n\t\t\t\t\ttrue,\r\n\t\t\t\t\ttrue,\r\n\t\t\t\t\ttrue\t\t\t\t);\r\n\t\t\t} );\r\n\t\t<\/script>\r\n\t\t\t\t\t\t<\/div>\n\t\t\t\t<\/div>\n\t\t\t\t\t<\/div>\n\t\t<\/div>\n\t\t\t\t\t<\/div>\n\t\t<\/section>\n\t\t\t\t<\/div>\n\t\t","protected":false},"excerpt":{"rendered":"<p>Voir nos horaires Le Bastion Plongez dans une exp\u00e9rience culinaire envo\u00fbtante au Bastion, au c\u0153ur de Fort Pr\u00e9vel. Avec une cuisine inspir\u00e9e par les richesses de la mer, nos chefs talentueux transforment les fruits de l&#8217;oc\u00e9an en des plats exquis &hellip; <a href=\"https:\/\/fortprevel.com\/acceuil-fort-prevel\/restauration\/\">Read More<\/a><\/p>\n","protected":false},"author":3,"featured_media":0,"parent":0,"menu_order":5,"comment_status":"closed","ping_status":"closed","template":"","meta":{"footnotes":""},"class_list":["post-3724","page","type-page","status-publish","hentry"],"yoast_head":"<!-- This site is optimized with the Yoast SEO plugin v26.8 - https:\/\/yoast.com\/product\/yoast-seo-wordpress\/ -->\n<title>Restauration - Fort-Pr\u00e9vel - Camping, H\u00e9bergement &amp; Golf<\/title>\n<meta name=\"description\" content=\"D\u00e9couvrez la restauartion exceptionnels offerts \u00e0 Fort Pr\u00e9vel : le restaurant Bastion proposant une cuisine raffin\u00e9e de bord de mer, et le 19i\u00e8me casse-cro\u00fbte, lieu convivial o\u00f9 d\u00e9guster des mets d\u00e9licieux dans une ambiance d\u00e9tendue.\" \/>\n<meta name=\"robots\" content=\"index, follow, max-snippet:-1, max-image-preview:large, max-video-preview:-1\" \/>\n<link rel=\"canonical\" href=\"https:\/\/fortprevel.com\/acceuil-fort-prevel\/restauration\/\" \/>\n<meta property=\"og:locale\" content=\"fr_FR\" \/>\n<meta property=\"og:type\" content=\"article\" \/>\n<meta property=\"og:title\" content=\"Restauration - Fort-Pr\u00e9vel - Camping, H\u00e9bergement &amp; Golf\" \/>\n<meta property=\"og:description\" content=\"D\u00e9couvrez la restauartion exceptionnels offerts \u00e0 Fort Pr\u00e9vel : le restaurant Bastion proposant une cuisine raffin\u00e9e de bord de mer, et le 19i\u00e8me casse-cro\u00fbte, lieu convivial o\u00f9 d\u00e9guster des mets d\u00e9licieux dans une ambiance d\u00e9tendue.\" \/>\n<meta property=\"og:url\" content=\"https:\/\/fortprevel.com\/acceuil-fort-prevel\/restauration\/\" \/>\n<meta property=\"og:site_name\" content=\"Fort-Pr\u00e9vel - Camping, H\u00e9bergement &amp; Golf\" \/>\n<meta property=\"article:modified_time\" content=\"2025-09-09T17:09:19+00:00\" \/>\n<meta name=\"twitter:card\" content=\"summary_large_image\" \/>\n<meta name=\"twitter:label1\" content=\"Dur\u00e9e de lecture estim\u00e9e\" \/>\n\t<meta name=\"twitter:data1\" content=\"1 minute\" \/>\n<script type=\"application\/ld+json\" class=\"yoast-schema-graph\">{\"@context\":\"https:\/\/schema.org\",\"@graph\":[{\"@type\":\"WebPage\",\"@id\":\"https:\/\/fortprevel.com\/acceuil-fort-prevel\/restauration\/\",\"url\":\"https:\/\/fortprevel.com\/acceuil-fort-prevel\/restauration\/\",\"name\":\"Restauration - Fort-Pr\u00e9vel - Camping, H\u00e9bergement &amp; Golf\",\"isPartOf\":{\"@id\":\"https:\/\/fortprevel.com\/acceuil-fort-prevel\/#website\"},\"datePublished\":\"2025-03-24T14:29:58+00:00\",\"dateModified\":\"2025-09-09T17:09:19+00:00\",\"description\":\"D\u00e9couvrez la restauartion exceptionnels offerts \u00e0 Fort Pr\u00e9vel : le restaurant Bastion proposant une cuisine raffin\u00e9e de bord de mer, et le 19i\u00e8me casse-cro\u00fbte, lieu convivial o\u00f9 d\u00e9guster des mets d\u00e9licieux dans une ambiance d\u00e9tendue.\",\"breadcrumb\":{\"@id\":\"https:\/\/fortprevel.com\/acceuil-fort-prevel\/restauration\/#breadcrumb\"},\"inLanguage\":\"fr-FR\",\"potentialAction\":[{\"@type\":\"ReadAction\",\"target\":[\"https:\/\/fortprevel.com\/acceuil-fort-prevel\/restauration\/\"]}]},{\"@type\":\"BreadcrumbList\",\"@id\":\"https:\/\/fortprevel.com\/acceuil-fort-prevel\/restauration\/#breadcrumb\",\"itemListElement\":[{\"@type\":\"ListItem\",\"position\":1,\"name\":\"Accueil\",\"item\":\"https:\/\/fortprevel.com\/acceuil-fort-prevel\/\"},{\"@type\":\"ListItem\",\"position\":2,\"name\":\"Restauration\"}]},{\"@type\":\"WebSite\",\"@id\":\"https:\/\/fortprevel.com\/acceuil-fort-prevel\/#website\",\"url\":\"https:\/\/fortprevel.com\/acceuil-fort-prevel\/\",\"name\":\"Fort-Pr\u00e9vel - Camping, H\u00e9bergement &amp; Golf\",\"description\":\"Camping, h\u00e9bergement &amp; Golf\",\"publisher\":{\"@id\":\"https:\/\/fortprevel.com\/acceuil-fort-prevel\/#organization\"},\"potentialAction\":[{\"@type\":\"SearchAction\",\"target\":{\"@type\":\"EntryPoint\",\"urlTemplate\":\"https:\/\/fortprevel.com\/acceuil-fort-prevel\/?s={search_term_string}\"},\"query-input\":{\"@type\":\"PropertyValueSpecification\",\"valueRequired\":true,\"valueName\":\"search_term_string\"}}],\"inLanguage\":\"fr-FR\"},{\"@type\":\"Organization\",\"@id\":\"https:\/\/fortprevel.com\/acceuil-fort-prevel\/#organization\",\"name\":\"Fort-Pr\u00e9vel - Camping, H\u00e9bergement &amp; Golf\",\"url\":\"https:\/\/fortprevel.com\/acceuil-fort-prevel\/\",\"logo\":{\"@type\":\"ImageObject\",\"inLanguage\":\"fr-FR\",\"@id\":\"https:\/\/fortprevel.com\/acceuil-fort-prevel\/#\/schema\/logo\/image\/\",\"url\":\"https:\/\/fortprevel.com\/wp-content\/uploads\/2023\/09\/cropped-logo-Fort-prevel-2.png\",\"contentUrl\":\"https:\/\/fortprevel.com\/wp-content\/uploads\/2023\/09\/cropped-logo-Fort-prevel-2.png\",\"width\":500,\"height\":417,\"caption\":\"Fort-Pr\u00e9vel - Camping, H\u00e9bergement &amp; Golf\"},\"image\":{\"@id\":\"https:\/\/fortprevel.com\/acceuil-fort-prevel\/#\/schema\/logo\/image\/\"}}]}<\/script>\n<!-- \/ Yoast SEO plugin. -->","yoast_head_json":{"title":"Restauration - Fort-Pr\u00e9vel - Camping, H\u00e9bergement &amp; Golf","description":"D\u00e9couvrez la restauartion exceptionnels offerts \u00e0 Fort Pr\u00e9vel : le restaurant Bastion proposant une cuisine raffin\u00e9e de bord de mer, et le 19i\u00e8me casse-cro\u00fbte, lieu convivial o\u00f9 d\u00e9guster des mets d\u00e9licieux dans une ambiance d\u00e9tendue.","robots":{"index":"index","follow":"follow","max-snippet":"max-snippet:-1","max-image-preview":"max-image-preview:large","max-video-preview":"max-video-preview:-1"},"canonical":"https:\/\/fortprevel.com\/acceuil-fort-prevel\/restauration\/","og_locale":"fr_FR","og_type":"article","og_title":"Restauration - Fort-Pr\u00e9vel - Camping, H\u00e9bergement &amp; Golf","og_description":"D\u00e9couvrez la restauartion exceptionnels offerts \u00e0 Fort Pr\u00e9vel : le restaurant Bastion proposant une cuisine raffin\u00e9e de bord de mer, et le 19i\u00e8me casse-cro\u00fbte, lieu convivial o\u00f9 d\u00e9guster des mets d\u00e9licieux dans une ambiance d\u00e9tendue.","og_url":"https:\/\/fortprevel.com\/acceuil-fort-prevel\/restauration\/","og_site_name":"Fort-Pr\u00e9vel - Camping, H\u00e9bergement &amp; Golf","article_modified_time":"2025-09-09T17:09:19+00:00","twitter_card":"summary_large_image","twitter_misc":{"Dur\u00e9e de lecture estim\u00e9e":"1 minute"},"schema":{"@context":"https:\/\/schema.org","@graph":[{"@type":"WebPage","@id":"https:\/\/fortprevel.com\/acceuil-fort-prevel\/restauration\/","url":"https:\/\/fortprevel.com\/acceuil-fort-prevel\/restauration\/","name":"Restauration - Fort-Pr\u00e9vel - Camping, H\u00e9bergement &amp; Golf","isPartOf":{"@id":"https:\/\/fortprevel.com\/acceuil-fort-prevel\/#website"},"datePublished":"2025-03-24T14:29:58+00:00","dateModified":"2025-09-09T17:09:19+00:00","description":"D\u00e9couvrez la restauartion exceptionnels offerts \u00e0 Fort Pr\u00e9vel : le restaurant Bastion proposant une cuisine raffin\u00e9e de bord de mer, et le 19i\u00e8me casse-cro\u00fbte, lieu convivial o\u00f9 d\u00e9guster des mets d\u00e9licieux dans une ambiance d\u00e9tendue.","breadcrumb":{"@id":"https:\/\/fortprevel.com\/acceuil-fort-prevel\/restauration\/#breadcrumb"},"inLanguage":"fr-FR","potentialAction":[{"@type":"ReadAction","target":["https:\/\/fortprevel.com\/acceuil-fort-prevel\/restauration\/"]}]},{"@type":"BreadcrumbList","@id":"https:\/\/fortprevel.com\/acceuil-fort-prevel\/restauration\/#breadcrumb","itemListElement":[{"@type":"ListItem","position":1,"name":"Accueil","item":"https:\/\/fortprevel.com\/acceuil-fort-prevel\/"},{"@type":"ListItem","position":2,"name":"Restauration"}]},{"@type":"WebSite","@id":"https:\/\/fortprevel.com\/acceuil-fort-prevel\/#website","url":"https:\/\/fortprevel.com\/acceuil-fort-prevel\/","name":"Fort-Pr\u00e9vel - Camping, H\u00e9bergement &amp; Golf","description":"Camping, h\u00e9bergement &amp; Golf","publisher":{"@id":"https:\/\/fortprevel.com\/acceuil-fort-prevel\/#organization"},"potentialAction":[{"@type":"SearchAction","target":{"@type":"EntryPoint","urlTemplate":"https:\/\/fortprevel.com\/acceuil-fort-prevel\/?s={search_term_string}"},"query-input":{"@type":"PropertyValueSpecification","valueRequired":true,"valueName":"search_term_string"}}],"inLanguage":"fr-FR"},{"@type":"Organization","@id":"https:\/\/fortprevel.com\/acceuil-fort-prevel\/#organization","name":"Fort-Pr\u00e9vel - Camping, H\u00e9bergement &amp; Golf","url":"https:\/\/fortprevel.com\/acceuil-fort-prevel\/","logo":{"@type":"ImageObject","inLanguage":"fr-FR","@id":"https:\/\/fortprevel.com\/acceuil-fort-prevel\/#\/schema\/logo\/image\/","url":"https:\/\/fortprevel.com\/wp-content\/uploads\/2023\/09\/cropped-logo-Fort-prevel-2.png","contentUrl":"https:\/\/fortprevel.com\/wp-content\/uploads\/2023\/09\/cropped-logo-Fort-prevel-2.png","width":500,"height":417,"caption":"Fort-Pr\u00e9vel - Camping, H\u00e9bergement &amp; Golf"},"image":{"@id":"https:\/\/fortprevel.com\/acceuil-fort-prevel\/#\/schema\/logo\/image\/"}}]}},"_links":{"self":[{"href":"https:\/\/fortprevel.com\/acceuil-fort-prevel\/wp-json\/wp\/v2\/pages\/3724","targetHints":{"allow":["GET"]}}],"collection":[{"href":"https:\/\/fortprevel.com\/acceuil-fort-prevel\/wp-json\/wp\/v2\/pages"}],"about":[{"href":"https:\/\/fortprevel.com\/acceuil-fort-prevel\/wp-json\/wp\/v2\/types\/page"}],"author":[{"embeddable":true,"href":"https:\/\/fortprevel.com\/acceuil-fort-prevel\/wp-json\/wp\/v2\/users\/3"}],"replies":[{"embeddable":true,"href":"https:\/\/fortprevel.com\/acceuil-fort-prevel\/wp-json\/wp\/v2\/comments?post=3724"}],"version-history":[{"count":16,"href":"https:\/\/fortprevel.com\/acceuil-fort-prevel\/wp-json\/wp\/v2\/pages\/3724\/revisions"}],"predecessor-version":[{"id":4085,"href":"https:\/\/fortprevel.com\/acceuil-fort-prevel\/wp-json\/wp\/v2\/pages\/3724\/revisions\/4085"}],"wp:attachment":[{"href":"https:\/\/fortprevel.com\/acceuil-fort-prevel\/wp-json\/wp\/v2\/media?parent=3724"}],"curies":[{"name":"wp","href":"https:\/\/api.w.org\/{rel}","templated":true}]}}