{"id":3365,"date":"2024-06-04T12:15:26","date_gmt":"2024-06-04T16:15:26","guid":{"rendered":"https:\/\/fortprevel.com\/acceuil-fort-prevel\/restaurant-le-bastion\/"},"modified":"2026-04-24T10:41:09","modified_gmt":"2026-04-24T14:41:09","slug":"restaurant-le-bastion","status":"publish","type":"page","link":"https:\/\/fortprevel.com\/acceuil-fort-prevel\/restaurant-le-bastion\/","title":{"rendered":"Restaurant Le Bastion"},"content":{"rendered":"\t\t<div data-elementor-type=\"wp-page\" data-elementor-id=\"3365\" class=\"elementor elementor-3365\">\n\t\t\t\t\t\t<section class=\"elementor-section elementor-top-section elementor-element elementor-element-2280b08 elementor-section-boxed elementor-section-height-default elementor-section-height-default\" data-id=\"2280b08\" data-element_type=\"section\" data-e-type=\"section\">\n\t\t\t\t\t\t<div class=\"elementor-container elementor-column-gap-default\">\n\t\t\t\t\t<div class=\"elementor-column elementor-col-100 elementor-top-column elementor-element elementor-element-526db2b\" data-id=\"526db2b\" data-element_type=\"column\" data-e-type=\"column\">\n\t\t\t<div class=\"elementor-widget-wrap elementor-element-populated\">\n\t\t\t\t\t\t<div class=\"elementor-element elementor-element-c6eaae9 elementor-view-default elementor-position-top elementor-invisible elementor-widget elementor-widget-themo-header\" data-id=\"c6eaae9\" data-element_type=\"widget\" data-e-type=\"widget\" data-settings=\"{&quot;_animation&quot;:&quot;fadeInLeft&quot;}\" data-widget_type=\"themo-header.default\">\n\t\t\t\t<div class=\"elementor-widget-container\">\n\t\t\t\t\t\t\t<div class=\"th-header-wrap\">\r\n        <div class=\"elementor-icon-box-wrapper \">\r\n                            <div class=\"elementor-icon-box-content\">\r\n                    <h4 class=\"elementor-icon-box-title\">\r\n                        Restaurant Le Bastion : votre escale gourmande en Gasp\u00e9sie                    <\/h4>\r\n                                        <p class=\"elementor-icon-box-description\">Le Bastion vous ouvre ses portes, offrant une exp\u00e9rience gastronomique exceptionnelle en Gasp\u00e9sie. Venez savourer une cuisine raffin\u00e9e au bord de la mer et cr\u00e9er des souvenirs inoubliables dans ce lieu unique.<\/p>\r\n\r\n                                    <\/div>\r\n            <\/div>\r\n\r\n        <\/div>\r\n\r\n\t\t\t\t\t\t<\/div>\n\t\t\t\t<\/div>\n\t\t\t\t<div class=\"elementor-element elementor-element-82ca780 elementor-widget elementor-widget-text-editor\" data-id=\"82ca780\" data-element_type=\"widget\" data-e-type=\"widget\" data-widget_type=\"text-editor.default\">\n\t\t\t\t<div class=\"elementor-widget-container\">\n\t\t\t\t\t\t\t\t\t<h4><span style=\"color: #74986a;\"><strong>BRUNCH F\u00caTE DES M\u00c8RES<\/strong><\/span><\/h4><p>C\u2019est le retour de notre brunch de la f\u00eate des m\u00e8res le <strong>10 mai 2026, de 8h00 \u00e0 13h00<\/strong>. Venez c\u00e9l\u00e9brer avec nous !<\/p><p><strong>Formule buffet \u00e0 volont\u00e9<\/strong><br \/>34 $ par personne | 15 $ par enfant (6 \u00e0 12 ans) | 5$ par enfant (5 ans et moins)<br \/>Taxes et frais de service en sus.<\/p><p><span style=\"text-decoration: underline;\"><strong><a href=\"https:\/\/widgets.libroreserve.com\/WEB\/QC017087106528\/book?date=2026-05-10\" target=\"_blank\" rel=\"noopener\">R\u00c9SERVER VOTRE TABLE &gt;<\/a><\/strong><\/span><\/p><p>Afin d&#8217;offrir une exp\u00e9rience agr\u00e9able \u00e0 l&#8217;ensemble de nos invit\u00e9s, chaque r\u00e9servation est pr\u00e9vue pour une dur\u00e9e de 2 heures et les tables sont attribu\u00e9es \u00e0 notre discr\u00e9tion. Nous vous remercions de votre compr\u00e9hension.<\/p>\t\t\t\t\t\t\t\t<\/div>\n\t\t\t\t<\/div>\n\t\t\t\t<div class=\"elementor-element elementor-element-f0361bf elementor-widget elementor-widget-text-editor\" data-id=\"f0361bf\" data-element_type=\"widget\" data-e-type=\"widget\" data-widget_type=\"text-editor.default\">\n\t\t\t\t<div class=\"elementor-widget-container\">\n\t\t\t\t\t\t\t\t\t<h5 style=\"text-align: center;\"><span data-teams=\"true\">Horaire de la saison 2026 \u00e0 venir, restez \u00e0 l\u2019aff\u00fbt !<\/span><\/h5>\t\t\t\t\t\t\t\t<\/div>\n\t\t\t\t<\/div>\n\t\t\t\t<section class=\"elementor-section elementor-inner-section elementor-element elementor-element-0cffe21 elementor-section-full_width elementor-section-height-default elementor-section-height-default\" data-id=\"0cffe21\" data-element_type=\"section\" data-e-type=\"section\">\n\t\t\t\t\t\t<div class=\"elementor-container elementor-column-gap-wide\">\n\t\t\t\t\t<div class=\"elementor-column elementor-col-50 elementor-inner-column elementor-element elementor-element-9ad9518\" data-id=\"9ad9518\" data-element_type=\"column\" data-e-type=\"column\">\n\t\t\t<div class=\"elementor-widget-wrap elementor-element-populated\">\n\t\t\t\t\t\t<div class=\"elementor-element elementor-element-df14ef3 elementor-invisible elementor-widget elementor-widget-themo-call-to-action\" data-id=\"df14ef3\" data-element_type=\"widget\" data-e-type=\"widget\" data-settings=\"{&quot;_animation&quot;:&quot;fadeInLeft&quot;}\" data-widget_type=\"themo-call-to-action.default\">\n\t\t\t\t<div class=\"elementor-widget-container\">\n\t\t\t\t\t\t\t<div class=\"th-cta\">\r\n\t\t\t\r\n                        <div class=\"th-cta-btn\">\r\n\r\n                                    <a class=\"btn-1 btn th-btn btn-standard-primary\" href=\"https:\/\/fortprevel.com\/wp-content\/uploads\/2025\/06\/MENU_Bastion2025_FR.pdf\">\r\n                                                    MENU                                            <\/a>\r\n                \r\n                                    <a class=\"btn-2 btn th-btn btn-standard-dark\" href=\"https:\/\/fortprevel.com\/wp-content\/uploads\/2025\/06\/Menu_enfant.pdf\">\r\n                                                    MENU ENFANT                                            <\/a>\r\n                            <\/div>\r\n            \t\t<\/div>\r\n\t\t\t\t\t\t<\/div>\n\t\t\t\t<\/div>\n\t\t\t\t\t<\/div>\n\t\t<\/div>\n\t\t\t\t<div class=\"elementor-column elementor-col-50 elementor-inner-column elementor-element elementor-element-85d5f0c\" data-id=\"85d5f0c\" data-element_type=\"column\" data-e-type=\"column\">\n\t\t\t<div class=\"elementor-widget-wrap elementor-element-populated\">\n\t\t\t\t\t\t<div class=\"elementor-element elementor-element-976fc6c elementor-invisible elementor-widget elementor-widget-themo-call-to-action\" data-id=\"976fc6c\" data-element_type=\"widget\" data-e-type=\"widget\" data-settings=\"{&quot;_animation&quot;:&quot;fadeInUp&quot;}\" data-widget_type=\"themo-call-to-action.default\">\n\t\t\t\t<div class=\"elementor-widget-container\">\n\t\t\t\t\t\t\t<div class=\"th-cta\">\r\n\t\t\t\r\n                        <div class=\"th-cta-btn\">\r\n\r\n                                    <a class=\"btn-1 btn th-btn btn-standard-primary\" href=\"https:\/\/fortprevel.com\/wp-content\/uploads\/2024\/07\/Wine-Menu.pdf\">\r\n                                                    MENU ALCool                                            <\/a>\r\n                \r\n                                    <a class=\"btn-2 btn th-btn btn-standard-dark\" href=\"https:\/\/fortprevel.com\/wp-content\/uploads\/2024\/07\/Cocktail-Menu-5-Juin.pdf\">\r\n                                                    cocktails menu                                            <\/a>\r\n                            <\/div>\r\n            \t\t<\/div>\r\n\t\t\t\t\t\t<\/div>\n\t\t\t\t<\/div>\n\t\t\t\t\t<\/div>\n\t\t<\/div>\n\t\t\t\t\t<\/div>\n\t\t<\/section>\n\t\t\t\t\t<\/div>\n\t\t<\/div>\n\t\t\t\t\t<\/div>\n\t\t<\/section>\n\t\t\t\t<section class=\"elementor-section elementor-top-section elementor-element elementor-element-1893875 elementor-section-boxed elementor-section-height-default elementor-section-height-default\" data-id=\"1893875\" data-element_type=\"section\" data-e-type=\"section\">\n\t\t\t\t\t\t<div class=\"elementor-container elementor-column-gap-default\">\n\t\t\t\t\t<div class=\"elementor-column elementor-col-100 elementor-top-column elementor-element elementor-element-f8d7873\" data-id=\"f8d7873\" data-element_type=\"column\" data-e-type=\"column\">\n\t\t\t<div class=\"elementor-widget-wrap elementor-element-populated\">\n\t\t\t\t\t\t<div class=\"elementor-element elementor-element-208e52a elementor-invisible elementor-widget elementor-widget-themo-call-to-action\" data-id=\"208e52a\" data-element_type=\"widget\" data-e-type=\"widget\" data-settings=\"{&quot;_animation&quot;:&quot;fadeInLeft&quot;}\" data-widget_type=\"themo-call-to-action.default\">\n\t\t\t\t<div class=\"elementor-widget-container\">\n\t\t\t\t\t\t\t<div class=\"th-cta\">\r\n\t\t\t\r\n                        <div class=\"th-cta-btn\">\r\n\r\n                                    <a class=\"btn-1 btn th-btn btn-standard-primary\" href=\"https:\/\/fortprevel.com\/wp-content\/uploads\/2024\/07\/BIERES-Pret-a-boire-9-juillet.pdf\">\r\n                                                    Bi\u00e8re                                             <\/a>\r\n                \r\n                                    <a class=\"btn-2 btn th-btn btn-standard-dark\" href=\"https:\/\/booking.libroreserve.com\/3cb4a20275b319\/QC017087106528\/seat\">\r\n                                                    r\u00e9server                                            <\/a>\r\n                            <\/div>\r\n            \t\t<\/div>\r\n\t\t\t\t\t\t<\/div>\n\t\t\t\t<\/div>\n\t\t\t\t<div class=\"elementor-element elementor-element-1b42f6b elementor-pagination-position-inside elementor-widget__width-auto elementor-arrows-position-inside elementor-widget elementor-widget-image-carousel\" data-id=\"1b42f6b\" data-element_type=\"widget\" data-e-type=\"widget\" data-settings=\"{&quot;slides_to_show&quot;:&quot;1&quot;,&quot;navigation&quot;:&quot;both&quot;,&quot;autoplay&quot;:&quot;yes&quot;,&quot;pause_on_hover&quot;:&quot;yes&quot;,&quot;pause_on_interaction&quot;:&quot;yes&quot;,&quot;autoplay_speed&quot;:5000,&quot;infinite&quot;:&quot;yes&quot;,&quot;effect&quot;:&quot;slide&quot;,&quot;speed&quot;:500}\" data-widget_type=\"image-carousel.default\">\n\t\t\t\t<div class=\"elementor-widget-container\">\n\t\t\t\t\t\t\t<div class=\"elementor-image-carousel-wrapper swiper\" role=\"region\" aria-roledescription=\"carousel\" aria-label=\"Carrousel d\u2019images\" dir=\"ltr\">\n\t\t\t<div class=\"elementor-image-carousel swiper-wrapper swiper-image-stretch\" aria-live=\"off\">\n\t\t\t\t\t\t\t\t<div class=\"swiper-slide\" role=\"group\" aria-roledescription=\"slide\" aria-label=\"1 sur 7\"><figure class=\"swiper-slide-inner\"><img decoding=\"async\" class=\"swiper-slide-image lazyload\" data-src=\"https:\/\/fortprevel.com\/wp-content\/uploads\/2026\/02\/AM6A1848-1440x1080.jpg\" alt=\"AM6A1848\" src=\"data:image\/svg+xml;base64,PHN2ZyB3aWR0aD0iMSIgaGVpZ2h0PSIxIiB4bWxucz0iaHR0cDovL3d3dy53My5vcmcvMjAwMC9zdmciPjwvc3ZnPg==\" style=\"--smush-placeholder-width: 1440px; --smush-placeholder-aspect-ratio: 1440\/1080;\" \/><\/figure><\/div><div class=\"swiper-slide\" role=\"group\" aria-roledescription=\"slide\" aria-label=\"2 sur 7\"><figure class=\"swiper-slide-inner\"><img decoding=\"async\" class=\"swiper-slide-image lazyload\" data-src=\"https:\/\/fortprevel.com\/wp-content\/uploads\/2026\/02\/AM6A1719-1440x1080.jpg\" alt=\"AM6A1719\" src=\"data:image\/svg+xml;base64,PHN2ZyB3aWR0aD0iMSIgaGVpZ2h0PSIxIiB4bWxucz0iaHR0cDovL3d3dy53My5vcmcvMjAwMC9zdmciPjwvc3ZnPg==\" style=\"--smush-placeholder-width: 1440px; --smush-placeholder-aspect-ratio: 1440\/1080;\" \/><\/figure><\/div><div class=\"swiper-slide\" role=\"group\" aria-roledescription=\"slide\" aria-label=\"3 sur 7\"><figure class=\"swiper-slide-inner\"><img decoding=\"async\" class=\"swiper-slide-image lazyload\" data-src=\"https:\/\/fortprevel.com\/wp-content\/uploads\/2026\/02\/AM6A1778-1440x1080.jpg\" alt=\"AM6A1778\" src=\"data:image\/svg+xml;base64,PHN2ZyB3aWR0aD0iMSIgaGVpZ2h0PSIxIiB4bWxucz0iaHR0cDovL3d3dy53My5vcmcvMjAwMC9zdmciPjwvc3ZnPg==\" style=\"--smush-placeholder-width: 1440px; --smush-placeholder-aspect-ratio: 1440\/1080;\" \/><\/figure><\/div><div class=\"swiper-slide\" role=\"group\" aria-roledescription=\"slide\" aria-label=\"4 sur 7\"><figure class=\"swiper-slide-inner\"><img decoding=\"async\" class=\"swiper-slide-image lazyload\" data-src=\"https:\/\/fortprevel.com\/wp-content\/uploads\/2026\/02\/AM6A1893-1440x1080.jpg\" alt=\"AM6A1893\" src=\"data:image\/svg+xml;base64,PHN2ZyB3aWR0aD0iMSIgaGVpZ2h0PSIxIiB4bWxucz0iaHR0cDovL3d3dy53My5vcmcvMjAwMC9zdmciPjwvc3ZnPg==\" style=\"--smush-placeholder-width: 1440px; --smush-placeholder-aspect-ratio: 1440\/1080;\" \/><\/figure><\/div><div class=\"swiper-slide\" role=\"group\" aria-roledescription=\"slide\" aria-label=\"5 sur 7\"><figure class=\"swiper-slide-inner\"><img decoding=\"async\" class=\"swiper-slide-image lazyload\" data-src=\"https:\/\/fortprevel.com\/wp-content\/uploads\/2026\/02\/AM6A1710-1440x1080.jpg\" alt=\"AM6A1710\" src=\"data:image\/svg+xml;base64,PHN2ZyB3aWR0aD0iMSIgaGVpZ2h0PSIxIiB4bWxucz0iaHR0cDovL3d3dy53My5vcmcvMjAwMC9zdmciPjwvc3ZnPg==\" style=\"--smush-placeholder-width: 1440px; --smush-placeholder-aspect-ratio: 1440\/1080;\" \/><\/figure><\/div><div class=\"swiper-slide\" role=\"group\" aria-roledescription=\"slide\" aria-label=\"6 sur 7\"><figure class=\"swiper-slide-inner\"><img decoding=\"async\" class=\"swiper-slide-image lazyload\" data-src=\"https:\/\/fortprevel.com\/wp-content\/uploads\/2026\/02\/AM6A1731-1440x1080.jpg\" alt=\"AM6A1731\" src=\"data:image\/svg+xml;base64,PHN2ZyB3aWR0aD0iMSIgaGVpZ2h0PSIxIiB4bWxucz0iaHR0cDovL3d3dy53My5vcmcvMjAwMC9zdmciPjwvc3ZnPg==\" style=\"--smush-placeholder-width: 1440px; --smush-placeholder-aspect-ratio: 1440\/1080;\" \/><\/figure><\/div><div class=\"swiper-slide\" role=\"group\" aria-roledescription=\"slide\" aria-label=\"7 sur 7\"><figure class=\"swiper-slide-inner\"><img decoding=\"async\" class=\"swiper-slide-image lazyload\" data-src=\"https:\/\/fortprevel.com\/wp-content\/uploads\/2026\/02\/AM6A1743-1440x1080.jpg\" alt=\"AM6A1743\" src=\"data:image\/svg+xml;base64,PHN2ZyB3aWR0aD0iMSIgaGVpZ2h0PSIxIiB4bWxucz0iaHR0cDovL3d3dy53My5vcmcvMjAwMC9zdmciPjwvc3ZnPg==\" style=\"--smush-placeholder-width: 1440px; --smush-placeholder-aspect-ratio: 1440\/1080;\" \/><\/figure><\/div>\t\t\t<\/div>\n\t\t\t\t\t\t\t\t\t\t\t\t<div class=\"elementor-swiper-button elementor-swiper-button-prev\" role=\"button\" tabindex=\"0\">\n\t\t\t\t\t\t<i aria-hidden=\"true\" class=\"eicon-chevron-left\"><\/i>\t\t\t\t\t<\/div>\n\t\t\t\t\t<div class=\"elementor-swiper-button elementor-swiper-button-next\" role=\"button\" tabindex=\"0\">\n\t\t\t\t\t\t<i aria-hidden=\"true\" class=\"eicon-chevron-right\"><\/i>\t\t\t\t\t<\/div>\n\t\t\t\t\n\t\t\t\t\t\t\t\t\t<div class=\"swiper-pagination\"><\/div>\n\t\t\t\t\t\t\t\t\t<\/div>\n\t\t\t\t\t\t<\/div>\n\t\t\t\t<\/div>\n\t\t\t\t<div class=\"elementor-element elementor-element-65bbcd5 elementor-widget elementor-widget-spacer\" data-id=\"65bbcd5\" data-element_type=\"widget\" data-e-type=\"widget\" data-widget_type=\"spacer.default\">\n\t\t\t\t<div class=\"elementor-widget-container\">\n\t\t\t\t\t\t\t<div class=\"elementor-spacer\">\n\t\t\t<div class=\"elementor-spacer-inner\"><\/div>\n\t\t<\/div>\n\t\t\t\t\t\t<\/div>\n\t\t\t\t<\/div>\n\t\t\t\t\t<\/div>\n\t\t<\/div>\n\t\t\t\t\t<\/div>\n\t\t<\/section>\n\t\t\t\t<\/div>\n\t\t","protected":false},"excerpt":{"rendered":"<p>Restaurant Le Bastion : votre escale gourmande en Gasp\u00e9sie Le Bastion vous ouvre ses portes, offrant une exp\u00e9rience gastronomique exceptionnelle en Gasp\u00e9sie. Venez savourer une cuisine raffin\u00e9e au bord de la mer et cr\u00e9er des souvenirs inoubliables dans ce lieu &hellip; <a href=\"https:\/\/fortprevel.com\/acceuil-fort-prevel\/restaurant-le-bastion\/\">Read More<\/a><\/p>\n","protected":false},"author":3,"featured_media":0,"parent":0,"menu_order":3,"comment_status":"closed","ping_status":"closed","template":"","meta":{"footnotes":""},"class_list":["post-3365","page","type-page","status-publish","hentry"],"yoast_head":"<!-- This site is optimized with the Yoast SEO plugin v26.8 - https:\/\/yoast.com\/product\/yoast-seo-wordpress\/ -->\n<title>Restaurant Le Bastion - Fort-Pr\u00e9vel - Camping, H\u00e9bergement &amp; Golf<\/title>\n<meta name=\"description\" content=\"Le Bastion est ouvert ! Venez savourer une cuisine raffin\u00e9e de bord de mer et cr\u00e9er des souvenirs inoubliables \u00e0 Fort pr\u00e9vel.\" \/>\n<meta name=\"robots\" content=\"index, follow, max-snippet:-1, max-image-preview:large, max-video-preview:-1\" \/>\n<link rel=\"canonical\" href=\"https:\/\/fortprevel.com\/acceuil-fort-prevel\/restaurant-le-bastion\/\" \/>\n<meta property=\"og:locale\" content=\"fr_FR\" \/>\n<meta property=\"og:type\" content=\"article\" \/>\n<meta property=\"og:title\" content=\"Restaurant Le Bastion - Fort-Pr\u00e9vel - Camping, H\u00e9bergement &amp; Golf\" \/>\n<meta property=\"og:description\" content=\"Le Bastion est ouvert ! Venez savourer une cuisine raffin\u00e9e de bord de mer et cr\u00e9er des souvenirs inoubliables \u00e0 Fort pr\u00e9vel.\" \/>\n<meta property=\"og:url\" content=\"https:\/\/fortprevel.com\/acceuil-fort-prevel\/restaurant-le-bastion\/\" \/>\n<meta property=\"og:site_name\" content=\"Fort-Pr\u00e9vel - Camping, H\u00e9bergement &amp; Golf\" \/>\n<meta property=\"article:modified_time\" content=\"2026-04-24T14:41:09+00:00\" \/>\n<meta property=\"og:image\" content=\"https:\/\/fortprevel.com\/wp-content\/uploads\/2026\/02\/AM6A1848-1440x1080.jpg\" \/>\n<meta name=\"twitter:card\" content=\"summary_large_image\" \/>\n<meta name=\"twitter:label1\" content=\"Dur\u00e9e de lecture estim\u00e9e\" \/>\n\t<meta name=\"twitter:data1\" content=\"3 minutes\" \/>\n<script type=\"application\/ld+json\" class=\"yoast-schema-graph\">{\"@context\":\"https:\/\/schema.org\",\"@graph\":[{\"@type\":\"WebPage\",\"@id\":\"https:\/\/fortprevel.com\/acceuil-fort-prevel\/restaurant-le-bastion\/\",\"url\":\"https:\/\/fortprevel.com\/acceuil-fort-prevel\/restaurant-le-bastion\/\",\"name\":\"Restaurant Le Bastion - Fort-Pr\u00e9vel - Camping, H\u00e9bergement &amp; Golf\",\"isPartOf\":{\"@id\":\"https:\/\/fortprevel.com\/acceuil-fort-prevel\/#website\"},\"primaryImageOfPage\":{\"@id\":\"https:\/\/fortprevel.com\/acceuil-fort-prevel\/restaurant-le-bastion\/#primaryimage\"},\"image\":{\"@id\":\"https:\/\/fortprevel.com\/acceuil-fort-prevel\/restaurant-le-bastion\/#primaryimage\"},\"thumbnailUrl\":\"https:\/\/fortprevel.com\/wp-content\/uploads\/2026\/02\/AM6A1848-1440x1080.jpg\",\"datePublished\":\"2024-06-04T16:15:26+00:00\",\"dateModified\":\"2026-04-24T14:41:09+00:00\",\"description\":\"Le Bastion est ouvert ! Venez savourer une cuisine raffin\u00e9e de bord de mer et cr\u00e9er des souvenirs inoubliables \u00e0 Fort pr\u00e9vel.\",\"breadcrumb\":{\"@id\":\"https:\/\/fortprevel.com\/acceuil-fort-prevel\/restaurant-le-bastion\/#breadcrumb\"},\"inLanguage\":\"fr-FR\",\"potentialAction\":[{\"@type\":\"ReadAction\",\"target\":[\"https:\/\/fortprevel.com\/acceuil-fort-prevel\/restaurant-le-bastion\/\"]}]},{\"@type\":\"ImageObject\",\"inLanguage\":\"fr-FR\",\"@id\":\"https:\/\/fortprevel.com\/acceuil-fort-prevel\/restaurant-le-bastion\/#primaryimage\",\"url\":\"https:\/\/fortprevel.com\/wp-content\/uploads\/2026\/02\/AM6A1848-1440x1080.jpg\",\"contentUrl\":\"https:\/\/fortprevel.com\/wp-content\/uploads\/2026\/02\/AM6A1848-1440x1080.jpg\"},{\"@type\":\"BreadcrumbList\",\"@id\":\"https:\/\/fortprevel.com\/acceuil-fort-prevel\/restaurant-le-bastion\/#breadcrumb\",\"itemListElement\":[{\"@type\":\"ListItem\",\"position\":1,\"name\":\"Accueil\",\"item\":\"https:\/\/fortprevel.com\/acceuil-fort-prevel\/\"},{\"@type\":\"ListItem\",\"position\":2,\"name\":\"Restaurant Le Bastion\"}]},{\"@type\":\"WebSite\",\"@id\":\"https:\/\/fortprevel.com\/acceuil-fort-prevel\/#website\",\"url\":\"https:\/\/fortprevel.com\/acceuil-fort-prevel\/\",\"name\":\"Fort-Pr\u00e9vel - Camping, H\u00e9bergement &amp; Golf\",\"description\":\"Camping, h\u00e9bergement &amp; Golf\",\"publisher\":{\"@id\":\"https:\/\/fortprevel.com\/acceuil-fort-prevel\/#organization\"},\"potentialAction\":[{\"@type\":\"SearchAction\",\"target\":{\"@type\":\"EntryPoint\",\"urlTemplate\":\"https:\/\/fortprevel.com\/acceuil-fort-prevel\/?s={search_term_string}\"},\"query-input\":{\"@type\":\"PropertyValueSpecification\",\"valueRequired\":true,\"valueName\":\"search_term_string\"}}],\"inLanguage\":\"fr-FR\"},{\"@type\":\"Organization\",\"@id\":\"https:\/\/fortprevel.com\/acceuil-fort-prevel\/#organization\",\"name\":\"Fort-Pr\u00e9vel - Camping, H\u00e9bergement &amp; Golf\",\"url\":\"https:\/\/fortprevel.com\/acceuil-fort-prevel\/\",\"logo\":{\"@type\":\"ImageObject\",\"inLanguage\":\"fr-FR\",\"@id\":\"https:\/\/fortprevel.com\/acceuil-fort-prevel\/#\/schema\/logo\/image\/\",\"url\":\"https:\/\/fortprevel.com\/wp-content\/uploads\/2023\/09\/cropped-logo-Fort-prevel-2.png\",\"contentUrl\":\"https:\/\/fortprevel.com\/wp-content\/uploads\/2023\/09\/cropped-logo-Fort-prevel-2.png\",\"width\":500,\"height\":417,\"caption\":\"Fort-Pr\u00e9vel - Camping, H\u00e9bergement &amp; Golf\"},\"image\":{\"@id\":\"https:\/\/fortprevel.com\/acceuil-fort-prevel\/#\/schema\/logo\/image\/\"}}]}<\/script>\n<!-- \/ Yoast SEO plugin. -->","yoast_head_json":{"title":"Restaurant Le Bastion - Fort-Pr\u00e9vel - Camping, H\u00e9bergement &amp; Golf","description":"Le Bastion est ouvert ! Venez savourer une cuisine raffin\u00e9e de bord de mer et cr\u00e9er des souvenirs inoubliables \u00e0 Fort pr\u00e9vel.","robots":{"index":"index","follow":"follow","max-snippet":"max-snippet:-1","max-image-preview":"max-image-preview:large","max-video-preview":"max-video-preview:-1"},"canonical":"https:\/\/fortprevel.com\/acceuil-fort-prevel\/restaurant-le-bastion\/","og_locale":"fr_FR","og_type":"article","og_title":"Restaurant Le Bastion - Fort-Pr\u00e9vel - Camping, H\u00e9bergement &amp; Golf","og_description":"Le Bastion est ouvert ! Venez savourer une cuisine raffin\u00e9e de bord de mer et cr\u00e9er des souvenirs inoubliables \u00e0 Fort pr\u00e9vel.","og_url":"https:\/\/fortprevel.com\/acceuil-fort-prevel\/restaurant-le-bastion\/","og_site_name":"Fort-Pr\u00e9vel - Camping, H\u00e9bergement &amp; Golf","article_modified_time":"2026-04-24T14:41:09+00:00","og_image":[{"url":"https:\/\/fortprevel.com\/wp-content\/uploads\/2026\/02\/AM6A1848-1440x1080.jpg","type":"","width":"","height":""}],"twitter_card":"summary_large_image","twitter_misc":{"Dur\u00e9e de lecture estim\u00e9e":"3 minutes"},"schema":{"@context":"https:\/\/schema.org","@graph":[{"@type":"WebPage","@id":"https:\/\/fortprevel.com\/acceuil-fort-prevel\/restaurant-le-bastion\/","url":"https:\/\/fortprevel.com\/acceuil-fort-prevel\/restaurant-le-bastion\/","name":"Restaurant Le Bastion - Fort-Pr\u00e9vel - Camping, H\u00e9bergement &amp; Golf","isPartOf":{"@id":"https:\/\/fortprevel.com\/acceuil-fort-prevel\/#website"},"primaryImageOfPage":{"@id":"https:\/\/fortprevel.com\/acceuil-fort-prevel\/restaurant-le-bastion\/#primaryimage"},"image":{"@id":"https:\/\/fortprevel.com\/acceuil-fort-prevel\/restaurant-le-bastion\/#primaryimage"},"thumbnailUrl":"https:\/\/fortprevel.com\/wp-content\/uploads\/2026\/02\/AM6A1848-1440x1080.jpg","datePublished":"2024-06-04T16:15:26+00:00","dateModified":"2026-04-24T14:41:09+00:00","description":"Le Bastion est ouvert ! Venez savourer une cuisine raffin\u00e9e de bord de mer et cr\u00e9er des souvenirs inoubliables \u00e0 Fort pr\u00e9vel.","breadcrumb":{"@id":"https:\/\/fortprevel.com\/acceuil-fort-prevel\/restaurant-le-bastion\/#breadcrumb"},"inLanguage":"fr-FR","potentialAction":[{"@type":"ReadAction","target":["https:\/\/fortprevel.com\/acceuil-fort-prevel\/restaurant-le-bastion\/"]}]},{"@type":"ImageObject","inLanguage":"fr-FR","@id":"https:\/\/fortprevel.com\/acceuil-fort-prevel\/restaurant-le-bastion\/#primaryimage","url":"https:\/\/fortprevel.com\/wp-content\/uploads\/2026\/02\/AM6A1848-1440x1080.jpg","contentUrl":"https:\/\/fortprevel.com\/wp-content\/uploads\/2026\/02\/AM6A1848-1440x1080.jpg"},{"@type":"BreadcrumbList","@id":"https:\/\/fortprevel.com\/acceuil-fort-prevel\/restaurant-le-bastion\/#breadcrumb","itemListElement":[{"@type":"ListItem","position":1,"name":"Accueil","item":"https:\/\/fortprevel.com\/acceuil-fort-prevel\/"},{"@type":"ListItem","position":2,"name":"Restaurant Le Bastion"}]},{"@type":"WebSite","@id":"https:\/\/fortprevel.com\/acceuil-fort-prevel\/#website","url":"https:\/\/fortprevel.com\/acceuil-fort-prevel\/","name":"Fort-Pr\u00e9vel - Camping, H\u00e9bergement &amp; Golf","description":"Camping, h\u00e9bergement &amp; Golf","publisher":{"@id":"https:\/\/fortprevel.com\/acceuil-fort-prevel\/#organization"},"potentialAction":[{"@type":"SearchAction","target":{"@type":"EntryPoint","urlTemplate":"https:\/\/fortprevel.com\/acceuil-fort-prevel\/?s={search_term_string}"},"query-input":{"@type":"PropertyValueSpecification","valueRequired":true,"valueName":"search_term_string"}}],"inLanguage":"fr-FR"},{"@type":"Organization","@id":"https:\/\/fortprevel.com\/acceuil-fort-prevel\/#organization","name":"Fort-Pr\u00e9vel - Camping, H\u00e9bergement &amp; Golf","url":"https:\/\/fortprevel.com\/acceuil-fort-prevel\/","logo":{"@type":"ImageObject","inLanguage":"fr-FR","@id":"https:\/\/fortprevel.com\/acceuil-fort-prevel\/#\/schema\/logo\/image\/","url":"https:\/\/fortprevel.com\/wp-content\/uploads\/2023\/09\/cropped-logo-Fort-prevel-2.png","contentUrl":"https:\/\/fortprevel.com\/wp-content\/uploads\/2023\/09\/cropped-logo-Fort-prevel-2.png","width":500,"height":417,"caption":"Fort-Pr\u00e9vel - Camping, H\u00e9bergement &amp; Golf"},"image":{"@id":"https:\/\/fortprevel.com\/acceuil-fort-prevel\/#\/schema\/logo\/image\/"}}]}},"_links":{"self":[{"href":"https:\/\/fortprevel.com\/acceuil-fort-prevel\/wp-json\/wp\/v2\/pages\/3365","targetHints":{"allow":["GET"]}}],"collection":[{"href":"https:\/\/fortprevel.com\/acceuil-fort-prevel\/wp-json\/wp\/v2\/pages"}],"about":[{"href":"https:\/\/fortprevel.com\/acceuil-fort-prevel\/wp-json\/wp\/v2\/types\/page"}],"author":[{"embeddable":true,"href":"https:\/\/fortprevel.com\/acceuil-fort-prevel\/wp-json\/wp\/v2\/users\/3"}],"replies":[{"embeddable":true,"href":"https:\/\/fortprevel.com\/acceuil-fort-prevel\/wp-json\/wp\/v2\/comments?post=3365"}],"version-history":[{"count":49,"href":"https:\/\/fortprevel.com\/acceuil-fort-prevel\/wp-json\/wp\/v2\/pages\/3365\/revisions"}],"predecessor-version":[{"id":5162,"href":"https:\/\/fortprevel.com\/acceuil-fort-prevel\/wp-json\/wp\/v2\/pages\/3365\/revisions\/5162"}],"wp:attachment":[{"href":"https:\/\/fortprevel.com\/acceuil-fort-prevel\/wp-json\/wp\/v2\/media?parent=3365"}],"curies":[{"name":"wp","href":"https:\/\/api.w.org\/{rel}","templated":true}]}}