{"id":3,"date":"2019-05-30T10:58:35","date_gmt":"2019-05-30T08:58:35","guid":{"rendered":"http:\/\/new.fortprevel.com\/?page_id=3"},"modified":"2026-02-04T14:33:09","modified_gmt":"2026-02-04T19:33:09","slug":"politique-de-confidentialite","status":"publish","type":"page","link":"https:\/\/fortprevel.com\/acceuil-fort-prevel\/politique-de-confidentialite\/","title":{"rendered":"Politique de confidentialit\u00e9"},"content":{"rendered":"\t\t<div data-elementor-type=\"wp-page\" data-elementor-id=\"3\" class=\"elementor elementor-3\">\n\t\t\t\t\t\t<section class=\"elementor-section elementor-top-section elementor-element elementor-element-277f4446 elementor-section-boxed elementor-section-height-default elementor-section-height-default\" data-id=\"277f4446\" data-element_type=\"section\" data-e-type=\"section\">\n\t\t\t\t\t\t<div class=\"elementor-container elementor-column-gap-default\">\n\t\t\t\t\t<div class=\"elementor-column elementor-col-100 elementor-top-column elementor-element elementor-element-5f3a6301\" data-id=\"5f3a6301\" data-element_type=\"column\" data-e-type=\"column\">\n\t\t\t<div class=\"elementor-widget-wrap elementor-element-populated\">\n\t\t\t\t\t\t<div class=\"elementor-element elementor-element-7b374d8c elementor-widget__width-initial elementor-widget elementor-widget-text-editor\" data-id=\"7b374d8c\" data-element_type=\"widget\" data-e-type=\"widget\" data-widget_type=\"text-editor.default\">\n\t\t\t\t<div class=\"elementor-widget-container\">\n\t\t\t\t\t\t\t\t\t<p>Au Fort-Pr\u00e9vel, nous reconnaissons l\u2019importance de prot\u00e9ger vos renseignements personnels et nous nous engageons \u00e0 respecter votre droit \u00e0 la vie priv\u00e9e, conform\u00e9ment aux lois applicables, notamment la Loi modernisant des dispositions l\u00e9gislatives en mati\u00e8re de protection des renseignements personnels (Loi 25).<\/p>\n<p>Cette politique vise \u00e0 vous informer de mani\u00e8re transparente sur les renseignements personnels que nous recueillons, les raisons pour lesquelles nous les utilisons, la fa\u00e7on dont ils sont prot\u00e9g\u00e9s et les droits dont vous disposez.<\/p>\n<p>En utilisant notre site Internet ou en nous transmettant vos renseignements personnels, vous acceptez les pratiques d\u00e9crites dans la pr\u00e9sente politique, mise \u00e0 jour en date du <span style=\"text-decoration: underline;\"><strong>4 f\u00e9vrier 2026<\/strong><\/span>. Fort-Pr\u00e9vel se r\u00e9serve le droit de modifier cette politique en tout temps. La version la plus r\u00e9cente sera toujours accessible sur notre site Internet.<\/p>\n<h4>COLLECTE DES RENSEIGNEMENTS PERSONNELS<\/h4>\n<p>Nous ne recueillons que les renseignements personnels n\u00e9cessaires \u00e0 la prestation de nos services et \u00e0 la gestion de notre relation avec vous.<br \/>Selon les circonstances, nous pouvons collecter :<\/p>\n<ul>\n<li>Nom et pr\u00e9nom<\/li>\n<li>Adresse postale<\/li>\n<li>Adresse \u00e9lectronique<\/li>\n<li>Num\u00e9ro(s) de t\u00e9l\u00e9phone<\/li>\n<li>Date de naissance<\/li>\n<li>Informations relatives \u00e0 une r\u00e9servation ou \u00e0 un s\u00e9jour<\/li>\n<li>Informations li\u00e9es \u00e0 l\u2019organisation d\u2019un \u00e9v\u00e9nement<\/li>\n<li>Informations requises lors de l\u2019enregistrement et du d\u00e9part<\/li>\n<li>Donn\u00e9es n\u00e9cessaires au traitement des paiements, incluant les num\u00e9ros de carte de cr\u00e9dit (\u00e0 l\u2019exception du CVV)<\/li>\n<\/ul>\n<p>Votre consentement est obtenu lorsque vous nous fournissez volontairement vos renseignements personnels, sauf dans les cas permis ou requis par la loi.<\/p>\n<p><strong>S\u00e9curit\u00e9 des paiements<\/strong><br \/>Il n\u2019est pas s\u00e9curitaire de transmettre vos informations de paiement par courriel, SMS ou via les m\u00e9dias sociaux. Veuillez utiliser uniquement notre module de r\u00e9servation s\u00e9curis\u00e9 ou communiquer avec nous par t\u00e9l\u00e9phone.<\/p>\n<p><strong>Renseignements concernant les mineurs<\/strong><br \/>Nous ne cherchons pas \u00e0 recueillir des renseignements personnels aupr\u00e8s de personnes mineures. Si de tels renseignements sont port\u00e9s \u00e0 notre attention, nous prendrons les mesures n\u00e9cessaires pour les supprimer rapidement.<\/p>\n<h4>UTILISATION DES RENSEIGNEMENTS PERSONNELS<\/h4>\n<p>Nous utilisons vos renseignements personnels notamment pour :<\/p>\n<ul>\n<li>traiter vos r\u00e9servations et transactions<\/li>\n<li>communiquer avec vous avant, pendant ou apr\u00e8s votre s\u00e9jour<\/li>\n<li>personnaliser votre exp\u00e9rience<\/li>\n<li>r\u00e9pondre \u00e0 vos demandes<\/li>\n<li>am\u00e9liorer nos services et notre site Internet<\/li>\n<li>respecter nos obligations l\u00e9gales<\/li>\n<\/ul>\n<p>Avec votre consentement, nous pouvons \u00e9galement utiliser votre adresse \u00e9lectronique pour vous transmettre des communications promotionnelles. Vous pouvez retirer votre consentement en tout temps en communiquant avec nous.<\/p>\n<p>Fort-Pr\u00e9vel ne vend pas vos renseignements personnels et ne les utilise qu\u2019aux fins pour lesquelles ils ont \u00e9t\u00e9 recueillis, \u00e0 moins d\u2019obtenir votre consentement ou lorsque la loi l\u2019autorise.<\/p>\n<h4>COMMUNICATION DES RENSEIGNEMENTS \u00c0 DES TIERS<\/h4>\n<p>Vos renseignements personnels peuvent \u00eatre communiqu\u00e9s \u00e0 certains fournisseurs de services (ex. : plateforme de r\u00e9servation, processeur de paiement, services technologiques) lorsque cela est n\u00e9cessaire \u00e0 nos op\u00e9rations. Ces tiers sont tenus de pr\u00e9server la confidentialit\u00e9 de vos renseignements et de les utiliser uniquement aux fins convenues.<\/p>\n<p>Dans certaines situations, nous pourrions \u00e9galement divulguer vos renseignements lorsque la loi l\u2019exige ou pour prot\u00e9ger des droits, des biens ou la s\u00e9curit\u00e9.<\/p>\n<h4>CONSERVATION DES RENSEIGNEMENTS<\/h4>\n<p>Nous conservons vos renseignements personnels uniquement pour la dur\u00e9e n\u00e9cessaire aux fins pour lesquelles ils ont \u00e9t\u00e9 collect\u00e9s, ainsi que pour respecter nos obligations l\u00e9gales, fiscales et r\u00e9glementaires. Une fois cette p\u00e9riode \u00e9coul\u00e9e, les renseignements sont d\u00e9truits ou anonymis\u00e9s de fa\u00e7on s\u00e9curitaire.<\/p>\n<h4>VOS DROITS<\/h4>\n<p>Conform\u00e9ment \u00e0 la Loi 25, vous disposez notamment des droits suivants :<\/p>\n<ul>\n<li>acc\u00e9der \u00e0 vos renseignements personnels<\/li>\n<li>demander la rectification de renseignements inexacts ou incomplets<\/li>\n<li>retirer votre consentement \u00e0 l\u2019utilisation de vos renseignements (dans certaines limites)<\/li>\n<li>demander la suppression de vos renseignements lorsque cela est permis<\/li>\n<li>d\u00e9poser une plainte relative \u00e0 la protection de vos renseignements<\/li>\n<\/ul>\n<p>Pour exercer ces droits, veuillez communiquer avec notre responsable de la protection des renseignements personnels (coordonn\u00e9es ci-dessous).<br \/>Veuillez noter que certaines informations peuvent \u00eatre conserv\u00e9es dans des copies de sauvegarde lorsque requis pour des raisons techniques, l\u00e9gales ou op\u00e9rationnelles.<\/p>\n<h4>PROTECTION DES RENSEIGNEMENTS PERSONNELS<\/h4>\n<p>Nous appliquons des mesures de s\u00e9curit\u00e9 physiques, administratives et technologiques conformes aux meilleures pratiques de l\u2019industrie afin de prot\u00e9ger vos renseignements contre :<\/p>\n<ul>\n<li>l\u2019acc\u00e8s non autoris\u00e9<\/li>\n<li>la perte ou le vol<\/li>\n<li>la divulgation<\/li>\n<li>la reproduction ou<\/li>\n<li>l\u2019utilisation non permise<\/li>\n<\/ul>\n<p>L\u2019acc\u00e8s aux renseignements personnels est limit\u00e9 aux membres du personnel qui en ont besoin dans l\u2019exercice de leurs fonctions.<br \/>Nous respectons \u00e9galement les normes de s\u00e9curit\u00e9 applicables aux paiements \u00e9lectroniques, notamment les normes PCI.<\/p>\n<h4>R\u00c9SERVATIONS EFFECTU\u00c9ES PAR UN TIERS<\/h4>\n<p>Si une r\u00e9servation est effectu\u00e9e en votre nom par un tiers (membre de la famille, ami, coll\u00e8gue ou agence), nous consid\u00e9rons que cette personne a obtenu votre consentement pour nous fournir vos renseignements personnels.<\/p>\n<p>Toute personne disposant des informations n\u00e9cessaires \u00e0 votre r\u00e9servation pourrait \u00eatre autoris\u00e9e \u00e0 la modifier, sauf indication contraire de votre part.<\/p>\n<h4>T\u00c9MOINS (COOKIES) ET TECHNOLOGIES DE NAVIGATION<\/h4>\n<p>Notre site Internet utilise des t\u00e9moins et des technologies similaires afin de :<\/p>\n<ul>\n<li>assurer le bon fonctionnement du site<\/li>\n<li>analyser l\u2019achalandage<\/li>\n<li>am\u00e9liorer l\u2019exp\u00e9rience utilisateur<\/li>\n<\/ul>\n<p>Les informations recueillies peuvent inclure :<\/p>\n<ul>\n<li>adresse IP<\/li>\n<li>type de navigateur<\/li>\n<li>langue<\/li>\n<li>pages consult\u00e9es<\/li>\n<li>sites r\u00e9f\u00e9rents<\/li>\n<\/ul>\n<p>Ces donn\u00e9es sont g\u00e9n\u00e9ralement anonymes.<\/p>\n<p>Vous pouvez configurer votre navigateur pour refuser les t\u00e9moins; toutefois, certaines fonctionnalit\u00e9s du site pourraient \u00eatre limit\u00e9es.<\/p>\n<h4>M\u00c9DIAS SOCIAUX<\/h4>\n<p>Notre site peut int\u00e9grer des fonctionnalit\u00e9s de m\u00e9dias sociaux (par exemple, le bouton \u00ab J\u2019aime \u00bb). Ces outils peuvent recueillir certaines informations et installer des t\u00e9moins.<\/p>\n<p>Vos interactions avec ces fonctionnalit\u00e9s sont r\u00e9gies par les politiques de confidentialit\u00e9 des entreprises qui les fournissent.<\/p>\n<p>Si vous publiez des renseignements personnels sur des espaces publics comme des forums ou des commentaires, ces informations peuvent \u00eatre vues et utilis\u00e9es par d\u2019autres utilisateurs. Fort-Pr\u00e9vel ne peut \u00eatre tenu responsable de telles utilisations.<\/p>\n<h4>INCIDENTS DE CONFIDENTIALIT\u00c9<\/h4>\n<p>Advenant un incident pr\u00e9sentant un risque de pr\u00e9judice s\u00e9rieux, nous prendrons les mesures n\u00e9cessaires pour :<\/p>\n<ul>\n<li>limiter les impacts<\/li>\n<li>aviser les personnes concern\u00e9es lorsque requis<\/li>\n<li>informer la Commission d\u2019acc\u00e8s \u00e0 l\u2019information, conform\u00e9ment \u00e0 la loi<\/li>\n<\/ul>\n<h4>RESPONSABLE DE LA PROTECTION DES RENSEIGNEMENTS PERSONNELS<\/h4>\n<p>Pour toute question, demande ou plainte relative \u00e0 vos renseignements personnels, veuillez contacter :<\/p>\n<p>Tania Minville Blanchette<br \/>Fort-Pr\u00e9vel<br \/>2053, boulevard de Douglas<br \/>Gasp\u00e9 (Qu\u00e9bec) G4X 2W9<br \/>tania@fortprevel.com<br \/>418-368-6957<\/p>\t\t\t\t\t\t\t\t<\/div>\n\t\t\t\t<\/div>\n\t\t\t\t\t<\/div>\n\t\t<\/div>\n\t\t\t\t\t<\/div>\n\t\t<\/section>\n\t\t\t\t<\/div>\n\t\t","protected":false},"excerpt":{"rendered":"<p>Au Fort-Pr\u00e9vel, nous reconnaissons l\u2019importance de prot\u00e9ger vos renseignements personnels et nous nous engageons \u00e0 respecter votre droit \u00e0 la vie priv\u00e9e, conform\u00e9ment aux lois applicables, notamment la Loi modernisant des dispositions l\u00e9gislatives en mati\u00e8re de protection des renseignements personnels &hellip; <a href=\"https:\/\/fortprevel.com\/acceuil-fort-prevel\/politique-de-confidentialite\/\">Read More<\/a><\/p>\n","protected":false},"author":1,"featured_media":0,"parent":0,"menu_order":12,"comment_status":"closed","ping_status":"closed","template":"","meta":{"footnotes":""},"class_list":["post-3","page","type-page","status-publish","hentry"],"yoast_head":"<!-- This site is optimized with the Yoast SEO plugin v26.8 - https:\/\/yoast.com\/product\/yoast-seo-wordpress\/ -->\n<title>Politique de confidentialit\u00e9 - Fort-Pr\u00e9vel - Camping, H\u00e9bergement &amp; Golf<\/title>\n<meta name=\"robots\" content=\"index, follow, max-snippet:-1, max-image-preview:large, max-video-preview:-1\" \/>\n<link rel=\"canonical\" href=\"https:\/\/fortprevel.com\/acceuil-fort-prevel\/politique-de-confidentialite\/\" \/>\n<meta property=\"og:locale\" content=\"fr_FR\" \/>\n<meta property=\"og:type\" content=\"article\" \/>\n<meta property=\"og:title\" content=\"Politique de confidentialit\u00e9 - Fort-Pr\u00e9vel - Camping, H\u00e9bergement &amp; Golf\" \/>\n<meta property=\"og:description\" content=\"Au Fort-Pr\u00e9vel, nous reconnaissons l\u2019importance de prot\u00e9ger vos renseignements personnels et nous nous engageons \u00e0 respecter votre droit \u00e0 la vie priv\u00e9e, conform\u00e9ment aux lois applicables, notamment la Loi modernisant des dispositions l\u00e9gislatives en mati\u00e8re de protection des renseignements personnels &hellip; Read More\" \/>\n<meta property=\"og:url\" content=\"https:\/\/fortprevel.com\/acceuil-fort-prevel\/politique-de-confidentialite\/\" \/>\n<meta property=\"og:site_name\" content=\"Fort-Pr\u00e9vel - Camping, H\u00e9bergement &amp; Golf\" \/>\n<meta property=\"article:modified_time\" content=\"2026-02-04T19:33:09+00:00\" \/>\n<meta name=\"twitter:card\" content=\"summary_large_image\" \/>\n<meta name=\"twitter:label1\" content=\"Dur\u00e9e de lecture estim\u00e9e\" \/>\n\t<meta name=\"twitter:data1\" content=\"6 minutes\" \/>\n<script type=\"application\/ld+json\" class=\"yoast-schema-graph\">{\"@context\":\"https:\/\/schema.org\",\"@graph\":[{\"@type\":\"WebPage\",\"@id\":\"https:\/\/fortprevel.com\/acceuil-fort-prevel\/politique-de-confidentialite\/\",\"url\":\"https:\/\/fortprevel.com\/acceuil-fort-prevel\/politique-de-confidentialite\/\",\"name\":\"Politique de confidentialit\u00e9 - Fort-Pr\u00e9vel - Camping, H\u00e9bergement &amp; Golf\",\"isPartOf\":{\"@id\":\"https:\/\/fortprevel.com\/acceuil-fort-prevel\/#website\"},\"datePublished\":\"2019-05-30T08:58:35+00:00\",\"dateModified\":\"2026-02-04T19:33:09+00:00\",\"breadcrumb\":{\"@id\":\"https:\/\/fortprevel.com\/acceuil-fort-prevel\/politique-de-confidentialite\/#breadcrumb\"},\"inLanguage\":\"fr-FR\",\"potentialAction\":[{\"@type\":\"ReadAction\",\"target\":[\"https:\/\/fortprevel.com\/acceuil-fort-prevel\/politique-de-confidentialite\/\"]}]},{\"@type\":\"BreadcrumbList\",\"@id\":\"https:\/\/fortprevel.com\/acceuil-fort-prevel\/politique-de-confidentialite\/#breadcrumb\",\"itemListElement\":[{\"@type\":\"ListItem\",\"position\":1,\"name\":\"Accueil\",\"item\":\"https:\/\/fortprevel.com\/acceuil-fort-prevel\/\"},{\"@type\":\"ListItem\",\"position\":2,\"name\":\"Politique de confidentialit\u00e9\"}]},{\"@type\":\"WebSite\",\"@id\":\"https:\/\/fortprevel.com\/acceuil-fort-prevel\/#website\",\"url\":\"https:\/\/fortprevel.com\/acceuil-fort-prevel\/\",\"name\":\"Fort-Pr\u00e9vel - Camping, H\u00e9bergement &amp; Golf\",\"description\":\"Camping, h\u00e9bergement &amp; Golf\",\"publisher\":{\"@id\":\"https:\/\/fortprevel.com\/acceuil-fort-prevel\/#organization\"},\"potentialAction\":[{\"@type\":\"SearchAction\",\"target\":{\"@type\":\"EntryPoint\",\"urlTemplate\":\"https:\/\/fortprevel.com\/acceuil-fort-prevel\/?s={search_term_string}\"},\"query-input\":{\"@type\":\"PropertyValueSpecification\",\"valueRequired\":true,\"valueName\":\"search_term_string\"}}],\"inLanguage\":\"fr-FR\"},{\"@type\":\"Organization\",\"@id\":\"https:\/\/fortprevel.com\/acceuil-fort-prevel\/#organization\",\"name\":\"Fort-Pr\u00e9vel - Camping, H\u00e9bergement &amp; Golf\",\"url\":\"https:\/\/fortprevel.com\/acceuil-fort-prevel\/\",\"logo\":{\"@type\":\"ImageObject\",\"inLanguage\":\"fr-FR\",\"@id\":\"https:\/\/fortprevel.com\/acceuil-fort-prevel\/#\/schema\/logo\/image\/\",\"url\":\"https:\/\/fortprevel.com\/wp-content\/uploads\/2023\/09\/cropped-logo-Fort-prevel-2.png\",\"contentUrl\":\"https:\/\/fortprevel.com\/wp-content\/uploads\/2023\/09\/cropped-logo-Fort-prevel-2.png\",\"width\":500,\"height\":417,\"caption\":\"Fort-Pr\u00e9vel - Camping, H\u00e9bergement &amp; Golf\"},\"image\":{\"@id\":\"https:\/\/fortprevel.com\/acceuil-fort-prevel\/#\/schema\/logo\/image\/\"}}]}<\/script>\n<!-- \/ Yoast SEO plugin. -->","yoast_head_json":{"title":"Politique de confidentialit\u00e9 - Fort-Pr\u00e9vel - Camping, H\u00e9bergement &amp; Golf","robots":{"index":"index","follow":"follow","max-snippet":"max-snippet:-1","max-image-preview":"max-image-preview:large","max-video-preview":"max-video-preview:-1"},"canonical":"https:\/\/fortprevel.com\/acceuil-fort-prevel\/politique-de-confidentialite\/","og_locale":"fr_FR","og_type":"article","og_title":"Politique de confidentialit\u00e9 - Fort-Pr\u00e9vel - Camping, H\u00e9bergement &amp; Golf","og_description":"Au Fort-Pr\u00e9vel, nous reconnaissons l\u2019importance de prot\u00e9ger vos renseignements personnels et nous nous engageons \u00e0 respecter votre droit \u00e0 la vie priv\u00e9e, conform\u00e9ment aux lois applicables, notamment la Loi modernisant des dispositions l\u00e9gislatives en mati\u00e8re de protection des renseignements personnels &hellip; Read More","og_url":"https:\/\/fortprevel.com\/acceuil-fort-prevel\/politique-de-confidentialite\/","og_site_name":"Fort-Pr\u00e9vel - Camping, H\u00e9bergement &amp; Golf","article_modified_time":"2026-02-04T19:33:09+00:00","twitter_card":"summary_large_image","twitter_misc":{"Dur\u00e9e de lecture estim\u00e9e":"6 minutes"},"schema":{"@context":"https:\/\/schema.org","@graph":[{"@type":"WebPage","@id":"https:\/\/fortprevel.com\/acceuil-fort-prevel\/politique-de-confidentialite\/","url":"https:\/\/fortprevel.com\/acceuil-fort-prevel\/politique-de-confidentialite\/","name":"Politique de confidentialit\u00e9 - Fort-Pr\u00e9vel - Camping, H\u00e9bergement &amp; Golf","isPartOf":{"@id":"https:\/\/fortprevel.com\/acceuil-fort-prevel\/#website"},"datePublished":"2019-05-30T08:58:35+00:00","dateModified":"2026-02-04T19:33:09+00:00","breadcrumb":{"@id":"https:\/\/fortprevel.com\/acceuil-fort-prevel\/politique-de-confidentialite\/#breadcrumb"},"inLanguage":"fr-FR","potentialAction":[{"@type":"ReadAction","target":["https:\/\/fortprevel.com\/acceuil-fort-prevel\/politique-de-confidentialite\/"]}]},{"@type":"BreadcrumbList","@id":"https:\/\/fortprevel.com\/acceuil-fort-prevel\/politique-de-confidentialite\/#breadcrumb","itemListElement":[{"@type":"ListItem","position":1,"name":"Accueil","item":"https:\/\/fortprevel.com\/acceuil-fort-prevel\/"},{"@type":"ListItem","position":2,"name":"Politique de confidentialit\u00e9"}]},{"@type":"WebSite","@id":"https:\/\/fortprevel.com\/acceuil-fort-prevel\/#website","url":"https:\/\/fortprevel.com\/acceuil-fort-prevel\/","name":"Fort-Pr\u00e9vel - Camping, H\u00e9bergement &amp; Golf","description":"Camping, h\u00e9bergement &amp; Golf","publisher":{"@id":"https:\/\/fortprevel.com\/acceuil-fort-prevel\/#organization"},"potentialAction":[{"@type":"SearchAction","target":{"@type":"EntryPoint","urlTemplate":"https:\/\/fortprevel.com\/acceuil-fort-prevel\/?s={search_term_string}"},"query-input":{"@type":"PropertyValueSpecification","valueRequired":true,"valueName":"search_term_string"}}],"inLanguage":"fr-FR"},{"@type":"Organization","@id":"https:\/\/fortprevel.com\/acceuil-fort-prevel\/#organization","name":"Fort-Pr\u00e9vel - Camping, H\u00e9bergement &amp; Golf","url":"https:\/\/fortprevel.com\/acceuil-fort-prevel\/","logo":{"@type":"ImageObject","inLanguage":"fr-FR","@id":"https:\/\/fortprevel.com\/acceuil-fort-prevel\/#\/schema\/logo\/image\/","url":"https:\/\/fortprevel.com\/wp-content\/uploads\/2023\/09\/cropped-logo-Fort-prevel-2.png","contentUrl":"https:\/\/fortprevel.com\/wp-content\/uploads\/2023\/09\/cropped-logo-Fort-prevel-2.png","width":500,"height":417,"caption":"Fort-Pr\u00e9vel - Camping, H\u00e9bergement &amp; Golf"},"image":{"@id":"https:\/\/fortprevel.com\/acceuil-fort-prevel\/#\/schema\/logo\/image\/"}}]}},"_links":{"self":[{"href":"https:\/\/fortprevel.com\/acceuil-fort-prevel\/wp-json\/wp\/v2\/pages\/3","targetHints":{"allow":["GET"]}}],"collection":[{"href":"https:\/\/fortprevel.com\/acceuil-fort-prevel\/wp-json\/wp\/v2\/pages"}],"about":[{"href":"https:\/\/fortprevel.com\/acceuil-fort-prevel\/wp-json\/wp\/v2\/types\/page"}],"author":[{"embeddable":true,"href":"https:\/\/fortprevel.com\/acceuil-fort-prevel\/wp-json\/wp\/v2\/users\/1"}],"replies":[{"embeddable":true,"href":"https:\/\/fortprevel.com\/acceuil-fort-prevel\/wp-json\/wp\/v2\/comments?post=3"}],"version-history":[{"count":13,"href":"https:\/\/fortprevel.com\/acceuil-fort-prevel\/wp-json\/wp\/v2\/pages\/3\/revisions"}],"predecessor-version":[{"id":4340,"href":"https:\/\/fortprevel.com\/acceuil-fort-prevel\/wp-json\/wp\/v2\/pages\/3\/revisions\/4340"}],"wp:attachment":[{"href":"https:\/\/fortprevel.com\/acceuil-fort-prevel\/wp-json\/wp\/v2\/media?parent=3"}],"curies":[{"name":"wp","href":"https:\/\/api.w.org\/{rel}","templated":true}]}}