{"id":2305,"date":"2024-03-19T14:43:21","date_gmt":"2024-03-19T18:43:21","guid":{"rendered":"https:\/\/fortprevel.com\/?page_id=2305"},"modified":"2024-03-19T16:16:52","modified_gmt":"2024-03-19T20:16:52","slug":"simulateur-golf","status":"publish","type":"page","link":"https:\/\/fortprevel.com\/acceuil-fort-prevel\/golf\/simulateur-golf\/","title":{"rendered":"Simulateur de golf"},"content":{"rendered":"\t\t<div data-elementor-type=\"wp-post\" data-elementor-id=\"2305\" class=\"elementor elementor-2305\">\n\t\t\t\t\t\t<section class=\"elementor-section elementor-top-section elementor-element elementor-element-9bd5855 elementor-section-height-min-height elementor-section-full_width elementor-section-height-default elementor-section-items-middle elementor-invisible\" data-id=\"9bd5855\" data-element_type=\"section\" data-e-type=\"section\" data-settings=\"{&quot;background_background&quot;:&quot;classic&quot;,&quot;animation&quot;:&quot;fadeIn&quot;}\">\n\t\t\t\t\t\t\t<div class=\"elementor-background-overlay\"><\/div>\n\t\t\t\t\t\t\t<div class=\"elementor-container elementor-column-gap-default\">\n\t\t\t\t\t<div class=\"elementor-column elementor-col-100 elementor-top-column elementor-element elementor-element-15026703\" data-id=\"15026703\" data-element_type=\"column\" data-e-type=\"column\">\n\t\t\t<div class=\"elementor-widget-wrap elementor-element-populated\">\n\t\t\t\t\t\t<section class=\"elementor-section elementor-inner-section elementor-element elementor-element-38627aad elementor-section-boxed elementor-section-height-default elementor-section-height-default\" data-id=\"38627aad\" data-element_type=\"section\" data-e-type=\"section\">\n\t\t\t\t\t\t<div class=\"elementor-container elementor-column-gap-default\">\n\t\t\t\t\t<div class=\"elementor-column elementor-col-100 elementor-inner-column elementor-element elementor-element-2e12449a\" data-id=\"2e12449a\" data-element_type=\"column\" data-e-type=\"column\">\n\t\t\t<div class=\"elementor-widget-wrap elementor-element-populated\">\n\t\t\t\t\t\t<div class=\"elementor-element elementor-element-1e15048d elementor-view-default elementor-position-top elementor-invisible elementor-widget elementor-widget-themo-header\" data-id=\"1e15048d\" data-element_type=\"widget\" data-e-type=\"widget\" data-settings=\"{&quot;_animation&quot;:&quot;fadeInUp&quot;,&quot;_animation_delay&quot;:600}\" data-widget_type=\"themo-header.default\">\n\t\t\t\t<div class=\"elementor-widget-container\">\n\t\t\t\t\t\t\t<div class=\"th-header-wrap\">\r\n        <div class=\"elementor-icon-box-wrapper th-show-icon\">\r\n                            <div class=\"elementor-icon-box-icon th-icon-size-lg\">\r\n                    <span class=\"elementor-icon \">\r\n                        <i aria-hidden=\"true\" class=\"th-golf golfpack th-golf golfpack-golfer\"><\/i>                    <\/span>\r\n                <\/div>\r\n                                <div class=\"elementor-icon-box-content\">\r\n                    <h1 class=\"elementor-icon-box-title\">\r\n                        Simulateur de golf                    <\/h1>\r\n                                        <p class=\"elementor-icon-box-description\">Pratiquez votre swing, quelle que soit la m\u00e9t\u00e9o.<\/p>\r\n\r\n                                    <\/div>\r\n            <\/div>\r\n\r\n        <\/div>\r\n\r\n\t\t\t\t\t\t<\/div>\n\t\t\t\t<\/div>\n\t\t\t\t\t<\/div>\n\t\t<\/div>\n\t\t\t\t\t<\/div>\n\t\t<\/section>\n\t\t\t\t<div class=\"elementor-element elementor-element-4eda88b th-btn-align-center elementor-widget elementor-widget-themo-button\" data-id=\"4eda88b\" data-element_type=\"widget\" data-e-type=\"widget\" data-widget_type=\"themo-button.default\">\n\t\t\t\t<div class=\"elementor-widget-container\">\n\t\t\t\t\t\r\n                \t\t\t<a class=\"btn-1 btn th-btn btn-standard-dark\" href=\"tel:418-368-6957\" target=\"_blank\">\r\n\t\t\t\t\t\t\t\t\tR\u00c9SERVEZ PAR T\u00c9L\u00c9PHONE\t\t\t\t\t\t\t<\/a>\r\n\t\t\r\n        \r\n\t\t\t\t\t\t<\/div>\n\t\t\t\t<\/div>\n\t\t\t\t\t<\/div>\n\t\t<\/div>\n\t\t\t\t\t<\/div>\n\t\t<\/section>\n\t\t\t\t<section class=\"elementor-section elementor-top-section elementor-element elementor-element-5beaad9 elementor-section-boxed elementor-section-height-default elementor-section-height-default\" data-id=\"5beaad9\" data-element_type=\"section\" data-e-type=\"section\" data-settings=\"{&quot;background_background&quot;:&quot;classic&quot;}\">\n\t\t\t\t\t\t<div class=\"elementor-container elementor-column-gap-default\">\n\t\t\t\t\t<div class=\"elementor-column elementor-col-100 elementor-top-column elementor-element elementor-element-39e3ffc8\" data-id=\"39e3ffc8\" data-element_type=\"column\" data-e-type=\"column\">\n\t\t\t<div class=\"elementor-widget-wrap elementor-element-populated\">\n\t\t\t\t\t\t<div class=\"elementor-element elementor-element-77fd6c4 elementor-view-default elementor-position-top elementor-widget elementor-widget-themo-header\" data-id=\"77fd6c4\" data-element_type=\"widget\" data-e-type=\"widget\" data-widget_type=\"themo-header.default\">\n\t\t\t\t<div class=\"elementor-widget-container\">\n\t\t\t\t\t\t\t<div class=\"th-header-wrap\">\r\n        <div class=\"elementor-icon-box-wrapper \">\r\n                            <div class=\"elementor-icon-box-content\">\r\n                    <h2 class=\"elementor-icon-box-title\">\r\n                        Venez d\u00e9couvrir le tout nouveau simulateur de golf \u00e0 Fort Pr\u00e9vel !                    <\/h2>\r\n                                            <span class=\"th-header-divider\"><\/span>\r\n                                        <p class=\"elementor-icon-box-description\">Nous sommes ravis de vous annoncer l'arriv\u00e9e d'une nouveaut\u00e9 exceptionnelle \u00e0 Fort Pr\u00e9vel : notre tout nouveau simulateur de golf de pointe ! Cet \u00e9quipement de derni\u00e8re g\u00e9n\u00e9ration vous offre une exp\u00e9rience de jeu incomparable, quelle que soit la m\u00e9t\u00e9o.\n\nPourquoi venir essayer notre simulateur ?\n\nR\u00e9alisme \u00e9poustouflant : Gr\u00e2ce \u00e0 la technologie avanc\u00e9e, vivez une exp\u00e9rience de jeu si r\u00e9elle que vous aurez l'impression d'\u00eatre sur le green.\n\nEntra\u00eenement toute l'ann\u00e9e : Ne laissez plus la m\u00e9t\u00e9o interrompre votre entra\u00eenement. Avec notre simulateur, pratiquez votre swing en toutes saisons.\n\nActivit\u00e9 familiale ou entre amis : Que vous soyez d\u00e9butant ou joueur exp\u00e9riment\u00e9, partagez un moment de convivialit\u00e9 et de challenge avec vos proches.\n\nNous vous attendons avec impatience \u00e0 Fort Pr\u00e9vel pour partager ensemble des moments inoubliables sur notre simulateur de golf.\n\nVeuillez prendre rendez-vous au 1-418-368-6957 ou reservation@fortprevel.com<\/p>\r\n\r\n                                    <\/div>\r\n            <\/div>\r\n\r\n        <\/div>\r\n\r\n\t\t\t\t\t\t<\/div>\n\t\t\t\t<\/div>\n\t\t\t\t<div class=\"elementor-element elementor-element-19e846c th-btn-align-center elementor-widget elementor-widget-themo-button\" data-id=\"19e846c\" data-element_type=\"widget\" data-e-type=\"widget\" data-widget_type=\"themo-button.default\">\n\t\t\t\t<div class=\"elementor-widget-container\">\n\t\t\t\t\t\r\n                \t\t\t<a class=\"btn-1 btn th-btn btn-standard-dark\" href=\"tel:418-368-6957\" target=\"_blank\">\r\n\t\t\t\t\t\t\t\t\tR\u00c9SERVEZ PAR T\u00c9L\u00c9PHONE\t\t\t\t\t\t\t<\/a>\r\n\t\t\r\n        \r\n\t\t\t\t\t\t<\/div>\n\t\t\t\t<\/div>\n\t\t\t\t\t<\/div>\n\t\t<\/div>\n\t\t\t\t\t<\/div>\n\t\t<\/section>\n\t\t\t\t<section class=\"elementor-section elementor-top-section elementor-element elementor-element-528cc393 elementor-section-boxed elementor-section-height-default elementor-section-height-default\" data-id=\"528cc393\" data-element_type=\"section\" data-e-type=\"section\" id=\"green-fees\" data-settings=\"{&quot;background_background&quot;:&quot;classic&quot;}\">\n\t\t\t\t\t\t<div class=\"elementor-container elementor-column-gap-default\">\n\t\t\t\t\t<div class=\"elementor-column elementor-col-100 elementor-top-column elementor-element elementor-element-7e5c1ab4\" data-id=\"7e5c1ab4\" data-element_type=\"column\" data-e-type=\"column\">\n\t\t\t<div class=\"elementor-widget-wrap elementor-element-populated\">\n\t\t\t\t\t\t<div class=\"elementor-element elementor-element-74c58f0a elementor-widget elementor-widget-spacer\" data-id=\"74c58f0a\" data-element_type=\"widget\" data-e-type=\"widget\" data-widget_type=\"spacer.default\">\n\t\t\t\t<div class=\"elementor-widget-container\">\n\t\t\t\t\t\t\t<div class=\"elementor-spacer\">\n\t\t\t<div class=\"elementor-spacer-inner\"><\/div>\n\t\t<\/div>\n\t\t\t\t\t\t<\/div>\n\t\t\t\t<\/div>\n\t\t\t\t<div class=\"elementor-element elementor-element-d9e1338 elementor-view-default elementor-position-top elementor-widget elementor-widget-themo-header\" data-id=\"d9e1338\" data-element_type=\"widget\" data-e-type=\"widget\" data-widget_type=\"themo-header.default\">\n\t\t\t\t<div class=\"elementor-widget-container\">\n\t\t\t\t\t\t\t<div class=\"th-header-wrap\">\r\n        <div class=\"elementor-icon-box-wrapper \">\r\n                            <div class=\"elementor-icon-box-content\">\r\n                    <h2 class=\"elementor-icon-box-title\">\r\n                        Tarification                    <\/h2>\r\n                                            <span class=\"th-header-divider\"><\/span>\r\n                                        <p class=\"elementor-icon-box-description\"><\/p>\r\n\r\n                                    <\/div>\r\n            <\/div>\r\n\r\n        <\/div>\r\n\r\n\t\t\t\t\t\t<\/div>\n\t\t\t\t<\/div>\n\t\t\t\t<section class=\"elementor-section elementor-inner-section elementor-element elementor-element-53bd1398 elementor-section-boxed elementor-section-height-default elementor-section-height-default\" data-id=\"53bd1398\" data-element_type=\"section\" data-e-type=\"section\">\n\t\t\t\t\t\t<div class=\"elementor-container elementor-column-gap-default\">\n\t\t\t\t\t<div class=\"elementor-column elementor-col-100 elementor-inner-column elementor-element elementor-element-4974fb49\" data-id=\"4974fb49\" data-element_type=\"column\" data-e-type=\"column\">\n\t\t\t<div class=\"elementor-widget-wrap\">\n\t\t\t\t\t\t\t<\/div>\n\t\t<\/div>\n\t\t\t\t\t<\/div>\n\t\t<\/section>\n\t\t\t\t\t<\/div>\n\t\t<\/div>\n\t\t\t\t\t<\/div>\n\t\t<\/section>\n\t\t\t\t<section class=\"elementor-section elementor-top-section elementor-element elementor-element-5dfe3ed4 elementor-section-boxed elementor-section-height-default elementor-section-height-default\" data-id=\"5dfe3ed4\" data-element_type=\"section\" data-e-type=\"section\" data-settings=\"{&quot;background_background&quot;:&quot;classic&quot;}\">\n\t\t\t\t\t\t<div class=\"elementor-container elementor-column-gap-default\">\n\t\t\t\t\t<div class=\"elementor-column elementor-col-100 elementor-top-column elementor-element elementor-element-42b1c7d\" data-id=\"42b1c7d\" data-element_type=\"column\" data-e-type=\"column\">\n\t\t\t<div class=\"elementor-widget-wrap elementor-element-populated\">\n\t\t\t\t\t\t<div class=\"elementor-element elementor-element-f8ca905 elementor-invisible elementor-widget elementor-widget-themo-pricing-list\" data-id=\"f8ca905\" data-element_type=\"widget\" data-e-type=\"widget\" data-settings=\"{&quot;_animation&quot;:&quot;fadeInRight&quot;}\" data-widget_type=\"themo-pricing-list.default\">\n\t\t\t\t<div class=\"elementor-widget-container\">\n\t\t\t\t\t                <div class=\"th-price-list th-show-divider\">\r\n\r\n                    \r\n                        \r\n\r\n                        \r\n\r\n\r\n                        <div class=\"th-plist-item\">\r\n                            \r\n                                                                    <span class=\"th-plist-title\">Membre<\/span>\r\n                                \r\n                                                                    <div class=\"th-plist-content\">\r\n                                                                                    <span class=\"th-plist-subtitle\">R\u00e9servations par t\u00e9l\u00e9phone au 1-418-368-6957<\/span>\r\n                                        \r\n                                                                            <\/div>\r\n                                \r\n                                                                                                            <div class=\"th-plist-price\">\r\n                                                                                            <span class=\"th-plist-price-number\">20$ + tx<\/span>\r\n                                                                                                                                        <span class=\"th-plist-price-text\">PAR PERSONNE<\/span>\r\n                                                                                    <\/div>\r\n                                                                    \r\n                                                        <\/div>\r\n\r\n\r\n\r\n                    \r\n                        \r\n\r\n                        \r\n\r\n\r\n                        <div class=\"th-plist-item\">\r\n                            \r\n                                                                    <span class=\"th-plist-title\">Non membre<\/span>\r\n                                \r\n                                                                    <div class=\"th-plist-content\">\r\n                                                                                    <span class=\"th-plist-subtitle\">R\u00e9servations par t\u00e9l\u00e9phone au 1-418-368-6957<\/span>\r\n                                        \r\n                                                                            <\/div>\r\n                                \r\n                                                                                                            <div class=\"th-plist-price\">\r\n                                                                                            <span class=\"th-plist-price-number\">30$ + tx<\/span>\r\n                                                                                                                                        <span class=\"th-plist-price-text\">PAR PERSONNE<\/span>\r\n                                                                                    <\/div>\r\n                                                                    \r\n                                                        <\/div>\r\n\r\n\r\n\r\n                    \r\n                <\/div>\r\n\r\n            \r\n\r\n\r\n        \r\n\t\t\t\t\t\t<\/div>\n\t\t\t\t<\/div>\n\t\t\t\t\t<\/div>\n\t\t<\/div>\n\t\t\t\t\t<\/div>\n\t\t<\/section>\n\t\t\t\t<\/div>\n\t\t","protected":false},"excerpt":{"rendered":"<p>Simulateur de golf Pratiquez votre swing, quelle que soit la m\u00e9t\u00e9o. R\u00c9SERVEZ PAR T\u00c9L\u00c9PHONE Venez d\u00e9couvrir le tout nouveau simulateur de golf \u00e0 Fort Pr\u00e9vel ! Nous sommes ravis de vous annoncer l&#8217;arriv\u00e9e d&#8217;une nouveaut\u00e9 exceptionnelle \u00e0 Fort Pr\u00e9vel : &hellip; <a href=\"https:\/\/fortprevel.com\/acceuil-fort-prevel\/golf\/simulateur-golf\/\">Read More<\/a><\/p>\n","protected":false},"author":3,"featured_media":0,"parent":61,"menu_order":16,"comment_status":"closed","ping_status":"closed","template":"","meta":{"footnotes":""},"class_list":["post-2305","page","type-page","status-publish","hentry"],"yoast_head":"<!-- This site is optimized with the Yoast SEO plugin v26.8 - https:\/\/yoast.com\/product\/yoast-seo-wordpress\/ -->\n<title>Simulateur de golf - Fort-Pr\u00e9vel - Camping, H\u00e9bergement &amp; Golf<\/title>\n<meta name=\"description\" content=\"Venez d\u00e9couvrir notre tout nouveau simulateur de golf ! Vous pourrez pratiquer votre swing, quelle que soit la m\u00e9t\u00e9o.\" \/>\n<meta name=\"robots\" content=\"index, follow, max-snippet:-1, max-image-preview:large, max-video-preview:-1\" \/>\n<link rel=\"canonical\" href=\"https:\/\/fortprevel.com\/acceuil-fort-prevel\/golf\/simulateur-golf\/\" \/>\n<meta property=\"og:locale\" content=\"fr_FR\" \/>\n<meta property=\"og:type\" content=\"article\" \/>\n<meta property=\"og:title\" content=\"Simulateur de golf - Fort-Pr\u00e9vel - Camping, H\u00e9bergement &amp; Golf\" \/>\n<meta property=\"og:description\" content=\"Venez d\u00e9couvrir notre tout nouveau simulateur de golf ! Vous pourrez pratiquer votre swing, quelle que soit la m\u00e9t\u00e9o.\" \/>\n<meta property=\"og:url\" content=\"https:\/\/fortprevel.com\/acceuil-fort-prevel\/golf\/simulateur-golf\/\" \/>\n<meta property=\"og:site_name\" content=\"Fort-Pr\u00e9vel - Camping, H\u00e9bergement &amp; Golf\" \/>\n<meta property=\"article:modified_time\" content=\"2024-03-19T20:16:52+00:00\" \/>\n<meta name=\"twitter:card\" content=\"summary_large_image\" \/>\n<meta name=\"twitter:label1\" content=\"Dur\u00e9e de lecture estim\u00e9e\" \/>\n\t<meta name=\"twitter:data1\" content=\"1 minute\" \/>\n<script type=\"application\/ld+json\" class=\"yoast-schema-graph\">{\"@context\":\"https:\/\/schema.org\",\"@graph\":[{\"@type\":\"WebPage\",\"@id\":\"https:\/\/fortprevel.com\/acceuil-fort-prevel\/golf\/simulateur-golf\/\",\"url\":\"https:\/\/fortprevel.com\/acceuil-fort-prevel\/golf\/simulateur-golf\/\",\"name\":\"Simulateur de golf - Fort-Pr\u00e9vel - Camping, H\u00e9bergement &amp; Golf\",\"isPartOf\":{\"@id\":\"https:\/\/fortprevel.com\/acceuil-fort-prevel\/#website\"},\"datePublished\":\"2024-03-19T18:43:21+00:00\",\"dateModified\":\"2024-03-19T20:16:52+00:00\",\"description\":\"Venez d\u00e9couvrir notre tout nouveau simulateur de golf ! Vous pourrez pratiquer votre swing, quelle que soit la m\u00e9t\u00e9o.\",\"breadcrumb\":{\"@id\":\"https:\/\/fortprevel.com\/acceuil-fort-prevel\/golf\/simulateur-golf\/#breadcrumb\"},\"inLanguage\":\"fr-FR\",\"potentialAction\":[{\"@type\":\"ReadAction\",\"target\":[\"https:\/\/fortprevel.com\/acceuil-fort-prevel\/golf\/simulateur-golf\/\"]}]},{\"@type\":\"BreadcrumbList\",\"@id\":\"https:\/\/fortprevel.com\/acceuil-fort-prevel\/golf\/simulateur-golf\/#breadcrumb\",\"itemListElement\":[{\"@type\":\"ListItem\",\"position\":1,\"name\":\"Accueil\",\"item\":\"https:\/\/fortprevel.com\/acceuil-fort-prevel\/\"},{\"@type\":\"ListItem\",\"position\":2,\"name\":\"Golf sur mer\",\"item\":\"https:\/\/fortprevel.com\/acceuil-fort-prevel\/golf\/\"},{\"@type\":\"ListItem\",\"position\":3,\"name\":\"Simulateur de golf\"}]},{\"@type\":\"WebSite\",\"@id\":\"https:\/\/fortprevel.com\/acceuil-fort-prevel\/#website\",\"url\":\"https:\/\/fortprevel.com\/acceuil-fort-prevel\/\",\"name\":\"Fort-Pr\u00e9vel - Camping, H\u00e9bergement &amp; Golf\",\"description\":\"Camping, h\u00e9bergement &amp; Golf\",\"publisher\":{\"@id\":\"https:\/\/fortprevel.com\/acceuil-fort-prevel\/#organization\"},\"potentialAction\":[{\"@type\":\"SearchAction\",\"target\":{\"@type\":\"EntryPoint\",\"urlTemplate\":\"https:\/\/fortprevel.com\/acceuil-fort-prevel\/?s={search_term_string}\"},\"query-input\":{\"@type\":\"PropertyValueSpecification\",\"valueRequired\":true,\"valueName\":\"search_term_string\"}}],\"inLanguage\":\"fr-FR\"},{\"@type\":\"Organization\",\"@id\":\"https:\/\/fortprevel.com\/acceuil-fort-prevel\/#organization\",\"name\":\"Fort-Pr\u00e9vel - Camping, H\u00e9bergement &amp; Golf\",\"url\":\"https:\/\/fortprevel.com\/acceuil-fort-prevel\/\",\"logo\":{\"@type\":\"ImageObject\",\"inLanguage\":\"fr-FR\",\"@id\":\"https:\/\/fortprevel.com\/acceuil-fort-prevel\/#\/schema\/logo\/image\/\",\"url\":\"https:\/\/fortprevel.com\/wp-content\/uploads\/2023\/09\/cropped-logo-Fort-prevel-2.png\",\"contentUrl\":\"https:\/\/fortprevel.com\/wp-content\/uploads\/2023\/09\/cropped-logo-Fort-prevel-2.png\",\"width\":500,\"height\":417,\"caption\":\"Fort-Pr\u00e9vel - Camping, H\u00e9bergement &amp; Golf\"},\"image\":{\"@id\":\"https:\/\/fortprevel.com\/acceuil-fort-prevel\/#\/schema\/logo\/image\/\"}}]}<\/script>\n<!-- \/ Yoast SEO plugin. -->","yoast_head_json":{"title":"Simulateur de golf - Fort-Pr\u00e9vel - Camping, H\u00e9bergement &amp; Golf","description":"Venez d\u00e9couvrir notre tout nouveau simulateur de golf ! Vous pourrez pratiquer votre swing, quelle que soit la m\u00e9t\u00e9o.","robots":{"index":"index","follow":"follow","max-snippet":"max-snippet:-1","max-image-preview":"max-image-preview:large","max-video-preview":"max-video-preview:-1"},"canonical":"https:\/\/fortprevel.com\/acceuil-fort-prevel\/golf\/simulateur-golf\/","og_locale":"fr_FR","og_type":"article","og_title":"Simulateur de golf - Fort-Pr\u00e9vel - Camping, H\u00e9bergement &amp; Golf","og_description":"Venez d\u00e9couvrir notre tout nouveau simulateur de golf ! Vous pourrez pratiquer votre swing, quelle que soit la m\u00e9t\u00e9o.","og_url":"https:\/\/fortprevel.com\/acceuil-fort-prevel\/golf\/simulateur-golf\/","og_site_name":"Fort-Pr\u00e9vel - Camping, H\u00e9bergement &amp; Golf","article_modified_time":"2024-03-19T20:16:52+00:00","twitter_card":"summary_large_image","twitter_misc":{"Dur\u00e9e de lecture estim\u00e9e":"1 minute"},"schema":{"@context":"https:\/\/schema.org","@graph":[{"@type":"WebPage","@id":"https:\/\/fortprevel.com\/acceuil-fort-prevel\/golf\/simulateur-golf\/","url":"https:\/\/fortprevel.com\/acceuil-fort-prevel\/golf\/simulateur-golf\/","name":"Simulateur de golf - Fort-Pr\u00e9vel - Camping, H\u00e9bergement &amp; Golf","isPartOf":{"@id":"https:\/\/fortprevel.com\/acceuil-fort-prevel\/#website"},"datePublished":"2024-03-19T18:43:21+00:00","dateModified":"2024-03-19T20:16:52+00:00","description":"Venez d\u00e9couvrir notre tout nouveau simulateur de golf ! Vous pourrez pratiquer votre swing, quelle que soit la m\u00e9t\u00e9o.","breadcrumb":{"@id":"https:\/\/fortprevel.com\/acceuil-fort-prevel\/golf\/simulateur-golf\/#breadcrumb"},"inLanguage":"fr-FR","potentialAction":[{"@type":"ReadAction","target":["https:\/\/fortprevel.com\/acceuil-fort-prevel\/golf\/simulateur-golf\/"]}]},{"@type":"BreadcrumbList","@id":"https:\/\/fortprevel.com\/acceuil-fort-prevel\/golf\/simulateur-golf\/#breadcrumb","itemListElement":[{"@type":"ListItem","position":1,"name":"Accueil","item":"https:\/\/fortprevel.com\/acceuil-fort-prevel\/"},{"@type":"ListItem","position":2,"name":"Golf sur mer","item":"https:\/\/fortprevel.com\/acceuil-fort-prevel\/golf\/"},{"@type":"ListItem","position":3,"name":"Simulateur de golf"}]},{"@type":"WebSite","@id":"https:\/\/fortprevel.com\/acceuil-fort-prevel\/#website","url":"https:\/\/fortprevel.com\/acceuil-fort-prevel\/","name":"Fort-Pr\u00e9vel - Camping, H\u00e9bergement &amp; Golf","description":"Camping, h\u00e9bergement &amp; Golf","publisher":{"@id":"https:\/\/fortprevel.com\/acceuil-fort-prevel\/#organization"},"potentialAction":[{"@type":"SearchAction","target":{"@type":"EntryPoint","urlTemplate":"https:\/\/fortprevel.com\/acceuil-fort-prevel\/?s={search_term_string}"},"query-input":{"@type":"PropertyValueSpecification","valueRequired":true,"valueName":"search_term_string"}}],"inLanguage":"fr-FR"},{"@type":"Organization","@id":"https:\/\/fortprevel.com\/acceuil-fort-prevel\/#organization","name":"Fort-Pr\u00e9vel - Camping, H\u00e9bergement &amp; Golf","url":"https:\/\/fortprevel.com\/acceuil-fort-prevel\/","logo":{"@type":"ImageObject","inLanguage":"fr-FR","@id":"https:\/\/fortprevel.com\/acceuil-fort-prevel\/#\/schema\/logo\/image\/","url":"https:\/\/fortprevel.com\/wp-content\/uploads\/2023\/09\/cropped-logo-Fort-prevel-2.png","contentUrl":"https:\/\/fortprevel.com\/wp-content\/uploads\/2023\/09\/cropped-logo-Fort-prevel-2.png","width":500,"height":417,"caption":"Fort-Pr\u00e9vel - Camping, H\u00e9bergement &amp; Golf"},"image":{"@id":"https:\/\/fortprevel.com\/acceuil-fort-prevel\/#\/schema\/logo\/image\/"}}]}},"_links":{"self":[{"href":"https:\/\/fortprevel.com\/acceuil-fort-prevel\/wp-json\/wp\/v2\/pages\/2305","targetHints":{"allow":["GET"]}}],"collection":[{"href":"https:\/\/fortprevel.com\/acceuil-fort-prevel\/wp-json\/wp\/v2\/pages"}],"about":[{"href":"https:\/\/fortprevel.com\/acceuil-fort-prevel\/wp-json\/wp\/v2\/types\/page"}],"author":[{"embeddable":true,"href":"https:\/\/fortprevel.com\/acceuil-fort-prevel\/wp-json\/wp\/v2\/users\/3"}],"replies":[{"embeddable":true,"href":"https:\/\/fortprevel.com\/acceuil-fort-prevel\/wp-json\/wp\/v2\/comments?post=2305"}],"version-history":[{"count":19,"href":"https:\/\/fortprevel.com\/acceuil-fort-prevel\/wp-json\/wp\/v2\/pages\/2305\/revisions"}],"predecessor-version":[{"id":2328,"href":"https:\/\/fortprevel.com\/acceuil-fort-prevel\/wp-json\/wp\/v2\/pages\/2305\/revisions\/2328"}],"up":[{"embeddable":true,"href":"https:\/\/fortprevel.com\/acceuil-fort-prevel\/wp-json\/wp\/v2\/pages\/61"}],"wp:attachment":[{"href":"https:\/\/fortprevel.com\/acceuil-fort-prevel\/wp-json\/wp\/v2\/media?parent=2305"}],"curies":[{"name":"wp","href":"https:\/\/api.w.org\/{rel}","templated":true}]}}